{"id":28928,"date":"2019-09-12T13:06:10","date_gmt":"2019-09-12T13:06:10","guid":{"rendered":"https:\/\/dinocloud.com\/?page_id=28928"},"modified":"2021-10-07T18:58:03","modified_gmt":"2021-10-07T18:58:03","slug":"pagos360-com","status":"publish","type":"page","link":"https:\/\/dinocloud.com\/es\/pagos360-com\/","title":{"rendered":"Pagos360.com"},"content":{"rendered":"\n<section class=\"wp-block-uagb-section uagb-section__wrap uagb-section__background-undefined uagb-block-a052741c pt-5 pb-5\"><div class=\"uagb-section__overlay\"><\/div><div class=\"uagb-section__inner-wrap\">\n<p><strong>Pagos360.com<\/strong> ofrece soluciones de procesamiento de pagos digitales para empresas. Con su plataforma cualquier organizaci\u00f3n puede comenzar a recibir pagos en l\u00ednea con tarjetas de cr\u00e9dito, tarjetas de d\u00e9bito, redes bancarias y no bancarias, simplificando el saldo en una cuenta unificada.<\/p>\n\n\n\n<p>La compa\u00f1\u00eda incluye servicios que facilitan la integraci\u00f3n de nuevos m\u00e9todos de pago y tecnolog\u00edas innovadoras, mejorando la experiencia de pago en el cliente.<\/p>\n\n\n\n<p><\/p>\n\n\n\n<div style=\"height:50px\" aria-hidden=\"true\" class=\"wp-block-spacer\"><\/div>\n\n\n\n<figure class=\"wp-block-embed is-type-video is-provider-youtube wp-block-embed-youtube wp-embed-aspect-16-9 wp-has-aspect-ratio\"><div class=\"wp-block-embed__wrapper\">\n<iframe title=\"Caso de \u00e9xito DinoCloud - Pagos360.com\" width=\"500\" height=\"281\" src=\"https:\/\/www.youtube.com\/embed\/uVYwjtc4_p0?feature=oembed\" frameborder=\"0\" allow=\"accelerometer; autoplay; clipboard-write; encrypted-media; gyroscope; picture-in-picture; web-share\" referrerpolicy=\"strict-origin-when-cross-origin\" allowfullscreen><\/iframe>\n<\/div><\/figure>\n\n\n\n<div style=\"height:50px\" aria-hidden=\"true\" class=\"wp-block-spacer\"><\/div>\n\n\n\n<div id=\"vc_row-5ea665951a838\" class=\"vc_row wpb_row vc_row-fluid wpb_animate_when_almost_visible wpb_bounceInLeft bounceInLeft wpb_start_animation animated\">\n<div class=\"wpb_column vc_column_container vc_col-sm-12\">\n<div class=\"vc_column-inner \">\n<div class=\"wpb_wrapper\">\n<div id=\"vc_row-5ea6669cd91d7\" class=\"vc_row wpb_row vc_row-fluid\">\n<div class=\"wpb_column vc_column_container vc_col-sm-12\">\n<div class=\"vc_column-inner \">\n<div class=\"wpb_wrapper\">\n<div class=\"wpb_text_column wpb_content_element  wpb_animate_when_almost_visible wpb_bounceInLeft bounceInLeft wpb_start_animation animated\">\n<div class=\"wpb_wrapper\">\n<p class=\"c-mrkdwn__pre\" data-stringify-type=\"pre\">Desde 2014, ofrecen soluciones <strong>fintech<\/strong>, creando nuevos ecosistemas de pago que responden a los crecientes requisitos de seguridad y cumplimiento de los est\u00e1ndares de la industria.<\/p>\n<p data-stringify-type=\"pre\">\n<\/p><\/div>\n<\/div>\n<\/div>\n<\/div>\n<\/div>\n<\/div>\n<div id=\"vc_row-5ea6b2fcd8ae7\" class=\"vc_row wpb_row vc_row-fluid wpb_animate_when_almost_visible wpb_bounceInLeft bounceInLeft wpb_start_animation animated\">\n<div class=\"wpb_column vc_column_container vc_col-sm-12\">\n<div class=\"vc_column-inner \">\n<div class=\"wpb_wrapper\">\n<div class=\"wpb_text_column wpb_content_element \">\n<div class=\"wpb_wrapper\">\n<h5 class=\"c-mrkdwn__pre\" data-stringify-type=\"pre\">EL DESAF\u00cdO<\/h5>\n<\/div>\n<\/div>\n<\/div>\n<\/div>\n<\/div>\n<\/div>\n<div id=\"vc_row-5ea6b2fcd8ecd\" class=\"vc_row wpb_row vc_row-fluid wpb_animate_when_almost_visible wpb_bounceInLeft bounceInLeft wpb_start_animation animated\">\n<div class=\"wpb_column vc_column_container vc_col-sm-12\">\n<div class=\"vc_column-inner \">\n<div class=\"wpb_wrapper\">\n<div class=\"wpb_text_column wpb_content_element \">\n<div class=\"wpb_wrapper\">\n<p>Trabajamos juntos en dos hitos diferentes. Una fue la etapa llamada<strong> DevOps transformation,<\/strong>&nbsp;donde colaboramos en todos los procesos DevOps y la madurez de la infraestructura. En este hito, el objetivo principal era crear un proceso 100% automatizado, desde la creaci\u00f3n de la infraestructura hasta el despliegue de producci\u00f3n, sin intervenci\u00f3n humana.<\/p>\n<p>En una segunda etapa, el cliente decidi\u00f3 realizar una revisi\u00f3n bien dise\u00f1ada con DinoCloud, aprovechando la oportunidad de una relaci\u00f3n con un partner autorizado. En esta ocasi\u00f3n, decidieron priorizar las mejoras en seguridad, excelencia operativa y confiabilidad, con el objetivo de remediar el 20% de los riesgos en un mes.<\/p>\n<\/div>\n<\/div>\n<\/div>\n<\/div>\n<\/div>\n<\/div>\n<\/div>\n<\/div>\n<\/div>\n<\/div>\n<\/div><\/section>\n\n\n","protected":false},"excerpt":{"rendered":"","protected":false},"author":18,"featured_media":0,"parent":0,"menu_order":0,"comment_status":"closed","ping_status":"closed","template":"templates\/full-width-page.php","meta":{"content-type":"","_uag_custom_page_level_css":"","advgb_blocks_editor_width":"","advgb_blocks_columns_visual_guide":"","footnotes":""},"class_list":["post-28928","page","type-page","status-publish","hentry"],"acf":[],"yoast_head":"<!-- This site is optimized with the Yoast SEO plugin v26.5 - https:\/\/yoast.com\/wordpress\/plugins\/seo\/ -->\n<title>Pagos360.com | DinoCloud Casos de \u00e9xito | Mir\u00e1 Nuestras Historias<\/title>\n<meta name=\"description\" content=\"Con nuestro cliente, Pagos360.com, trabajamos sobre dos hitos: DevOps transformation y una revisi\u00f3n bien dise\u00f1ada por DinoCloud.\" \/>\n<meta name=\"robots\" content=\"index, follow, max-snippet:-1, max-image-preview:large, max-video-preview:-1\" \/>\n<link rel=\"canonical\" href=\"https:\/\/dinocloud.com\/es\/pagos360-com\/\" \/>\n<meta property=\"og:locale\" content=\"es_ES\" \/>\n<meta property=\"og:type\" content=\"article\" \/>\n<meta property=\"og:title\" content=\"Pagos360.com | DinoCloud Casos de \u00e9xito | Mir\u00e1 Nuestras Historias\" \/>\n<meta property=\"og:description\" content=\"Con nuestro cliente, Pagos360.com, trabajamos sobre dos hitos: DevOps transformation y una revisi\u00f3n bien dise\u00f1ada por DinoCloud.\" \/>\n<meta property=\"og:url\" content=\"https:\/\/dinocloud.com\/es\/pagos360-com\/\" \/>\n<meta property=\"og:site_name\" content=\"DinoCloud\" \/>\n<meta property=\"article:publisher\" content=\"https:\/\/www.facebook.com\/dinocloudcons\" \/>\n<meta property=\"article:modified_time\" content=\"2021-10-07T18:58:03+00:00\" \/>\n<meta name=\"twitter:card\" content=\"summary_large_image\" \/>\n<meta name=\"twitter:site\" content=\"@dinocloud_\" \/>\n<meta name=\"twitter:label1\" content=\"Tiempo de lectura\" \/>\n\t<meta name=\"twitter:data1\" content=\"1 minuto\" \/>\n<script type=\"application\/ld+json\" class=\"yoast-schema-graph\">{\"@context\":\"https:\/\/schema.org\",\"@graph\":[{\"@type\":\"WebPage\",\"@id\":\"https:\/\/dinocloud.com\/es\/pagos360-com\/\",\"url\":\"https:\/\/dinocloud.com\/es\/pagos360-com\/\",\"name\":\"Pagos360.com | DinoCloud Casos de \u00e9xito | Mir\u00e1 Nuestras Historias\",\"isPartOf\":{\"@id\":\"https:\/\/dinocloud.com\/es\/#website\"},\"datePublished\":\"2019-09-12T13:06:10+00:00\",\"dateModified\":\"2021-10-07T18:58:03+00:00\",\"description\":\"Con nuestro cliente, Pagos360.com, trabajamos sobre dos hitos: DevOps transformation y una revisi\u00f3n bien dise\u00f1ada por DinoCloud.\",\"breadcrumb\":{\"@id\":\"https:\/\/dinocloud.com\/es\/pagos360-com\/#breadcrumb\"},\"inLanguage\":\"es\",\"potentialAction\":[{\"@type\":\"ReadAction\",\"target\":[\"https:\/\/dinocloud.com\/es\/pagos360-com\/\"]}]},{\"@type\":\"BreadcrumbList\",\"@id\":\"https:\/\/dinocloud.com\/es\/pagos360-com\/#breadcrumb\",\"itemListElement\":[{\"@type\":\"ListItem\",\"position\":1,\"name\":\"Home\",\"item\":\"https:\/\/dinocloud.com\/es\/\"},{\"@type\":\"ListItem\",\"position\":2,\"name\":\"Pagos360.com\"}]},{\"@type\":\"WebSite\",\"@id\":\"https:\/\/dinocloud.com\/es\/#website\",\"url\":\"https:\/\/dinocloud.com\/es\/\",\"name\":\"DinoCloud\",\"description\":\"cloud computing devops services cloud engineering\",\"publisher\":{\"@id\":\"https:\/\/dinocloud.com\/es\/#organization\"},\"potentialAction\":[{\"@type\":\"SearchAction\",\"target\":{\"@type\":\"EntryPoint\",\"urlTemplate\":\"https:\/\/dinocloud.com\/es\/?s={search_term_string}\"},\"query-input\":{\"@type\":\"PropertyValueSpecification\",\"valueRequired\":true,\"valueName\":\"search_term_string\"}}],\"inLanguage\":\"es\"},{\"@type\":\"Organization\",\"@id\":\"https:\/\/dinocloud.com\/es\/#organization\",\"name\":\"DinoCloud\",\"url\":\"https:\/\/dinocloud.com\/es\/\",\"logo\":{\"@type\":\"ImageObject\",\"inLanguage\":\"es\",\"@id\":\"https:\/\/dinocloud.com\/es\/#\/schema\/logo\/image\/\",\"url\":\"\",\"contentUrl\":\"\",\"caption\":\"DinoCloud\"},\"image\":{\"@id\":\"https:\/\/dinocloud.com\/es\/#\/schema\/logo\/image\/\"},\"sameAs\":[\"https:\/\/www.facebook.com\/dinocloudcons\",\"https:\/\/x.com\/dinocloud_\",\"https:\/\/www.instagram.com\/dinocloud_\/\",\"https:\/\/www.linkedin.com\/company\/dinocloud\",\"https:\/\/www.youtube.com\/c\/DinoCloudConsulting\"]}]}<\/script>\n<!-- \/ Yoast SEO plugin. -->","yoast_head_json":{"title":"Pagos360.com | DinoCloud Casos de \u00e9xito | Mir\u00e1 Nuestras Historias","description":"Con nuestro cliente, Pagos360.com, trabajamos sobre dos hitos: DevOps transformation y una revisi\u00f3n bien dise\u00f1ada por DinoCloud.","robots":{"index":"index","follow":"follow","max-snippet":"max-snippet:-1","max-image-preview":"max-image-preview:large","max-video-preview":"max-video-preview:-1"},"canonical":"https:\/\/dinocloud.com\/es\/pagos360-com\/","og_locale":"es_ES","og_type":"article","og_title":"Pagos360.com | DinoCloud Casos de \u00e9xito | Mir\u00e1 Nuestras Historias","og_description":"Con nuestro cliente, Pagos360.com, trabajamos sobre dos hitos: DevOps transformation y una revisi\u00f3n bien dise\u00f1ada por DinoCloud.","og_url":"https:\/\/dinocloud.com\/es\/pagos360-com\/","og_site_name":"DinoCloud","article_publisher":"https:\/\/www.facebook.com\/dinocloudcons","article_modified_time":"2021-10-07T18:58:03+00:00","twitter_card":"summary_large_image","twitter_site":"@dinocloud_","twitter_misc":{"Tiempo de lectura":"1 minuto"},"schema":{"@context":"https:\/\/schema.org","@graph":[{"@type":"WebPage","@id":"https:\/\/dinocloud.com\/es\/pagos360-com\/","url":"https:\/\/dinocloud.com\/es\/pagos360-com\/","name":"Pagos360.com | DinoCloud Casos de \u00e9xito | Mir\u00e1 Nuestras Historias","isPartOf":{"@id":"https:\/\/dinocloud.com\/es\/#website"},"datePublished":"2019-09-12T13:06:10+00:00","dateModified":"2021-10-07T18:58:03+00:00","description":"Con nuestro cliente, Pagos360.com, trabajamos sobre dos hitos: DevOps transformation y una revisi\u00f3n bien dise\u00f1ada por DinoCloud.","breadcrumb":{"@id":"https:\/\/dinocloud.com\/es\/pagos360-com\/#breadcrumb"},"inLanguage":"es","potentialAction":[{"@type":"ReadAction","target":["https:\/\/dinocloud.com\/es\/pagos360-com\/"]}]},{"@type":"BreadcrumbList","@id":"https:\/\/dinocloud.com\/es\/pagos360-com\/#breadcrumb","itemListElement":[{"@type":"ListItem","position":1,"name":"Home","item":"https:\/\/dinocloud.com\/es\/"},{"@type":"ListItem","position":2,"name":"Pagos360.com"}]},{"@type":"WebSite","@id":"https:\/\/dinocloud.com\/es\/#website","url":"https:\/\/dinocloud.com\/es\/","name":"DinoCloud","description":"cloud computing devops services cloud engineering","publisher":{"@id":"https:\/\/dinocloud.com\/es\/#organization"},"potentialAction":[{"@type":"SearchAction","target":{"@type":"EntryPoint","urlTemplate":"https:\/\/dinocloud.com\/es\/?s={search_term_string}"},"query-input":{"@type":"PropertyValueSpecification","valueRequired":true,"valueName":"search_term_string"}}],"inLanguage":"es"},{"@type":"Organization","@id":"https:\/\/dinocloud.com\/es\/#organization","name":"DinoCloud","url":"https:\/\/dinocloud.com\/es\/","logo":{"@type":"ImageObject","inLanguage":"es","@id":"https:\/\/dinocloud.com\/es\/#\/schema\/logo\/image\/","url":"","contentUrl":"","caption":"DinoCloud"},"image":{"@id":"https:\/\/dinocloud.com\/es\/#\/schema\/logo\/image\/"},"sameAs":["https:\/\/www.facebook.com\/dinocloudcons","https:\/\/x.com\/dinocloud_","https:\/\/www.instagram.com\/dinocloud_\/","https:\/\/www.linkedin.com\/company\/dinocloud","https:\/\/www.youtube.com\/c\/DinoCloudConsulting"]}]}},"uagb_featured_image_src":{"full":false,"thumbnail":false,"medium":false,"medium_large":false,"large":false,"1536x1536":false,"2048x2048":false},"uagb_author_info":{"display_name":"Gonzalo Puig","author_link":"https:\/\/dinocloud.com\/es\/author\/gonzalo\/"},"uagb_comment_info":0,"uagb_excerpt":null,"coauthors":[],"author_meta":{"author_link":"https:\/\/dinocloud.com\/es\/author\/gonzalo\/","display_name":"Gonzalo Puig"},"relative_dates":{"created":"Publicado 7 a\u00f1os hace","modified":"Actualizado 5 a\u00f1os hace"},"absolute_dates":{"created":"Publicado el septiembre 12, 2019","modified":"Actualizado el octubre 7, 2021"},"absolute_dates_time":{"created":"Publicado el septiembre 12, 2019 1:06 pm","modified":"Actualizado el octubre 7, 2021 6:58 pm"},"featured_img_caption":"","featured_img":false,"series_order":"","_links":{"self":[{"href":"https:\/\/dinocloud.com\/es\/wp-json\/wp\/v2\/pages\/28928","targetHints":{"allow":["GET"]}}],"collection":[{"href":"https:\/\/dinocloud.com\/es\/wp-json\/wp\/v2\/pages"}],"about":[{"href":"https:\/\/dinocloud.com\/es\/wp-json\/wp\/v2\/types\/page"}],"author":[{"embeddable":true,"href":"https:\/\/dinocloud.com\/es\/wp-json\/wp\/v2\/users\/18"}],"replies":[{"embeddable":true,"href":"https:\/\/dinocloud.com\/es\/wp-json\/wp\/v2\/comments?post=28928"}],"version-history":[{"count":0,"href":"https:\/\/dinocloud.com\/es\/wp-json\/wp\/v2\/pages\/28928\/revisions"}],"wp:attachment":[{"href":"https:\/\/dinocloud.com\/es\/wp-json\/wp\/v2\/media?parent=28928"}],"curies":[{"name":"wp","href":"https:\/\/api.w.org\/{rel}","templated":true}]}}