{"id":28944,"date":"2019-09-17T16:08:19","date_gmt":"2019-09-17T16:08:19","guid":{"rendered":"https:\/\/dinocloud.com\/?page_id=28944"},"modified":"2021-07-28T13:28:38","modified_gmt":"2021-07-28T13:28:38","slug":"sytex-esp","status":"publish","type":"page","link":"https:\/\/dinocloud.com\/es\/sytex-esp\/","title":{"rendered":"Sytex"},"content":{"rendered":"\n<section class=\"wp-block-uagb-section uagb-section__wrap uagb-section__background-undefined uagb-block-8b2b19f1 pt-5 pb-5\"><div class=\"uagb-section__overlay\"><\/div><div class=\"uagb-section__inner-wrap\">\n<h4><img decoding=\"async\" class=\"alignnone size-full wp-image-30168\" src=\"https:\/\/dinocloud.com\/wp-content\/uploads\/2020\/04\/consapp5-cde-1.png\" alt=\"\" width=\"272\" height=\"182\"><\/h4>\n<div class=\"wpb_column vc_column_container vc_col-sm-10\">\n<div class=\"vc_column-inner \">\n<div class=\"wpb_wrapper\">\n<div class=\"wpb_text_column wpb_content_element \">\n<div class=\"wpb_wrapper\">\n<h4><b>SOBRE Sytex<\/b><\/h4>\n<\/div>\n<\/div>\n<div class=\"wpb_text_column wpb_content_element \">\n<div class=\"wpb_wrapper\">\n<p>Basada en Argentina, Sytex es una herramienta SaaS para manejo de proyectos de telecomunicaciones, la cual provee soporte a equipos para asignar recursos, definir procesos y planificar servicios asegurando un control de punta a punta.<\/p>\n<p>Su cliente principal es Claro (Argentina), proveedor destacado en servicios de telefon\u00eda m\u00f3vil en el pa\u00eds, que utiliza Sytex para administrar, entre otros requerimientos, sus proyectos y su red de telefon\u00eda.<\/p>\n<p>Sytex no pretende simplemente asistir a sus clientes con un simple producto Saas estable para manejo de proyectos, sino que busca brindar calidad, seguridad, performance y confiabilidad, asegurando la confianza de los usuarios. Trabajando en conjunto con DinoCloud y AWS Well-Architected\u2122 Framework, fueron capaces de implementar una nueva soluci\u00f3n que mejor\u00f3 estas diferentes \u00e1reas y servicio a sus clientes.<\/p>\n<\/div>\n<\/div>\n<\/div>\n<\/div>\n<\/div>\n<h4>&nbsp;<\/h4>\n<div id=\"vc_row-5ea6b49f3cb2e\" class=\"vc_row wpb_row vc_row-fluid wpb_animate_when_almost_visible wpb_bounceInRight bounceInRight wpb_start_animation animated\">\n<div class=\"wpb_column vc_column_container vc_col-sm-10\">\n<div class=\"vc_column-inner \">\n<div class=\"wpb_wrapper\">\n<div class=\"wpb_text_column wpb_content_element \">\n<div class=\"wpb_wrapper\">\n<h4><b>Tecnolog\u00edas usadas<\/b><\/h4>\n<\/div>\n<\/div>\n<div class=\"wpb_text_column wpb_content_element \">\n<div class=\"wpb_wrapper\">\n<p>Amazon VPC, Amazon EC2, Amazon EKS, Amazon S3, Amazon CloudFront, Amazon GuardDuty, AWS WAF, AWS Secrets Manager, Terraform, Docker, Kubernetes, Gitlab, Helm, Helmfile, ChartMuseum, DataDog.<\/p>\n<\/div>\n<\/div>\n<\/div>\n<\/div>\n<\/div>\n<div class=\"wpb_column vc_column_container vc_col-sm-2\">\n<div class=\"vc_column-inner \">\n<div class=\"wpb_wrapper\">&nbsp;<\/div>\n<\/div>\n<\/div>\n<\/div>\n<div id=\"vc_row-5ea6b49f3d075\" class=\"vc_row wpb_row vc_row-fluid wpb_animate_when_almost_visible wpb_bounceInLeft bounceInLeft wpb_start_animation animated\">\n<div class=\"wpb_column vc_column_container vc_col-sm-10\">\n<div class=\"vc_column-inner \">\n<div class=\"wpb_wrapper\">\n<div class=\"wpb_text_column wpb_content_element \">\n<div class=\"wpb_wrapper\">\n<h4><b>EL DESAF\u00cdO<\/b><\/h4>\n<\/div>\n<\/div>\n<div class=\"wpb_text_column wpb_content_element \">\n<div class=\"wpb_wrapper\">\n<p>Para poder mantener la confiabilidad de sus clientes, incluso durante el crecimiento de su portfolio, fue necesaria la capacidad de escalar a lo largo del tiempo y automatizar todos los procesos de integraci\u00f3n, despliegue, y operaciones de su producto.<\/p>\n<p>Hasta aquel momento, el proceso para detectar downtime era la misma llamada del cliente que estaba teniendo problemas, y su pipeline de despliegue consist\u00eda en desarrolladores accediendo a las instancias y descargando los parches.<br>Sytex pretend\u00eda alcanzar una nueva infraestructura confiable, automatizada, escalable, competente y segura para enfrentar sus nuevos hitos.<\/p>\n<\/div>\n<\/div>\n<\/div>\n<\/div>\n<\/div>\n<\/div>\n<div class=\"wpb_column vc_column_container vc_col-sm-8\">\n<div class=\"vc_column-inner \">\n<div class=\"wpb_wrapper\">\n<div class=\"wpb_text_column wpb_content_element \">\n<div class=\"wpb_wrapper\">\n<h4><b>Nuestro ENFOQUE<\/b><\/h4>\n<\/div>\n<\/div>\n<div class=\"wpb_text_column wpb_content_element \">\n<div class=\"wpb_wrapper\">\n<p>En primer lugar.<\/p>\n<p>Para desarrollar un proceso de integraci\u00f3n y despliegue completamente automatizados, necesit\u00e1bamos primero automatizar la creaci\u00f3n de infraestructura.<\/p>\n<p>El equipo se encontraba limitado a llevar a cabo cambios manuales a trav\u00e9s de la consola de AWS.<img fetchpriority=\"high\" decoding=\"async\" class=\"size-medium wp-image-30359 alignright\" src=\"https:\/\/dinocloud.com\/wp-content\/uploads\/2020\/04\/devops-300x300.jpg\" alt=\"\" width=\"300\" height=\"300\" srcset=\"https:\/\/dinocloud.com\/wp-content\/uploads\/2020\/04\/devops.jpg 300w, https:\/\/dinocloud.com\/wp-content\/uploads\/2020\/04\/devops-150x150.jpg 150w\" sizes=\"(max-width: 300px) 100vw, 300px\" \/><\/p>\n<p>La nueva arquitectura migr\u00f3 desde contenedores individuales desplegados en instancias EC2, usando EKS como servicio fundamental, y charts de Helm para despliegue y manejo de configuraciones.<\/p>\n<p>Todos los clientes fueron migrados a nueva arquitectura bajo un enfoque automatizado y escalable, asegurando que los recursos fueran capaces de crecer seg\u00fan la demanda de tr\u00e1fico.<\/p>\n<\/div>\n<\/div>\n<\/div>\n<\/div>\n<\/div>\n<div id=\"vc_row-5ea6b49f3ea97\" class=\"vc_row wpb_row vc_row-fluid wpb_animate_when_almost_visible wpb_bounceInLeft bounceInLeft wpb_start_animation animated\">\n<div class=\"wpb_column vc_column_container vc_col-sm-10\">\n<div class=\"vc_column-inner \">\n<div class=\"wpb_wrapper\">\n<div class=\"wpb_text_column wpb_content_element \">\n<div class=\"wpb_wrapper\">\n<h5><b>EN CUANTO A LO T\u00c9CNICO<\/b><\/h5>\n<\/div>\n<\/div>\n<div class=\"wpb_text_column wpb_content_element \">\n<div class=\"wpb_wrapper\">\n<p>DinoCloud us\u00f3 Helm, Kubernetes y Amazon EKS a lo largo de variados proyectos y distintas compa\u00f1\u00edas. Esta arquitectura nos resulta familiar para la compa\u00f1\u00eda.<\/p>\n<p>Adem\u00e1s, la definici\u00f3n e implementaci\u00f3n de Terraform result\u00f3 r\u00e1pidamente ya que DinoCloud ten\u00eda todos los m\u00f3dulos necesarios, listos para ser adoptados y desplegados en nuevas cuentas de AWS.<\/p>\n<\/div>\n<\/div>\n<\/div>\n<\/div>\n<\/div>\n<div class=\"wpb_column vc_column_container vc_col-sm-2\">\n<div class=\"vc_column-inner \">\n<div class=\"wpb_wrapper\">&nbsp;<\/div>\n<\/div>\n<\/div>\n<\/div>\n<div id=\"vc_row-5ea6b49f3efd4\" class=\"vc_row wpb_row vc_row-fluid wpb_animate_when_almost_visible wpb_bounceInRight bounceInRight wpb_start_animation animated\">\n<div class=\"wpb_column vc_column_container vc_col-sm-10\">\n<div class=\"vc_column-inner \">\n<div class=\"wpb_wrapper\">\n<div class=\"wpb_text_column wpb_content_element \">\n<div class=\"wpb_wrapper\">\n<h5><b>LOS RESULTADOS<\/b><\/h5>\n<\/div>\n<\/div>\n<div class=\"wpb_text_column wpb_content_element \">\n<div class=\"wpb_wrapper\">\n<p>Una arquitectura de \u00faltima generaci\u00f3n.<\/p>\n<p>Con la ayuda de DinoCloud, Sytex logr\u00f3 integrar sus cambios en menos de un minuto, asegurando un feedback y evoluci\u00f3n constante y controlada. Los clientes fueron capaces de resolver sus problemas de soporte de manera \u00e1gil y el servicio result\u00f3 eficiente en t\u00e9rminos de experiencia de usuario.<\/p>\n<p>Sytex prepar\u00f3 su soluci\u00f3n para crecer a lo largo del tiempo y la estrategia comercial estaba segura de cerrar nuevos tratos para una infraestructura estable, escalable y segura. Los procesos operacionales fueron automatizados y el estado de Sytex junto a la interacci\u00f3n de sus componentes se torn\u00f3 visible y controlada 24\/7.<\/p>\n<p>Todos los clientes fueron migrados a una nueva arquitectura bajo un enfoque automatizado y escalable, asegurando que los recursos pudieran crecer con las demandas de tr\u00e1fico.<\/p>\n<\/div>\n<\/div>\n<\/div>\n<\/div>\n<\/div>\n<\/div>\n\n\n\n<p><\/p>\n<\/div><\/section>\n\n\n\n<section class=\"wp-block-uagb-section uagb-section__wrap uagb-section__background-undefined uagb-block-6f0f5a17 pt-5 pb-5\"><div class=\"uagb-section__overlay\"><\/div><div class=\"uagb-section__inner-wrap\">\n<div class=\"wp-block-uagb-testimonial uagb-testomonial__outer-wrap uagb-slick-carousel uagb-tm__arrow-outside uagb-block-edd1f14c\"><div class=\"is-carousel uagb-tm__columns-1 uagb-tm__items\"><div class=\"uagb-testimonial__wrap  uagb-tm__imgicon-style-circle uagb-tm__image-position-bottom uagb-tm__bg-type-undefined \"><div class=\"uagb-tm__content\"><div class=\"uagb-tm__overlay\"><\/div><div class=\"uagb-tm__text-wrap\"><div class=\"uagb-testinomial-text-wrap\"><div class=\"uagb-tm__desc\"><em><em>\u201cDinoCloud ha demostrado ser un compa\u00f1ero invaluable para nosotros. Fuimos practicamente desde una arquitectura del tipo \u201csolo una instancia EC2 con unos cuantos puertos abiertos\u201d a un despliegue rock-solid que cumple con las premisas de Well Architected. Ahora nuestro equipo puede navegar mucho mejor en las particularidades de IAM, y estamos usando una variedad de servicios de AWS que hacen a nuestra plataforma mucho m\u00e1s estable y escalable. Probablemente nuestra relaci\u00f3n se extienda m\u00e1s all\u00e1 del programa Well-Architected, para continuar mejorando el funcionamiento en los diferentes pilares.\u201d<\/em><\/em><br> <\/div><\/div><div class=\"uagb-tm__meta\"><div class=\"uagb-tm__meta-inner\"><div class=\"uagb-tm__image-content\"><div class=\"uagb-tm__image\"><img decoding=\"async\" class=\"uagb-tm-img-src\" src=\"https:\/\/dinocloud.com\/wp-content\/uploads\/2020\/04\/juan-alvarez-150x150.jpg\" alt=\"\"\/><\/div><\/div><div class=\"uagb-testimonial-details\"><span class=\"uagb-tm__author-name\"><strong>Juan Alvarez<\/strong> <\/span><span class=\"uagb-tm__company\"><strong>Tech Lead Sytex<\/strong><\/span><\/div><\/div><\/div><\/div><\/div><\/div><\/div><\/div>\n<\/div><\/section>\n","protected":false},"excerpt":{"rendered":"","protected":false},"author":18,"featured_media":0,"parent":0,"menu_order":0,"comment_status":"closed","ping_status":"closed","template":"templates\/full-width-page.php","meta":{"content-type":"","_uag_custom_page_level_css":"","advgb_blocks_editor_width":"","advgb_blocks_columns_visual_guide":"","footnotes":""},"class_list":["post-28944","page","type-page","status-publish","hentry"],"acf":[],"yoast_head":"<!-- This site is optimized with the Yoast SEO plugin v26.5 - https:\/\/yoast.com\/wordpress\/plugins\/seo\/ -->\n<title>Sytex | Historia de \u00e9xito de AWS WAF | DinoCloud<\/title>\n<meta name=\"description\" content=\"Sytex comparte su experiencia de haber optimizado y automatizado los procesos de integraci\u00f3n, despliegue y operaciones de su producto.\" \/>\n<meta name=\"robots\" content=\"index, follow, max-snippet:-1, max-image-preview:large, max-video-preview:-1\" \/>\n<link rel=\"canonical\" href=\"https:\/\/dinocloud.com\/es\/sytex-esp\/\" \/>\n<meta property=\"og:locale\" content=\"es_ES\" \/>\n<meta property=\"og:type\" content=\"article\" \/>\n<meta property=\"og:title\" content=\"Sytex | Historia de \u00e9xito de AWS WAF | DinoCloud\" \/>\n<meta property=\"og:description\" content=\"Sytex comparte su experiencia de haber optimizado y automatizado los procesos de integraci\u00f3n, despliegue y operaciones de su producto.\" \/>\n<meta property=\"og:url\" content=\"https:\/\/dinocloud.com\/es\/sytex-esp\/\" \/>\n<meta property=\"og:site_name\" content=\"DinoCloud\" \/>\n<meta property=\"article:publisher\" content=\"https:\/\/www.facebook.com\/dinocloudcons\" \/>\n<meta property=\"article:modified_time\" content=\"2021-07-28T13:28:38+00:00\" \/>\n<meta property=\"og:image\" content=\"https:\/\/dinocloud.com\/wp-content\/uploads\/2020\/04\/consapp5-cde-1.png\" \/>\n<meta name=\"twitter:card\" content=\"summary_large_image\" \/>\n<meta name=\"twitter:site\" content=\"@dinocloud_\" \/>\n<meta name=\"twitter:label1\" content=\"Tiempo de lectura\" \/>\n\t<meta name=\"twitter:data1\" content=\"4 minutos\" \/>\n<script type=\"application\/ld+json\" class=\"yoast-schema-graph\">{\"@context\":\"https:\/\/schema.org\",\"@graph\":[{\"@type\":\"WebPage\",\"@id\":\"https:\/\/dinocloud.com\/es\/sytex-esp\/\",\"url\":\"https:\/\/dinocloud.com\/es\/sytex-esp\/\",\"name\":\"Sytex | Historia de \u00e9xito de AWS WAF | DinoCloud\",\"isPartOf\":{\"@id\":\"https:\/\/dinocloud.com\/es\/#website\"},\"primaryImageOfPage\":{\"@id\":\"https:\/\/dinocloud.com\/es\/sytex-esp\/#primaryimage\"},\"image\":{\"@id\":\"https:\/\/dinocloud.com\/es\/sytex-esp\/#primaryimage\"},\"thumbnailUrl\":\"https:\/\/dinocloud.com\/wp-content\/uploads\/2020\/04\/consapp5-cde-1.png\",\"datePublished\":\"2019-09-17T16:08:19+00:00\",\"dateModified\":\"2021-07-28T13:28:38+00:00\",\"description\":\"Sytex comparte su experiencia de haber optimizado y automatizado los procesos de integraci\u00f3n, despliegue y operaciones de su producto.\",\"breadcrumb\":{\"@id\":\"https:\/\/dinocloud.com\/es\/sytex-esp\/#breadcrumb\"},\"inLanguage\":\"es\",\"potentialAction\":[{\"@type\":\"ReadAction\",\"target\":[\"https:\/\/dinocloud.com\/es\/sytex-esp\/\"]}]},{\"@type\":\"ImageObject\",\"inLanguage\":\"es\",\"@id\":\"https:\/\/dinocloud.com\/es\/sytex-esp\/#primaryimage\",\"url\":\"https:\/\/dinocloud.com\/wp-content\/uploads\/2020\/04\/consapp5-cde-1.png\",\"contentUrl\":\"https:\/\/dinocloud.com\/wp-content\/uploads\/2020\/04\/consapp5-cde-1.png\"},{\"@type\":\"BreadcrumbList\",\"@id\":\"https:\/\/dinocloud.com\/es\/sytex-esp\/#breadcrumb\",\"itemListElement\":[{\"@type\":\"ListItem\",\"position\":1,\"name\":\"Home\",\"item\":\"https:\/\/dinocloud.com\/es\/\"},{\"@type\":\"ListItem\",\"position\":2,\"name\":\"Sytex\"}]},{\"@type\":\"WebSite\",\"@id\":\"https:\/\/dinocloud.com\/es\/#website\",\"url\":\"https:\/\/dinocloud.com\/es\/\",\"name\":\"DinoCloud\",\"description\":\"cloud computing devops services cloud engineering\",\"publisher\":{\"@id\":\"https:\/\/dinocloud.com\/es\/#organization\"},\"potentialAction\":[{\"@type\":\"SearchAction\",\"target\":{\"@type\":\"EntryPoint\",\"urlTemplate\":\"https:\/\/dinocloud.com\/es\/?s={search_term_string}\"},\"query-input\":{\"@type\":\"PropertyValueSpecification\",\"valueRequired\":true,\"valueName\":\"search_term_string\"}}],\"inLanguage\":\"es\"},{\"@type\":\"Organization\",\"@id\":\"https:\/\/dinocloud.com\/es\/#organization\",\"name\":\"DinoCloud\",\"url\":\"https:\/\/dinocloud.com\/es\/\",\"logo\":{\"@type\":\"ImageObject\",\"inLanguage\":\"es\",\"@id\":\"https:\/\/dinocloud.com\/es\/#\/schema\/logo\/image\/\",\"url\":\"\",\"contentUrl\":\"\",\"caption\":\"DinoCloud\"},\"image\":{\"@id\":\"https:\/\/dinocloud.com\/es\/#\/schema\/logo\/image\/\"},\"sameAs\":[\"https:\/\/www.facebook.com\/dinocloudcons\",\"https:\/\/x.com\/dinocloud_\",\"https:\/\/www.instagram.com\/dinocloud_\/\",\"https:\/\/www.linkedin.com\/company\/dinocloud\",\"https:\/\/www.youtube.com\/c\/DinoCloudConsulting\"]}]}<\/script>\n<!-- \/ Yoast SEO plugin. -->","yoast_head_json":{"title":"Sytex | Historia de \u00e9xito de AWS WAF | DinoCloud","description":"Sytex comparte su experiencia de haber optimizado y automatizado los procesos de integraci\u00f3n, despliegue y operaciones de su producto.","robots":{"index":"index","follow":"follow","max-snippet":"max-snippet:-1","max-image-preview":"max-image-preview:large","max-video-preview":"max-video-preview:-1"},"canonical":"https:\/\/dinocloud.com\/es\/sytex-esp\/","og_locale":"es_ES","og_type":"article","og_title":"Sytex | Historia de \u00e9xito de AWS WAF | DinoCloud","og_description":"Sytex comparte su experiencia de haber optimizado y automatizado los procesos de integraci\u00f3n, despliegue y operaciones de su producto.","og_url":"https:\/\/dinocloud.com\/es\/sytex-esp\/","og_site_name":"DinoCloud","article_publisher":"https:\/\/www.facebook.com\/dinocloudcons","article_modified_time":"2021-07-28T13:28:38+00:00","og_image":[{"url":"https:\/\/dinocloud.com\/wp-content\/uploads\/2020\/04\/consapp5-cde-1.png","type":"","width":"","height":""}],"twitter_card":"summary_large_image","twitter_site":"@dinocloud_","twitter_misc":{"Tiempo de lectura":"4 minutos"},"schema":{"@context":"https:\/\/schema.org","@graph":[{"@type":"WebPage","@id":"https:\/\/dinocloud.com\/es\/sytex-esp\/","url":"https:\/\/dinocloud.com\/es\/sytex-esp\/","name":"Sytex | Historia de \u00e9xito de AWS WAF | DinoCloud","isPartOf":{"@id":"https:\/\/dinocloud.com\/es\/#website"},"primaryImageOfPage":{"@id":"https:\/\/dinocloud.com\/es\/sytex-esp\/#primaryimage"},"image":{"@id":"https:\/\/dinocloud.com\/es\/sytex-esp\/#primaryimage"},"thumbnailUrl":"https:\/\/dinocloud.com\/wp-content\/uploads\/2020\/04\/consapp5-cde-1.png","datePublished":"2019-09-17T16:08:19+00:00","dateModified":"2021-07-28T13:28:38+00:00","description":"Sytex comparte su experiencia de haber optimizado y automatizado los procesos de integraci\u00f3n, despliegue y operaciones de su producto.","breadcrumb":{"@id":"https:\/\/dinocloud.com\/es\/sytex-esp\/#breadcrumb"},"inLanguage":"es","potentialAction":[{"@type":"ReadAction","target":["https:\/\/dinocloud.com\/es\/sytex-esp\/"]}]},{"@type":"ImageObject","inLanguage":"es","@id":"https:\/\/dinocloud.com\/es\/sytex-esp\/#primaryimage","url":"https:\/\/dinocloud.com\/wp-content\/uploads\/2020\/04\/consapp5-cde-1.png","contentUrl":"https:\/\/dinocloud.com\/wp-content\/uploads\/2020\/04\/consapp5-cde-1.png"},{"@type":"BreadcrumbList","@id":"https:\/\/dinocloud.com\/es\/sytex-esp\/#breadcrumb","itemListElement":[{"@type":"ListItem","position":1,"name":"Home","item":"https:\/\/dinocloud.com\/es\/"},{"@type":"ListItem","position":2,"name":"Sytex"}]},{"@type":"WebSite","@id":"https:\/\/dinocloud.com\/es\/#website","url":"https:\/\/dinocloud.com\/es\/","name":"DinoCloud","description":"cloud computing devops services cloud engineering","publisher":{"@id":"https:\/\/dinocloud.com\/es\/#organization"},"potentialAction":[{"@type":"SearchAction","target":{"@type":"EntryPoint","urlTemplate":"https:\/\/dinocloud.com\/es\/?s={search_term_string}"},"query-input":{"@type":"PropertyValueSpecification","valueRequired":true,"valueName":"search_term_string"}}],"inLanguage":"es"},{"@type":"Organization","@id":"https:\/\/dinocloud.com\/es\/#organization","name":"DinoCloud","url":"https:\/\/dinocloud.com\/es\/","logo":{"@type":"ImageObject","inLanguage":"es","@id":"https:\/\/dinocloud.com\/es\/#\/schema\/logo\/image\/","url":"","contentUrl":"","caption":"DinoCloud"},"image":{"@id":"https:\/\/dinocloud.com\/es\/#\/schema\/logo\/image\/"},"sameAs":["https:\/\/www.facebook.com\/dinocloudcons","https:\/\/x.com\/dinocloud_","https:\/\/www.instagram.com\/dinocloud_\/","https:\/\/www.linkedin.com\/company\/dinocloud","https:\/\/www.youtube.com\/c\/DinoCloudConsulting"]}]}},"uagb_featured_image_src":{"full":false,"thumbnail":false,"medium":false,"medium_large":false,"large":false,"1536x1536":false,"2048x2048":false},"uagb_author_info":{"display_name":"Gonzalo Puig","author_link":"https:\/\/dinocloud.com\/es\/author\/gonzalo\/"},"uagb_comment_info":0,"uagb_excerpt":null,"coauthors":[],"author_meta":{"author_link":"https:\/\/dinocloud.com\/es\/author\/gonzalo\/","display_name":"Gonzalo Puig"},"relative_dates":{"created":"Publicado 7 a\u00f1os hace","modified":"Actualizado 5 a\u00f1os hace"},"absolute_dates":{"created":"Publicado el septiembre 17, 2019","modified":"Actualizado el julio 28, 2021"},"absolute_dates_time":{"created":"Publicado el septiembre 17, 2019 4:08 pm","modified":"Actualizado el julio 28, 2021 1:28 pm"},"featured_img_caption":"","featured_img":false,"series_order":"","_links":{"self":[{"href":"https:\/\/dinocloud.com\/es\/wp-json\/wp\/v2\/pages\/28944","targetHints":{"allow":["GET"]}}],"collection":[{"href":"https:\/\/dinocloud.com\/es\/wp-json\/wp\/v2\/pages"}],"about":[{"href":"https:\/\/dinocloud.com\/es\/wp-json\/wp\/v2\/types\/page"}],"author":[{"embeddable":true,"href":"https:\/\/dinocloud.com\/es\/wp-json\/wp\/v2\/users\/18"}],"replies":[{"embeddable":true,"href":"https:\/\/dinocloud.com\/es\/wp-json\/wp\/v2\/comments?post=28944"}],"version-history":[{"count":0,"href":"https:\/\/dinocloud.com\/es\/wp-json\/wp\/v2\/pages\/28944\/revisions"}],"wp:attachment":[{"href":"https:\/\/dinocloud.com\/es\/wp-json\/wp\/v2\/media?parent=28944"}],"curies":[{"name":"wp","href":"https:\/\/api.w.org\/{rel}","templated":true}]}}