{"id":29083,"date":"2019-05-14T11:48:33","date_gmt":"2019-05-14T11:48:33","guid":{"rendered":"https:\/\/dinocloud.com\/?page_id=29083"},"modified":"2024-11-28T15:35:50","modified_gmt":"2024-11-28T15:35:50","slug":"ec2-for-windows","status":"publish","type":"page","link":"https:\/\/dinocloud.com\/es\/ec2-for-windows\/","title":{"rendered":"EC2 for Windows Server"},"content":{"rendered":"\n<section class=\"wp-block-uagb-section uagb-section__wrap uagb-section__background-undefined uagb-block-5997b885 pt-5 pb-5\"><div class=\"uagb-section__overlay\"><\/div><div class=\"uagb-section__inner-wrap\">\n<div class=\"wp-block-columns pt-5 pb-5 is-layout-flex wp-container-core-columns-is-layout-9d6595d7 wp-block-columns-is-layout-flex\">\n<div class=\"wp-block-column centrado mb-3 is-layout-flow wp-block-column-is-layout-flow\" style=\"flex-basis:66.66%\">\n<div class=\"wpb_column vc_column_container vc_col-sm-8\">\n<div class=\"vc_column-inner \">\n<div class=\"wpb_wrapper\">\n<div class=\"wpb_text_column wpb_content_element \">\n<div class=\"wpb_wrapper\">\n<div class=\"wpb_column vc_column_container vc_col-sm-8\">\n<div class=\"vc_column-inner \">\n<div class=\"wpb_wrapper\">\n<div class=\"wpb_text_column wpb_content_element \">\n<div class=\"wpb_wrapper\">\n<p>Los entornos de Windows en la nube presentan un nuevo conjunto de desaf\u00edos y una forma diferente de pensar en tu infraestructura de Windows Server. A medida que avanzas a la nube, debes tener en cuenta no solo la integraci\u00f3n de tu infraestructura con otros servicios de Microsoft, sino tambi\u00e9n aspectos como el almacenamiento, los registros y los parches del sistema operativo en entornos el\u00e1sticos y din\u00e1micos.<\/p>\n<p>En DinoCloud, nuestros expertos dise\u00f1an e implementan la automatizaci\u00f3n teniendo en cuenta la facilidad de administraci\u00f3n para las cargas de trabajo de Windows que se ejecutan en Windows Server. Nuestros servicios est\u00e1n dise\u00f1ados para proporcionarte:<\/p>\n<\/div>\n<\/div>\n<\/div>\n<\/div>\n<\/div>\n<\/div>\n<\/div>\n<\/div>\n<\/div>\n<\/div>\n<\/div>\n\n\n\n<div class=\"wp-block-column is-vertically-aligned-center centrado is-layout-flow wp-block-column-is-layout-flow\" style=\"flex-basis:33.33%\"><div class=\"wp-block-image\">\n<figure class=\"aligncenter size-large is-resized advgb-dyn-75b78764\"><img fetchpriority=\"high\" decoding=\"async\" width=\"285\" height=\"284\" src=\"https:\/\/dinocloud.com\/wp-content\/uploads\/Badge_EC2-for-Windows.svg\" alt=\"EC2 for Windows Server Delivery\" class=\"wp-image-37320\" style=\"width:250px\"\/><\/figure>\n<\/div><\/div>\n<\/div>\n\n\n\n<div class=\"wp-block-columns are-vertically-aligned-center pt-5 pb-5 is-layout-flex wp-container-core-columns-is-layout-9d6595d7 wp-block-columns-is-layout-flex\">\n<div class=\"wp-block-column is-vertically-aligned-center centrado mb-3 is-layout-flow wp-block-column-is-layout-flow\">\n<div class=\"wpb_animate_when_almost_visible wpb_bounceInLeft bounceInLeft wpb_column vc_column_container vc_col-sm-2\/5 wpb_start_animation animated\">\n<div class=\"vc_column-inner \">\n<div class=\"wpb_wrapper\">\n<div class=\"wpb_animate_when_almost_visible wpb_bounceInLeft bounceInLeft wpb_column vc_column_container vc_col-sm-2\/5 wpb_start_animation animated\">\n<div class=\"vc_column-inner \">\n<div class=\"wpb_wrapper\">\n<div class=\"wpb_text_column wpb_content_element \">\n<div class=\"wpb_wrapper\">\n<div id=\"block-7f0fa70adc0f0229686a\" class=\"sqs-block html-block sqs-block-html\" data-block-type=\"2\">\n<div class=\"sqs-block-content\">\n<ul>\n<li>Administraci\u00f3n de parches a trav\u00e9s de SSM<\/li>\n<li>Monitoreo de seguridad<\/li>\n<li>Centralizaci\u00f3n de logs y anal\u00edtica<\/li>\n<li>Monitoreo de performance<\/li>\n<li>Estrategia eficiente de almacenamiento<\/li>\n<li>Integraci\u00f3n de productos y servicios de Microsoft<\/li>\n<\/ul>\n<\/div>\n<\/div>\n<\/div>\n<\/div>\n<div class=\"wpb_text_column wpb_content_element \">\n<div class=\"wpb_wrapper\">\n<p><span style=\"font-weight: 400;\">Ofrecemos soluciones y servicios que se adaptan a tus necesidades en la nube, permitiendo a tu equipo contar con una infraestructura optimizada para el desarrollo de tu negocio.<\/span><\/p>\n<\/div>\n<\/div>\n<\/div>\n<\/div>\n<\/div>\n<\/div>\n<\/div>\n<\/div>\n<\/div>\n\n\n\n<div class=\"wp-block-column is-vertically-aligned-center centrado is-layout-flow wp-block-column-is-layout-flow\">\n<figure class=\"wp-block-embed is-type-video is-provider-youtube wp-block-embed-youtube wp-embed-aspect-16-9 wp-has-aspect-ratio\"><div class=\"wp-block-embed__wrapper\">\n<iframe title=\"Migraci\u00f3n de Infraestructura | EC2 for Windows | DinoCloud\" width=\"500\" height=\"281\" src=\"https:\/\/www.youtube.com\/embed\/XBOUDgiLXzc?feature=oembed\" frameborder=\"0\" allow=\"accelerometer; autoplay; clipboard-write; encrypted-media; gyroscope; picture-in-picture; web-share\" referrerpolicy=\"strict-origin-when-cross-origin\" allowfullscreen><\/iframe>\n<\/div><\/figure>\n<\/div>\n<\/div>\n<\/div><\/section>\n\n\n\n<div id=\"contact\" class=\"wp-block-group\"><div class=\"wp-block-group__inner-container is-layout-flow wp-block-group-is-layout-flow\">\n<section class=\"wp-block-uagb-section uagb-section__wrap uagb-section__background-image uagb-block-9e03ffba\" id=\"contact\"><div class=\"uagb-section__overlay\"><\/div><div class=\"uagb-section__inner-wrap\">\n<div style=\"height:40px\" aria-hidden=\"true\" class=\"wp-block-spacer\"><\/div>\n\n\n\n<div class=\"wp-block-uagb-advanced-heading uagb-block-4c2b03b3\"><h2 class=\"uagb-heading-text\">Formulario de contacto<\/h2><div class=\"uagb-separator\"><\/div><\/div>\n\n\n\n<section class=\"wp-block-uagb-section uagb-section__wrap uagb-section__background-none uagb-block-66a90058 uagb-section__background-undefined\" id=\"responsive-form\"><div class=\"uagb-section__overlay\"><\/div><div class=\"uagb-section__inner-wrap\">\n<p>(*) Campos obligatorios<\/p>\n\n\n\n<script charset=\"utf-8\" type=\"text\/javascript\" src=\"\/\/js.hsforms.net\/forms\/embed\/v2.js\"><\/script>\n<script>\n  hbspt.forms.create({\n    region: \"na1\",\n    portalId: \"21668846\",\n    formId: \"5bdf3aad-2db1-400a-921c-950b1af42aa5\"\n  });\n<\/script>\n<\/div><\/section>\n<\/div><\/section>\n<\/div><\/div>\n","protected":false},"excerpt":{"rendered":"","protected":false},"author":18,"featured_media":0,"parent":0,"menu_order":0,"comment_status":"closed","ping_status":"closed","template":"templates\/full-width-page.php","meta":{"content-type":"","_uag_custom_page_level_css":"","advgb_blocks_editor_width":"","advgb_blocks_columns_visual_guide":"","footnotes":""},"class_list":["post-29083","page","type-page","status-publish","hentry"],"acf":[],"yoast_head":"<!-- This site is optimized with the Yoast SEO plugin v26.5 - https:\/\/yoast.com\/wordpress\/plugins\/seo\/ -->\n<title>EC2 for Windows Server | DinoCloud | Amazon Web Services<\/title>\n<meta name=\"description\" content=\"Dise\u00f1amos e implementamos la automatizaci\u00f3n teniendo en cuenta la administraci\u00f3n para las cargas de trabajo de Windows que se ejecutan en Windows Server.\" \/>\n<meta name=\"robots\" content=\"index, follow, max-snippet:-1, max-image-preview:large, max-video-preview:-1\" \/>\n<link rel=\"canonical\" href=\"https:\/\/dinocloud.com\/es\/ec2-for-windows\/\" \/>\n<meta property=\"og:locale\" content=\"es_ES\" \/>\n<meta property=\"og:type\" content=\"article\" \/>\n<meta property=\"og:title\" content=\"EC2 for Windows Server | DinoCloud | Amazon Web Services\" \/>\n<meta property=\"og:description\" content=\"Dise\u00f1amos e implementamos la automatizaci\u00f3n teniendo en cuenta la administraci\u00f3n para las cargas de trabajo de Windows que se ejecutan en Windows Server.\" \/>\n<meta property=\"og:url\" content=\"https:\/\/dinocloud.com\/es\/ec2-for-windows\/\" \/>\n<meta property=\"og:site_name\" content=\"DinoCloud\" \/>\n<meta property=\"article:publisher\" content=\"https:\/\/www.facebook.com\/dinocloudcons\" \/>\n<meta property=\"article:modified_time\" content=\"2024-11-28T15:35:50+00:00\" \/>\n<meta name=\"twitter:card\" content=\"summary_large_image\" \/>\n<meta name=\"twitter:site\" content=\"@dinocloud_\" \/>\n<meta name=\"twitter:label1\" content=\"Tiempo de lectura\" \/>\n\t<meta name=\"twitter:data1\" content=\"1 minuto\" \/>\n<script type=\"application\/ld+json\" class=\"yoast-schema-graph\">{\"@context\":\"https:\/\/schema.org\",\"@graph\":[{\"@type\":\"WebPage\",\"@id\":\"https:\/\/dinocloud.com\/es\/ec2-for-windows\/\",\"url\":\"https:\/\/dinocloud.com\/es\/ec2-for-windows\/\",\"name\":\"EC2 for Windows Server | DinoCloud | Amazon Web Services\",\"isPartOf\":{\"@id\":\"https:\/\/dinocloud.com\/es\/#website\"},\"primaryImageOfPage\":{\"@id\":\"https:\/\/dinocloud.com\/es\/ec2-for-windows\/#primaryimage\"},\"image\":{\"@id\":\"https:\/\/dinocloud.com\/es\/ec2-for-windows\/#primaryimage\"},\"thumbnailUrl\":\"https:\/\/dinocloud.com\/wp-content\/uploads\/Badge_EC2-for-Windows.svg\",\"datePublished\":\"2019-05-14T11:48:33+00:00\",\"dateModified\":\"2024-11-28T15:35:50+00:00\",\"description\":\"Dise\u00f1amos e implementamos la automatizaci\u00f3n teniendo en cuenta la administraci\u00f3n para las cargas de trabajo de Windows que se ejecutan en Windows Server.\",\"breadcrumb\":{\"@id\":\"https:\/\/dinocloud.com\/es\/ec2-for-windows\/#breadcrumb\"},\"inLanguage\":\"es\",\"potentialAction\":[{\"@type\":\"ReadAction\",\"target\":[\"https:\/\/dinocloud.com\/es\/ec2-for-windows\/\"]}]},{\"@type\":\"ImageObject\",\"inLanguage\":\"es\",\"@id\":\"https:\/\/dinocloud.com\/es\/ec2-for-windows\/#primaryimage\",\"url\":\"https:\/\/dinocloud.com\/wp-content\/uploads\/Badge_EC2-for-Windows.svg\",\"contentUrl\":\"https:\/\/dinocloud.com\/wp-content\/uploads\/Badge_EC2-for-Windows.svg\"},{\"@type\":\"BreadcrumbList\",\"@id\":\"https:\/\/dinocloud.com\/es\/ec2-for-windows\/#breadcrumb\",\"itemListElement\":[{\"@type\":\"ListItem\",\"position\":1,\"name\":\"Home\",\"item\":\"https:\/\/dinocloud.com\/es\/\"},{\"@type\":\"ListItem\",\"position\":2,\"name\":\"EC2 for Windows Server\"}]},{\"@type\":\"WebSite\",\"@id\":\"https:\/\/dinocloud.com\/es\/#website\",\"url\":\"https:\/\/dinocloud.com\/es\/\",\"name\":\"DinoCloud\",\"description\":\"cloud computing devops services cloud engineering\",\"publisher\":{\"@id\":\"https:\/\/dinocloud.com\/es\/#organization\"},\"potentialAction\":[{\"@type\":\"SearchAction\",\"target\":{\"@type\":\"EntryPoint\",\"urlTemplate\":\"https:\/\/dinocloud.com\/es\/?s={search_term_string}\"},\"query-input\":{\"@type\":\"PropertyValueSpecification\",\"valueRequired\":true,\"valueName\":\"search_term_string\"}}],\"inLanguage\":\"es\"},{\"@type\":\"Organization\",\"@id\":\"https:\/\/dinocloud.com\/es\/#organization\",\"name\":\"DinoCloud\",\"url\":\"https:\/\/dinocloud.com\/es\/\",\"logo\":{\"@type\":\"ImageObject\",\"inLanguage\":\"es\",\"@id\":\"https:\/\/dinocloud.com\/es\/#\/schema\/logo\/image\/\",\"url\":\"\",\"contentUrl\":\"\",\"caption\":\"DinoCloud\"},\"image\":{\"@id\":\"https:\/\/dinocloud.com\/es\/#\/schema\/logo\/image\/\"},\"sameAs\":[\"https:\/\/www.facebook.com\/dinocloudcons\",\"https:\/\/x.com\/dinocloud_\",\"https:\/\/www.instagram.com\/dinocloud_\/\",\"https:\/\/www.linkedin.com\/company\/dinocloud\",\"https:\/\/www.youtube.com\/c\/DinoCloudConsulting\"]}]}<\/script>\n<!-- \/ Yoast SEO plugin. -->","yoast_head_json":{"title":"EC2 for Windows Server | DinoCloud | Amazon Web Services","description":"Dise\u00f1amos e implementamos la automatizaci\u00f3n teniendo en cuenta la administraci\u00f3n para las cargas de trabajo de Windows que se ejecutan en Windows Server.","robots":{"index":"index","follow":"follow","max-snippet":"max-snippet:-1","max-image-preview":"max-image-preview:large","max-video-preview":"max-video-preview:-1"},"canonical":"https:\/\/dinocloud.com\/es\/ec2-for-windows\/","og_locale":"es_ES","og_type":"article","og_title":"EC2 for Windows Server | DinoCloud | Amazon Web Services","og_description":"Dise\u00f1amos e implementamos la automatizaci\u00f3n teniendo en cuenta la administraci\u00f3n para las cargas de trabajo de Windows que se ejecutan en Windows Server.","og_url":"https:\/\/dinocloud.com\/es\/ec2-for-windows\/","og_site_name":"DinoCloud","article_publisher":"https:\/\/www.facebook.com\/dinocloudcons","article_modified_time":"2024-11-28T15:35:50+00:00","twitter_card":"summary_large_image","twitter_site":"@dinocloud_","twitter_misc":{"Tiempo de lectura":"1 minuto"},"schema":{"@context":"https:\/\/schema.org","@graph":[{"@type":"WebPage","@id":"https:\/\/dinocloud.com\/es\/ec2-for-windows\/","url":"https:\/\/dinocloud.com\/es\/ec2-for-windows\/","name":"EC2 for Windows Server | DinoCloud | Amazon Web Services","isPartOf":{"@id":"https:\/\/dinocloud.com\/es\/#website"},"primaryImageOfPage":{"@id":"https:\/\/dinocloud.com\/es\/ec2-for-windows\/#primaryimage"},"image":{"@id":"https:\/\/dinocloud.com\/es\/ec2-for-windows\/#primaryimage"},"thumbnailUrl":"https:\/\/dinocloud.com\/wp-content\/uploads\/Badge_EC2-for-Windows.svg","datePublished":"2019-05-14T11:48:33+00:00","dateModified":"2024-11-28T15:35:50+00:00","description":"Dise\u00f1amos e implementamos la automatizaci\u00f3n teniendo en cuenta la administraci\u00f3n para las cargas de trabajo de Windows que se ejecutan en Windows Server.","breadcrumb":{"@id":"https:\/\/dinocloud.com\/es\/ec2-for-windows\/#breadcrumb"},"inLanguage":"es","potentialAction":[{"@type":"ReadAction","target":["https:\/\/dinocloud.com\/es\/ec2-for-windows\/"]}]},{"@type":"ImageObject","inLanguage":"es","@id":"https:\/\/dinocloud.com\/es\/ec2-for-windows\/#primaryimage","url":"https:\/\/dinocloud.com\/wp-content\/uploads\/Badge_EC2-for-Windows.svg","contentUrl":"https:\/\/dinocloud.com\/wp-content\/uploads\/Badge_EC2-for-Windows.svg"},{"@type":"BreadcrumbList","@id":"https:\/\/dinocloud.com\/es\/ec2-for-windows\/#breadcrumb","itemListElement":[{"@type":"ListItem","position":1,"name":"Home","item":"https:\/\/dinocloud.com\/es\/"},{"@type":"ListItem","position":2,"name":"EC2 for Windows Server"}]},{"@type":"WebSite","@id":"https:\/\/dinocloud.com\/es\/#website","url":"https:\/\/dinocloud.com\/es\/","name":"DinoCloud","description":"cloud computing devops services cloud engineering","publisher":{"@id":"https:\/\/dinocloud.com\/es\/#organization"},"potentialAction":[{"@type":"SearchAction","target":{"@type":"EntryPoint","urlTemplate":"https:\/\/dinocloud.com\/es\/?s={search_term_string}"},"query-input":{"@type":"PropertyValueSpecification","valueRequired":true,"valueName":"search_term_string"}}],"inLanguage":"es"},{"@type":"Organization","@id":"https:\/\/dinocloud.com\/es\/#organization","name":"DinoCloud","url":"https:\/\/dinocloud.com\/es\/","logo":{"@type":"ImageObject","inLanguage":"es","@id":"https:\/\/dinocloud.com\/es\/#\/schema\/logo\/image\/","url":"","contentUrl":"","caption":"DinoCloud"},"image":{"@id":"https:\/\/dinocloud.com\/es\/#\/schema\/logo\/image\/"},"sameAs":["https:\/\/www.facebook.com\/dinocloudcons","https:\/\/x.com\/dinocloud_","https:\/\/www.instagram.com\/dinocloud_\/","https:\/\/www.linkedin.com\/company\/dinocloud","https:\/\/www.youtube.com\/c\/DinoCloudConsulting"]}]}},"uagb_featured_image_src":{"full":false,"thumbnail":false,"medium":false,"medium_large":false,"large":false,"1536x1536":false,"2048x2048":false},"uagb_author_info":{"display_name":"Gonzalo Puig","author_link":"https:\/\/dinocloud.com\/es\/author\/gonzalo\/"},"uagb_comment_info":0,"uagb_excerpt":null,"coauthors":[],"author_meta":{"author_link":"https:\/\/dinocloud.com\/es\/author\/gonzalo\/","display_name":"Gonzalo Puig"},"relative_dates":{"created":"Publicado 7 a\u00f1os hace","modified":"Actualizado 1 a\u00f1o hace"},"absolute_dates":{"created":"Publicado el mayo 14, 2019","modified":"Actualizado el noviembre 28, 2024"},"absolute_dates_time":{"created":"Publicado el mayo 14, 2019 11:48 am","modified":"Actualizado el noviembre 28, 2024 3:35 pm"},"featured_img_caption":"","featured_img":false,"series_order":"","_links":{"self":[{"href":"https:\/\/dinocloud.com\/es\/wp-json\/wp\/v2\/pages\/29083","targetHints":{"allow":["GET"]}}],"collection":[{"href":"https:\/\/dinocloud.com\/es\/wp-json\/wp\/v2\/pages"}],"about":[{"href":"https:\/\/dinocloud.com\/es\/wp-json\/wp\/v2\/types\/page"}],"author":[{"embeddable":true,"href":"https:\/\/dinocloud.com\/es\/wp-json\/wp\/v2\/users\/18"}],"replies":[{"embeddable":true,"href":"https:\/\/dinocloud.com\/es\/wp-json\/wp\/v2\/comments?post=29083"}],"version-history":[{"count":0,"href":"https:\/\/dinocloud.com\/es\/wp-json\/wp\/v2\/pages\/29083\/revisions"}],"wp:attachment":[{"href":"https:\/\/dinocloud.com\/es\/wp-json\/wp\/v2\/media?parent=29083"}],"curies":[{"name":"wp","href":"https:\/\/api.w.org\/{rel}","templated":true}]}}