{"id":30566,"date":"2019-09-12T13:06:28","date_gmt":"2019-09-12T13:06:28","guid":{"rendered":"http:\/\/dinocloud.kinsta.cloud\/?page_id=30566"},"modified":"2020-04-27T10:53:16","modified_gmt":"2020-04-27T10:53:16","slug":"turismocity-esp","status":"publish","type":"page","link":"https:\/\/dinocloud.com\/es\/turismocity-esp\/","title":{"rendered":"Turismocity"},"content":{"rendered":"\n<section class=\"wp-block-uagb-section uagb-section__wrap uagb-section__background-undefined uagb-block-31c79d58-72a3-473f-aeea-ece134a87a28 pt-5 pb-5\"><div class=\"uagb-section__overlay\"><\/div><div class=\"uagb-section__inner-wrap\">\n<p><strong>TurismoCity<\/strong> es uno de los principales sitios web de viajes en latinoam\u00e9rica. Ofrece el precio m\u00e1s bajo para vuelos, hoteles y paquetes en una b\u00fasqueda comparando las principales agencias de viajes en l\u00ednea.<br>Con un tr\u00e1fico promedio de 6 millones de visitas mensuales, y un crecimiento del 100% cada a\u00f1o, TurismoCity se establece como un l\u00edder en la industria.<\/p>\n\n\n\n<div style=\"height:50px\" aria-hidden=\"true\" class=\"wp-block-spacer\"><\/div>\n\n\n\n<figure class=\"wp-block-embed-youtube wp-block-embed is-type-video is-provider-youtube wp-embed-aspect-16-9 wp-has-aspect-ratio\"><div class=\"wp-block-embed__wrapper\">\n<iframe title=\"Caso de \u00e9xito Turismocity | DinoCloud\" width=\"500\" height=\"281\" src=\"https:\/\/www.youtube.com\/embed\/mBaJa_MXbVw?feature=oembed\" frameborder=\"0\" allow=\"accelerometer; autoplay; clipboard-write; encrypted-media; gyroscope; picture-in-picture; web-share\" referrerpolicy=\"strict-origin-when-cross-origin\" allowfullscreen><\/iframe>\n<\/div><\/figure>\n\n\n\n<div style=\"height:50px\" aria-hidden=\"true\" class=\"wp-block-spacer\"><\/div>\n\n\n\n<div id=\"vc_row-5ea665951a838\" class=\"vc_row wpb_row vc_row-fluid wpb_animate_when_almost_visible wpb_bounceInLeft bounceInLeft wpb_start_animation animated\">\n<div class=\"wpb_column vc_column_container vc_col-sm-12\">\n<div class=\"vc_column-inner \">\n<div class=\"wpb_wrapper\">\n<div id=\"vc_row-5ea6b62d21d5c\" class=\"vc_row wpb_row vc_row-fluid wpb_animate_when_almost_visible wpb_bounceInLeft bounceInLeft wpb_start_animation animated\">\n<div class=\"wpb_column vc_column_container vc_col-sm-12\">\n<div class=\"vc_column-inner \">\n<div class=\"wpb_wrapper\">\n<div class=\"wpb_text_column wpb_content_element \">\n<div class=\"wpb_wrapper\">\n<h4><strong>EL DESAF\u00cdO<\/strong><\/h4>\n<\/div>\n<\/div>\n<div class=\"wpb_text_column wpb_content_element \">\n<div class=\"wpb_wrapper\">\n<p>Junto a TurismoCity trabajamos en dos grandes hitos. Por un lado, implementamos nuestros servicios de facturaci\u00f3n local para los gastos de AWS, optimizando la estructura de costos para sus operaciones en la nube.<\/p>\n<p>En segundo lugar, y bas\u00e1ndonos en los fundamentos del Well-Architected\u2122 Framework, revisamos su arquitectura e infraestructura respectiva en la nube identificando diferentes riesgos en <strong>seguridad, rendimiento, confiabilidad, excelencia operacional y costos.<\/strong><\/p>\n<\/div>\n<\/div>\n<\/div>\n<\/div>\n<\/div>\n<\/div>\n<\/div>\n<\/div>\n<\/div>\n<\/div>\n<\/div><\/section>\n\n\n","protected":false},"excerpt":{"rendered":"","protected":false},"author":18,"featured_media":0,"parent":0,"menu_order":0,"comment_status":"closed","ping_status":"closed","template":"templates\/full-width-page.php","meta":{"content-type":"","_uag_custom_page_level_css":"","advgb_blocks_editor_width":"","advgb_blocks_columns_visual_guide":"","footnotes":""},"class_list":["post-30566","page","type-page","status-publish","hentry"],"acf":[],"yoast_head":"<!-- This site is optimized with the Yoast SEO plugin v26.5 - https:\/\/yoast.com\/wordpress\/plugins\/seo\/ -->\n<title>Turismocity | Casos de \u00e9xito | DinoCloud | Mir\u00e1 Nuestras Historias<\/title>\n<meta name=\"description\" content=\"Junto a TurismoCity trabajamos en dos grandes hitos: facturaci\u00f3n local para los gastos de AWS y revisi\u00f3n de arquitectura mediante Well-Architected Framework\" \/>\n<meta name=\"robots\" content=\"index, follow, max-snippet:-1, max-image-preview:large, max-video-preview:-1\" \/>\n<link rel=\"canonical\" href=\"https:\/\/dinocloud.com\/es\/turismocity-esp\/\" \/>\n<meta property=\"og:locale\" content=\"es_ES\" \/>\n<meta property=\"og:type\" content=\"article\" \/>\n<meta property=\"og:title\" content=\"Turismocity | Casos de \u00e9xito | DinoCloud | Mir\u00e1 Nuestras Historias\" \/>\n<meta property=\"og:description\" content=\"Junto a TurismoCity trabajamos en dos grandes hitos: facturaci\u00f3n local para los gastos de AWS y revisi\u00f3n de arquitectura mediante Well-Architected Framework\" \/>\n<meta property=\"og:url\" content=\"https:\/\/dinocloud.com\/es\/turismocity-esp\/\" \/>\n<meta property=\"og:site_name\" content=\"DinoCloud\" \/>\n<meta property=\"article:publisher\" content=\"https:\/\/www.facebook.com\/dinocloudcons\" \/>\n<meta property=\"article:modified_time\" content=\"2020-04-27T10:53:16+00:00\" \/>\n<meta name=\"twitter:card\" content=\"summary_large_image\" \/>\n<meta name=\"twitter:site\" content=\"@dinocloud_\" \/>\n<meta name=\"twitter:label1\" content=\"Tiempo de lectura\" \/>\n\t<meta name=\"twitter:data1\" content=\"1 minuto\" \/>\n<script type=\"application\/ld+json\" class=\"yoast-schema-graph\">{\"@context\":\"https:\/\/schema.org\",\"@graph\":[{\"@type\":\"WebPage\",\"@id\":\"https:\/\/dinocloud.com\/es\/turismocity-esp\/\",\"url\":\"https:\/\/dinocloud.com\/es\/turismocity-esp\/\",\"name\":\"Turismocity | Casos de \u00e9xito | DinoCloud | Mir\u00e1 Nuestras Historias\",\"isPartOf\":{\"@id\":\"https:\/\/dinocloud.com\/es\/#website\"},\"datePublished\":\"2019-09-12T13:06:28+00:00\",\"dateModified\":\"2020-04-27T10:53:16+00:00\",\"description\":\"Junto a TurismoCity trabajamos en dos grandes hitos: facturaci\u00f3n local para los gastos de AWS y revisi\u00f3n de arquitectura mediante Well-Architected Framework\",\"breadcrumb\":{\"@id\":\"https:\/\/dinocloud.com\/es\/turismocity-esp\/#breadcrumb\"},\"inLanguage\":\"es\",\"potentialAction\":[{\"@type\":\"ReadAction\",\"target\":[\"https:\/\/dinocloud.com\/es\/turismocity-esp\/\"]}]},{\"@type\":\"BreadcrumbList\",\"@id\":\"https:\/\/dinocloud.com\/es\/turismocity-esp\/#breadcrumb\",\"itemListElement\":[{\"@type\":\"ListItem\",\"position\":1,\"name\":\"Home\",\"item\":\"https:\/\/dinocloud.com\/es\/\"},{\"@type\":\"ListItem\",\"position\":2,\"name\":\"Turismocity\"}]},{\"@type\":\"WebSite\",\"@id\":\"https:\/\/dinocloud.com\/es\/#website\",\"url\":\"https:\/\/dinocloud.com\/es\/\",\"name\":\"DinoCloud\",\"description\":\"cloud computing devops services cloud engineering\",\"publisher\":{\"@id\":\"https:\/\/dinocloud.com\/es\/#organization\"},\"potentialAction\":[{\"@type\":\"SearchAction\",\"target\":{\"@type\":\"EntryPoint\",\"urlTemplate\":\"https:\/\/dinocloud.com\/es\/?s={search_term_string}\"},\"query-input\":{\"@type\":\"PropertyValueSpecification\",\"valueRequired\":true,\"valueName\":\"search_term_string\"}}],\"inLanguage\":\"es\"},{\"@type\":\"Organization\",\"@id\":\"https:\/\/dinocloud.com\/es\/#organization\",\"name\":\"DinoCloud\",\"url\":\"https:\/\/dinocloud.com\/es\/\",\"logo\":{\"@type\":\"ImageObject\",\"inLanguage\":\"es\",\"@id\":\"https:\/\/dinocloud.com\/es\/#\/schema\/logo\/image\/\",\"url\":\"\",\"contentUrl\":\"\",\"caption\":\"DinoCloud\"},\"image\":{\"@id\":\"https:\/\/dinocloud.com\/es\/#\/schema\/logo\/image\/\"},\"sameAs\":[\"https:\/\/www.facebook.com\/dinocloudcons\",\"https:\/\/x.com\/dinocloud_\",\"https:\/\/www.instagram.com\/dinocloud_\/\",\"https:\/\/www.linkedin.com\/company\/dinocloud\",\"https:\/\/www.youtube.com\/c\/DinoCloudConsulting\"]}]}<\/script>\n<!-- \/ Yoast SEO plugin. -->","yoast_head_json":{"title":"Turismocity | Casos de \u00e9xito | DinoCloud | Mir\u00e1 Nuestras Historias","description":"Junto a TurismoCity trabajamos en dos grandes hitos: facturaci\u00f3n local para los gastos de AWS y revisi\u00f3n de arquitectura mediante Well-Architected Framework","robots":{"index":"index","follow":"follow","max-snippet":"max-snippet:-1","max-image-preview":"max-image-preview:large","max-video-preview":"max-video-preview:-1"},"canonical":"https:\/\/dinocloud.com\/es\/turismocity-esp\/","og_locale":"es_ES","og_type":"article","og_title":"Turismocity | Casos de \u00e9xito | DinoCloud | Mir\u00e1 Nuestras Historias","og_description":"Junto a TurismoCity trabajamos en dos grandes hitos: facturaci\u00f3n local para los gastos de AWS y revisi\u00f3n de arquitectura mediante Well-Architected Framework","og_url":"https:\/\/dinocloud.com\/es\/turismocity-esp\/","og_site_name":"DinoCloud","article_publisher":"https:\/\/www.facebook.com\/dinocloudcons","article_modified_time":"2020-04-27T10:53:16+00:00","twitter_card":"summary_large_image","twitter_site":"@dinocloud_","twitter_misc":{"Tiempo de lectura":"1 minuto"},"schema":{"@context":"https:\/\/schema.org","@graph":[{"@type":"WebPage","@id":"https:\/\/dinocloud.com\/es\/turismocity-esp\/","url":"https:\/\/dinocloud.com\/es\/turismocity-esp\/","name":"Turismocity | Casos de \u00e9xito | DinoCloud | Mir\u00e1 Nuestras Historias","isPartOf":{"@id":"https:\/\/dinocloud.com\/es\/#website"},"datePublished":"2019-09-12T13:06:28+00:00","dateModified":"2020-04-27T10:53:16+00:00","description":"Junto a TurismoCity trabajamos en dos grandes hitos: facturaci\u00f3n local para los gastos de AWS y revisi\u00f3n de arquitectura mediante Well-Architected Framework","breadcrumb":{"@id":"https:\/\/dinocloud.com\/es\/turismocity-esp\/#breadcrumb"},"inLanguage":"es","potentialAction":[{"@type":"ReadAction","target":["https:\/\/dinocloud.com\/es\/turismocity-esp\/"]}]},{"@type":"BreadcrumbList","@id":"https:\/\/dinocloud.com\/es\/turismocity-esp\/#breadcrumb","itemListElement":[{"@type":"ListItem","position":1,"name":"Home","item":"https:\/\/dinocloud.com\/es\/"},{"@type":"ListItem","position":2,"name":"Turismocity"}]},{"@type":"WebSite","@id":"https:\/\/dinocloud.com\/es\/#website","url":"https:\/\/dinocloud.com\/es\/","name":"DinoCloud","description":"cloud computing devops services cloud engineering","publisher":{"@id":"https:\/\/dinocloud.com\/es\/#organization"},"potentialAction":[{"@type":"SearchAction","target":{"@type":"EntryPoint","urlTemplate":"https:\/\/dinocloud.com\/es\/?s={search_term_string}"},"query-input":{"@type":"PropertyValueSpecification","valueRequired":true,"valueName":"search_term_string"}}],"inLanguage":"es"},{"@type":"Organization","@id":"https:\/\/dinocloud.com\/es\/#organization","name":"DinoCloud","url":"https:\/\/dinocloud.com\/es\/","logo":{"@type":"ImageObject","inLanguage":"es","@id":"https:\/\/dinocloud.com\/es\/#\/schema\/logo\/image\/","url":"","contentUrl":"","caption":"DinoCloud"},"image":{"@id":"https:\/\/dinocloud.com\/es\/#\/schema\/logo\/image\/"},"sameAs":["https:\/\/www.facebook.com\/dinocloudcons","https:\/\/x.com\/dinocloud_","https:\/\/www.instagram.com\/dinocloud_\/","https:\/\/www.linkedin.com\/company\/dinocloud","https:\/\/www.youtube.com\/c\/DinoCloudConsulting"]}]}},"uagb_featured_image_src":{"full":false,"thumbnail":false,"medium":false,"medium_large":false,"large":false,"1536x1536":false,"2048x2048":false},"uagb_author_info":{"display_name":"Gonzalo Puig","author_link":"https:\/\/dinocloud.com\/es\/author\/gonzalo\/"},"uagb_comment_info":0,"uagb_excerpt":null,"coauthors":[],"author_meta":{"author_link":"https:\/\/dinocloud.com\/es\/author\/gonzalo\/","display_name":"Gonzalo Puig"},"relative_dates":{"created":"Publicado 7 a\u00f1os hace","modified":"Actualizado 6 a\u00f1os hace"},"absolute_dates":{"created":"Publicado el septiembre 12, 2019","modified":"Actualizado el abril 27, 2020"},"absolute_dates_time":{"created":"Publicado el septiembre 12, 2019 1:06 pm","modified":"Actualizado el abril 27, 2020 10:53 am"},"featured_img_caption":"","featured_img":false,"series_order":"","_links":{"self":[{"href":"https:\/\/dinocloud.com\/es\/wp-json\/wp\/v2\/pages\/30566","targetHints":{"allow":["GET"]}}],"collection":[{"href":"https:\/\/dinocloud.com\/es\/wp-json\/wp\/v2\/pages"}],"about":[{"href":"https:\/\/dinocloud.com\/es\/wp-json\/wp\/v2\/types\/page"}],"author":[{"embeddable":true,"href":"https:\/\/dinocloud.com\/es\/wp-json\/wp\/v2\/users\/18"}],"replies":[{"embeddable":true,"href":"https:\/\/dinocloud.com\/es\/wp-json\/wp\/v2\/comments?post=30566"}],"version-history":[{"count":0,"href":"https:\/\/dinocloud.com\/es\/wp-json\/wp\/v2\/pages\/30566\/revisions"}],"wp:attachment":[{"href":"https:\/\/dinocloud.com\/es\/wp-json\/wp\/v2\/media?parent=30566"}],"curies":[{"name":"wp","href":"https:\/\/api.w.org\/{rel}","templated":true}]}}