{"id":31865,"date":"2020-07-23T15:50:54","date_gmt":"2020-07-23T15:50:54","guid":{"rendered":"https:\/\/dinocloud.com\/?page_id=31865"},"modified":"2021-06-28T19:45:53","modified_gmt":"2021-06-28T19:45:53","slug":"pinbus","status":"publish","type":"page","link":"https:\/\/dinocloud.com\/es\/pinbus\/","title":{"rendered":"Pinbus"},"content":{"rendered":"\n<section class=\"wp-block-uagb-section uagb-section__wrap uagb-section__background-undefined uagb-block-e9f0eead pt-5 pb-5\"><div class=\"uagb-section__overlay\"><\/div><div class=\"uagb-section__inner-wrap\">\n<figure class=\"wp-block-image size-large is-resized\"><img decoding=\"async\" src=\"https:\/\/dinocloud.com\/wp-content\/uploads\/2020\/07\/pinbus-logo-nav-1.svg\" alt=\"\" class=\"wp-image-31864\" width=\"360\" height=\"73\"\/><\/figure>\n\n\n\n<div style=\"height:59px\" aria-hidden=\"true\" class=\"wp-block-spacer\"><\/div>\n\n\n\n<p>Emprendimiento colombiano que ha sido pionero en la digitalizaci\u00f3n de compra de pasajes de bus en el pa\u00eds, es una plataforma en donde el viajero puede comparar y adquirir sus boletos a m\u00e1s de 1600 destinos del territorio colombiano, siendo una de las principales ventajas poder poner a disposici\u00f3n del usuario toda la informaci\u00f3n referente a las empresas de transporte como disponibilidad de servicios, destinos y disponibilidad.<\/p>\n\n\n\n<p>Con m\u00e1s de 1.2 millones de pasajes de bus vendidos, la plataforma de Pinbus permite a los viajeros comparar viajes y comprar pasajes en m\u00e1s de 40 empresas de transporte con m\u00faltiples medios de pago incluyendo TC, PSE, Billeteras Virtuales y Efectivo. En un mercado de m\u00e1s de 120 millones de pasajeros al a\u00f1o Pinbus le est\u00e1 apostando a la digitalizaci\u00f3n por medio de generar confianza al usuario y facilidad a la hora de adquirir sus pasajes.<\/p>\n\n\n\n<p>Con un crecimiento sostenido de m\u00e1s de 150% en los \u00faltimos dos a\u00f1os, una parte fundamental de la estrategia de Pinbus ha sido crecer sobre un entorno cloud como AWS y apalancarse sobre nuevas tecnolog\u00edas.&nbsp;<\/p>\n\n\n\n<h4 class=\"wp-block-heading\"><strong>Logros<\/strong><\/h4>\n\n\n\n<ul class=\"wp-block-list\"><li>50% de reducci\u00f3n de costos en toda la infraestructura.<\/li><li>Reducci\u00f3n del 90% de riesgos altos de seguridad.<\/li><li>Reducci\u00f3n de servidores activos 24&#215;7&nbsp; en un 68%<\/li><li>Escalamiento autom\u00e1tico y flexibilidad en todo el entorno<\/li><li>Entorno completamente tolerante a fallos.<\/li><\/ul>\n\n\n\n<div style=\"height:100px\" aria-hidden=\"true\" class=\"wp-block-spacer\"><\/div>\n\n\n\n<h2 class=\"wp-block-heading\"><strong>DESAF\u00cdO<\/strong><\/h2>\n\n\n\n<p>En la medida de que crece la digitalizaci\u00f3n en Colombia y se acelera la transici\u00f3n de usuarios del canal offline al online uno de los mayores desaf\u00edos de Pinbus es tener una soluci\u00f3n robusta, confiable y escalable para soportar el crecimiento y manejar eficientemente los picos de demanda que se presentan en las temporadas altas. Era fundamental para Pinbus contar con una \u00f3ptima selecci\u00f3n de recursos, m\u00e9todos de auto escalado autom\u00e1ticos o predecibles, y un correcto seguimiento de los costos para la viabilidad econ\u00f3mica del modelo de negocio.&nbsp;<\/p>\n\n\n\n<p>Antes de contratar los servicios de DinoCloud, Pinbus contaba con una una plataforma orientada a microservicios en muchos de sus procesos internos pero sin una herramienta de orquestaci\u00f3n definida, con procesos de despliegue manuales y con falencias importantes en seguridad de cara a conexiones internas y a terceros como pasarelas de pago. El objetivo de Pinbus era obtener una infraestructura que cumpliera los est\u00e1ndares de seguridad, que fuese lo suficientemente din\u00e1mica y automatizada y que fuera suficientemente eficiente para optimizar los costos de infraestructura al m\u00e1ximo.<\/p>\n\n\n\n<div style=\"height:100px\" aria-hidden=\"true\" class=\"wp-block-spacer\"><\/div>\n\n\n\n<h2 class=\"wp-block-heading\"><strong>NUESTRO ENFOQUE<\/strong><\/h2>\n\n\n\n<p>Con metas claras para esta colaboraci\u00f3n, la mejor estrategia para cumplirlas era tener una visi\u00f3n bastante precisa de la situaci\u00f3n actual de Pinbus y poder definir las buenas pr\u00e1cticas necesarias, en apoyo con el AWS Well-Architected Framework pudimos obtener esa radiograf\u00eda de la situaci\u00f3n actual.<\/p>\n\n\n\n<p>Las \u00e1reas de principal foco fueron tener un sistema con un alto rendimiento perfectamente optimizado a nivel de costos y con una operatividad bastante automatizada y que cumpliera los requerimientos de seguridad que las integraciones con terceros solicitaban.<\/p>\n\n\n\n<p>Teniendo una gran mayor\u00eda de microservicios ya dentro de la tecnolog\u00eda de contenedores el primer paso fue llevar todos a una \u00fanica plataforma de despliegue y llevar a contendores los que a\u00fan estaban en m\u00e9todos tradicionales, siendo posible integrar herramientas de despliegue e integraci\u00f3n continua al stack tecnol\u00f3gico.<\/p>\n\n\n\n<p>Este primer acercamiento permiti\u00f3 trabajar en paralelo con el servicio de kubernetes de AWS para dise\u00f1ar e implementar un orquestador de contenedores que diera los rendimientos y posibilidad de escalamiento ideal para la soluci\u00f3n, dando como valores agregados la segmentaci\u00f3n de los entornos productivos y de desarrollo y garantizar la disponibilidad.<\/p>\n\n\n\n<p>Sumando una extensiva auditor\u00eda de seguridad que deriv\u00f3 en la activaci\u00f3n de muchos servicios integrados en AWS para asegurar la privacidad de la informaci\u00f3n.<\/p>\n\n\n\n<div style=\"height:100px\" aria-hidden=\"true\" class=\"wp-block-spacer\"><\/div>\n\n\n\n<h2 class=\"wp-block-heading\"><strong>TECNOLOG\u00cdAS USADAS<\/strong><\/h2>\n\n\n\n<p>El uso de tecnolog\u00edas\/servicios de Amazon Web Services fue clave para lograr una soluci\u00f3n acorde a las necesidades, de las que podemos destacar a nivel de computo AWS EC2, AWS Load Balancer, AWS EKS, AWS ECR, AWS Beanstalk y entorno a almacenamiento AWS S3, AWS Dynamodb, AWS ElastiCache, AWS RDS; sin dejar de lado la integraci\u00f3n y seguridad con AWS SES y AWS Security Hub.<\/p>\n\n\n\n<h4 class=\"wp-block-heading\"><strong>EN CUANTO A LO T\u00c9CNICO<\/strong><\/h4>\n\n\n\n<p>Siendo una arquitectura familiar y madura para DinoCloud la que compone el desaf\u00edo de Pinbus, la segmentaci\u00f3n l\u00f3gica y funcional de ambiente productivo y de desarrollo en una base de 3 capas (p\u00fablica, aplicaci\u00f3n y datos) con el uso del orquestador de contenedores Kubernetes dado por el servicio administrado AWS EKS fue un objetivo alcanzado gracias a un proceso de estandarizaci\u00f3n de microservicios a contenedores consolidados en la herramienta de gesti\u00f3n AWS Beanstalk que nos ayuda a validar la soluci\u00f3n en su totalidad.<\/p>\n\n\n\n<p>Todo concebido con las buenas pr\u00e1cticas que venimos recolectando con la experiencia de clientes con necesidades similares y orientados a brindar una excelencia operacional apoyados de herramientas como Terraform que nos dieron la posibilidad de hacer el despliegue de toda la infraestructura en tiempos reducidos en comparaci\u00f3n a metodolog\u00edas manuales.<\/p>\n\n\n\n<h4 class=\"wp-block-heading\"><strong>LOS RESULTADOS<\/strong><\/h4>\n\n\n\n<p>La optimizaci\u00f3n de la infraestructura derivada de una arquitectura moderna orientada a microservicios ejecutada con servicios especializados de AWS deriv\u00f3 en resultados de alto impacto para Pinbus, como una reducci\u00f3n de sus gastos mensuales de un 40% aproximadamente solo haciendo uso de una arquitectura pensada al escalado autom\u00e1tico y al uso de recursos con un correcto dimensionado, dejando abierta la oportunidad de poder reducir cerca de un 20% adicional si se consolidan compromisos de consumo para los pr\u00f3ximos a\u00f1os.<\/p>\n\n\n\n<p>Desde el punto de vista operacional se pudo sumar el uso ambientes totalmente independientes y con clusters de kubernetes dedicados para una segmentaci\u00f3n adecuada, otorgando protecci\u00f3n extra al entorno e indiscutiblemente a la informaci\u00f3n sensible que ahora es encriptada en reposo con los esquemas de backups necesarios.<\/p>\n\n\n\n<p>Con una metodolog\u00eda de despliegue continuo los cambios y adici\u00f3n de nuevas funcionalidades a la plataforma se realizan de manera m\u00e1s autom\u00e1tica y estable con tiempos reducidos, dotando a los viajeros en un menor tiempo de los avances de Pinbus como soluci\u00f3n en el mercado.<\/p>\n\n\n\n<p>El compromiso a largo plazo de Pinbus para sus usuarios est\u00e1 asegurado gracias a la posibilidad de hacer frente a la demanda con una arquitectura confiable, escalable y segura, con una rentabilidad a\u00fan mayor gracias a la reducci\u00f3n significativa de inversi\u00f3n en nube.<\/p>\n<\/div><\/section>\n\n\n\n<div style=\"height:100px\" aria-hidden=\"true\" class=\"wp-block-spacer\"><\/div>\n\n\n\n<section class=\"wp-block-uagb-section uagb-section__wrap uagb-section__background-color uagb-block-d098f67d pt-5 pb-5\"><div class=\"uagb-section__overlay\"><\/div><div class=\"uagb-section__inner-wrap\">\n<h4 class=\"has-text-align-center pt-5 pb-5 wp-block-heading\"><strong>\u00a1Escr\u00edbenos!<\/strong><\/h4>\n\n\n\n<div class=\"wp-block-columns is-layout-flex wp-container-core-columns-is-layout-9d6595d7 wp-block-columns-is-layout-flex\">\n<div class=\"wp-block-column is-layout-flow wp-block-column-is-layout-flow\" style=\"flex-basis:60%\"><p>[contact-form-7 id=\u00bb29342&#8243; title=\u00bbFormulario de contacto general\u00bb]<\/p>\n<\/div>\n\n\n\n<div class=\"wp-block-column is-layout-flow wp-block-column-is-layout-flow\">\n<div class=\"wp-block-column\">\n<div><strong>USA<\/strong><\/div>\n<div>US Address:&nbsp;40 sw 13th st suite 102,&nbsp;Miami FL 33130<\/div>\n<div>US Phone Number:&nbsp;+1 574 598 4299<\/div>\n<div>&nbsp;<\/div>\n<div>&nbsp;<\/div>\n<div><strong>Argentina<\/strong><\/div>\n<div>Av. Poeta Lugones 340 \u2013 X5000HZQ C\u00f3rdoba<\/div>\n<div>0351 652-8442<\/div>\n<div>&nbsp;<\/div>\n<\/div>\n\n\n\n<figure class=\"wp-block-image size-large\"><img fetchpriority=\"high\" decoding=\"async\" width=\"600\" height=\"371\" src=\"https:\/\/dinocloud.com\/wp-content\/uploads\/2020\/05\/dinocloud.comntact.jpg\" alt=\"dinocloud cloud consulting and devops team\" class=\"wp-image-31377\" srcset=\"https:\/\/dinocloud.com\/wp-content\/uploads\/2020\/05\/dinocloud.comntact.jpg 600w, https:\/\/dinocloud.com\/wp-content\/uploads\/2020\/05\/dinocloud.comntact-300x186.jpg 300w\" sizes=\"(max-width: 600px) 100vw, 600px\" \/><\/figure>\n\n\n\n<p>Ready to be a part of your team!<\/p>\n<\/div>\n<\/div>\n\n\n\n<p><\/p>\n<\/div><\/section>\n","protected":false},"excerpt":{"rendered":"","protected":false},"author":18,"featured_media":0,"parent":0,"menu_order":0,"comment_status":"closed","ping_status":"closed","template":"templates\/full-width-page.php","meta":{"content-type":"","_uag_custom_page_level_css":"","advgb_blocks_editor_width":"","advgb_blocks_columns_visual_guide":"","footnotes":""},"class_list":["post-31865","page","type-page","status-publish","hentry"],"acf":[],"yoast_head":"<!-- This site is optimized with the Yoast SEO plugin v26.5 - https:\/\/yoast.com\/wordpress\/plugins\/seo\/ -->\n<title>Pinbus | DinoCloud<\/title>\n<meta name=\"description\" content=\"Descubra c\u00f3mo, gracias a AWS Well-Architected Framework, DinoCloud pudo obtener una perspectiva completa de la situaci\u00f3n actual de Pinbus.\" \/>\n<meta name=\"robots\" content=\"index, follow, max-snippet:-1, max-image-preview:large, max-video-preview:-1\" \/>\n<link rel=\"canonical\" href=\"https:\/\/dinocloud.com\/es\/pinbus\/\" \/>\n<meta property=\"og:locale\" content=\"es_ES\" \/>\n<meta property=\"og:type\" content=\"article\" \/>\n<meta property=\"og:title\" content=\"Pinbus | DinoCloud\" \/>\n<meta property=\"og:description\" content=\"Descubra c\u00f3mo, gracias a AWS Well-Architected Framework, DinoCloud pudo obtener una perspectiva completa de la situaci\u00f3n actual de Pinbus.\" \/>\n<meta property=\"og:url\" content=\"https:\/\/dinocloud.com\/es\/pinbus\/\" \/>\n<meta property=\"og:site_name\" content=\"DinoCloud\" \/>\n<meta property=\"article:publisher\" content=\"https:\/\/www.facebook.com\/dinocloudcons\" \/>\n<meta property=\"article:modified_time\" content=\"2021-06-28T19:45:53+00:00\" \/>\n<meta property=\"og:image\" content=\"https:\/\/dinocloud.com\/wp-content\/uploads\/2020\/07\/pinbus-logo-nav-1.svg\" \/>\n<meta name=\"twitter:card\" content=\"summary_large_image\" \/>\n<meta name=\"twitter:site\" content=\"@dinocloud_\" \/>\n<meta name=\"twitter:label1\" content=\"Tiempo de lectura\" \/>\n\t<meta name=\"twitter:data1\" content=\"6 minutos\" \/>\n<script type=\"application\/ld+json\" class=\"yoast-schema-graph\">{\"@context\":\"https:\/\/schema.org\",\"@graph\":[{\"@type\":\"WebPage\",\"@id\":\"https:\/\/dinocloud.com\/es\/pinbus\/\",\"url\":\"https:\/\/dinocloud.com\/es\/pinbus\/\",\"name\":\"Pinbus | DinoCloud\",\"isPartOf\":{\"@id\":\"https:\/\/dinocloud.com\/es\/#website\"},\"primaryImageOfPage\":{\"@id\":\"https:\/\/dinocloud.com\/es\/pinbus\/#primaryimage\"},\"image\":{\"@id\":\"https:\/\/dinocloud.com\/es\/pinbus\/#primaryimage\"},\"thumbnailUrl\":\"https:\/\/dinocloud.com\/wp-content\/uploads\/2020\/07\/pinbus-logo-nav-1.svg\",\"datePublished\":\"2020-07-23T15:50:54+00:00\",\"dateModified\":\"2021-06-28T19:45:53+00:00\",\"description\":\"Descubra c\u00f3mo, gracias a AWS Well-Architected Framework, DinoCloud pudo obtener una perspectiva completa de la situaci\u00f3n actual de Pinbus.\",\"breadcrumb\":{\"@id\":\"https:\/\/dinocloud.com\/es\/pinbus\/#breadcrumb\"},\"inLanguage\":\"es\",\"potentialAction\":[{\"@type\":\"ReadAction\",\"target\":[\"https:\/\/dinocloud.com\/es\/pinbus\/\"]}]},{\"@type\":\"ImageObject\",\"inLanguage\":\"es\",\"@id\":\"https:\/\/dinocloud.com\/es\/pinbus\/#primaryimage\",\"url\":\"https:\/\/dinocloud.com\/wp-content\/uploads\/2020\/07\/pinbus-logo-nav-1.svg\",\"contentUrl\":\"https:\/\/dinocloud.com\/wp-content\/uploads\/2020\/07\/pinbus-logo-nav-1.svg\"},{\"@type\":\"BreadcrumbList\",\"@id\":\"https:\/\/dinocloud.com\/es\/pinbus\/#breadcrumb\",\"itemListElement\":[{\"@type\":\"ListItem\",\"position\":1,\"name\":\"Home\",\"item\":\"https:\/\/dinocloud.com\/es\/\"},{\"@type\":\"ListItem\",\"position\":2,\"name\":\"Pinbus\"}]},{\"@type\":\"WebSite\",\"@id\":\"https:\/\/dinocloud.com\/es\/#website\",\"url\":\"https:\/\/dinocloud.com\/es\/\",\"name\":\"DinoCloud\",\"description\":\"cloud computing devops services cloud engineering\",\"publisher\":{\"@id\":\"https:\/\/dinocloud.com\/es\/#organization\"},\"potentialAction\":[{\"@type\":\"SearchAction\",\"target\":{\"@type\":\"EntryPoint\",\"urlTemplate\":\"https:\/\/dinocloud.com\/es\/?s={search_term_string}\"},\"query-input\":{\"@type\":\"PropertyValueSpecification\",\"valueRequired\":true,\"valueName\":\"search_term_string\"}}],\"inLanguage\":\"es\"},{\"@type\":\"Organization\",\"@id\":\"https:\/\/dinocloud.com\/es\/#organization\",\"name\":\"DinoCloud\",\"url\":\"https:\/\/dinocloud.com\/es\/\",\"logo\":{\"@type\":\"ImageObject\",\"inLanguage\":\"es\",\"@id\":\"https:\/\/dinocloud.com\/es\/#\/schema\/logo\/image\/\",\"url\":\"\",\"contentUrl\":\"\",\"caption\":\"DinoCloud\"},\"image\":{\"@id\":\"https:\/\/dinocloud.com\/es\/#\/schema\/logo\/image\/\"},\"sameAs\":[\"https:\/\/www.facebook.com\/dinocloudcons\",\"https:\/\/x.com\/dinocloud_\",\"https:\/\/www.instagram.com\/dinocloud_\/\",\"https:\/\/www.linkedin.com\/company\/dinocloud\",\"https:\/\/www.youtube.com\/c\/DinoCloudConsulting\"]}]}<\/script>\n<!-- \/ Yoast SEO plugin. -->","yoast_head_json":{"title":"Pinbus | DinoCloud","description":"Descubra c\u00f3mo, gracias a AWS Well-Architected Framework, DinoCloud pudo obtener una perspectiva completa de la situaci\u00f3n actual de Pinbus.","robots":{"index":"index","follow":"follow","max-snippet":"max-snippet:-1","max-image-preview":"max-image-preview:large","max-video-preview":"max-video-preview:-1"},"canonical":"https:\/\/dinocloud.com\/es\/pinbus\/","og_locale":"es_ES","og_type":"article","og_title":"Pinbus | DinoCloud","og_description":"Descubra c\u00f3mo, gracias a AWS Well-Architected Framework, DinoCloud pudo obtener una perspectiva completa de la situaci\u00f3n actual de Pinbus.","og_url":"https:\/\/dinocloud.com\/es\/pinbus\/","og_site_name":"DinoCloud","article_publisher":"https:\/\/www.facebook.com\/dinocloudcons","article_modified_time":"2021-06-28T19:45:53+00:00","og_image":[{"url":"https:\/\/dinocloud.com\/wp-content\/uploads\/2020\/07\/pinbus-logo-nav-1.svg","type":"","width":"","height":""}],"twitter_card":"summary_large_image","twitter_site":"@dinocloud_","twitter_misc":{"Tiempo de lectura":"6 minutos"},"schema":{"@context":"https:\/\/schema.org","@graph":[{"@type":"WebPage","@id":"https:\/\/dinocloud.com\/es\/pinbus\/","url":"https:\/\/dinocloud.com\/es\/pinbus\/","name":"Pinbus | DinoCloud","isPartOf":{"@id":"https:\/\/dinocloud.com\/es\/#website"},"primaryImageOfPage":{"@id":"https:\/\/dinocloud.com\/es\/pinbus\/#primaryimage"},"image":{"@id":"https:\/\/dinocloud.com\/es\/pinbus\/#primaryimage"},"thumbnailUrl":"https:\/\/dinocloud.com\/wp-content\/uploads\/2020\/07\/pinbus-logo-nav-1.svg","datePublished":"2020-07-23T15:50:54+00:00","dateModified":"2021-06-28T19:45:53+00:00","description":"Descubra c\u00f3mo, gracias a AWS Well-Architected Framework, DinoCloud pudo obtener una perspectiva completa de la situaci\u00f3n actual de Pinbus.","breadcrumb":{"@id":"https:\/\/dinocloud.com\/es\/pinbus\/#breadcrumb"},"inLanguage":"es","potentialAction":[{"@type":"ReadAction","target":["https:\/\/dinocloud.com\/es\/pinbus\/"]}]},{"@type":"ImageObject","inLanguage":"es","@id":"https:\/\/dinocloud.com\/es\/pinbus\/#primaryimage","url":"https:\/\/dinocloud.com\/wp-content\/uploads\/2020\/07\/pinbus-logo-nav-1.svg","contentUrl":"https:\/\/dinocloud.com\/wp-content\/uploads\/2020\/07\/pinbus-logo-nav-1.svg"},{"@type":"BreadcrumbList","@id":"https:\/\/dinocloud.com\/es\/pinbus\/#breadcrumb","itemListElement":[{"@type":"ListItem","position":1,"name":"Home","item":"https:\/\/dinocloud.com\/es\/"},{"@type":"ListItem","position":2,"name":"Pinbus"}]},{"@type":"WebSite","@id":"https:\/\/dinocloud.com\/es\/#website","url":"https:\/\/dinocloud.com\/es\/","name":"DinoCloud","description":"cloud computing devops services cloud engineering","publisher":{"@id":"https:\/\/dinocloud.com\/es\/#organization"},"potentialAction":[{"@type":"SearchAction","target":{"@type":"EntryPoint","urlTemplate":"https:\/\/dinocloud.com\/es\/?s={search_term_string}"},"query-input":{"@type":"PropertyValueSpecification","valueRequired":true,"valueName":"search_term_string"}}],"inLanguage":"es"},{"@type":"Organization","@id":"https:\/\/dinocloud.com\/es\/#organization","name":"DinoCloud","url":"https:\/\/dinocloud.com\/es\/","logo":{"@type":"ImageObject","inLanguage":"es","@id":"https:\/\/dinocloud.com\/es\/#\/schema\/logo\/image\/","url":"","contentUrl":"","caption":"DinoCloud"},"image":{"@id":"https:\/\/dinocloud.com\/es\/#\/schema\/logo\/image\/"},"sameAs":["https:\/\/www.facebook.com\/dinocloudcons","https:\/\/x.com\/dinocloud_","https:\/\/www.instagram.com\/dinocloud_\/","https:\/\/www.linkedin.com\/company\/dinocloud","https:\/\/www.youtube.com\/c\/DinoCloudConsulting"]}]}},"uagb_featured_image_src":{"full":false,"thumbnail":false,"medium":false,"medium_large":false,"large":false,"1536x1536":false,"2048x2048":false},"uagb_author_info":{"display_name":"Gonzalo Puig","author_link":"https:\/\/dinocloud.com\/es\/author\/gonzalo\/"},"uagb_comment_info":0,"uagb_excerpt":null,"coauthors":[],"author_meta":{"author_link":"https:\/\/dinocloud.com\/es\/author\/gonzalo\/","display_name":"Gonzalo Puig"},"relative_dates":{"created":"Publicado 6 a\u00f1os hace","modified":"Actualizado 5 a\u00f1os hace"},"absolute_dates":{"created":"Publicado el julio 23, 2020","modified":"Actualizado el junio 28, 2021"},"absolute_dates_time":{"created":"Publicado el julio 23, 2020 3:50 pm","modified":"Actualizado el junio 28, 2021 7:45 pm"},"featured_img_caption":"","featured_img":false,"series_order":"","_links":{"self":[{"href":"https:\/\/dinocloud.com\/es\/wp-json\/wp\/v2\/pages\/31865","targetHints":{"allow":["GET"]}}],"collection":[{"href":"https:\/\/dinocloud.com\/es\/wp-json\/wp\/v2\/pages"}],"about":[{"href":"https:\/\/dinocloud.com\/es\/wp-json\/wp\/v2\/types\/page"}],"author":[{"embeddable":true,"href":"https:\/\/dinocloud.com\/es\/wp-json\/wp\/v2\/users\/18"}],"replies":[{"embeddable":true,"href":"https:\/\/dinocloud.com\/es\/wp-json\/wp\/v2\/comments?post=31865"}],"version-history":[{"count":0,"href":"https:\/\/dinocloud.com\/es\/wp-json\/wp\/v2\/pages\/31865\/revisions"}],"wp:attachment":[{"href":"https:\/\/dinocloud.com\/es\/wp-json\/wp\/v2\/media?parent=31865"}],"curies":[{"name":"wp","href":"https:\/\/api.w.org\/{rel}","templated":true}]}}