{"id":32759,"date":"2021-05-11T16:04:18","date_gmt":"2021-05-11T16:04:18","guid":{"rendered":"https:\/\/dinocloud.com\/?page_id=32759"},"modified":"2021-05-11T18:27:55","modified_gmt":"2021-05-11T18:27:55","slug":"tarjeta-oca","status":"publish","type":"page","link":"https:\/\/dinocloud.com\/es\/tarjeta-oca\/","title":{"rendered":"Tarjeta OCA"},"content":{"rendered":"\n<section class=\"wp-block-uagb-section uagb-section__wrap uagb-section__background-undefined uagb-block-c100d060 pt-5 pb-5\"><div class=\"uagb-section__overlay\"><\/div><div class=\"uagb-section__inner-wrap\">\n<h4><img decoding=\"async\" class=\"aligncenter wp-image-32756 size-medium\" src=\"https:\/\/dinocloud.com\/wp-content\/uploads\/2021\/05\/oca-logo-300x116.png\" alt=\"\" width=\"300\" height=\"116\" srcset=\"https:\/\/dinocloud.com\/wp-content\/uploads\/2021\/05\/oca-logo-300x116.png 300w, https:\/\/dinocloud.com\/wp-content\/uploads\/2021\/05\/oca-logo.png 442w\" sizes=\"(max-width: 300px) 100vw, 300px\" \/><\/h4>\n<h4>\u00a0<\/h4>\n<h4><b>Acerca de Tarjeta OCA<\/b><\/h4>\n<p>OCA es una compa\u00f1\u00eda financiera de Uruguay, l\u00edder en tarjeta de cr\u00e9dito y pr\u00e9stamos personales. Desde 1966 brinda servicios evolucionando desde la innovaci\u00f3n y con el foco siempre puesto en el cliente.<\/p>\n<p>Es una de las principales tarjetas de cr\u00e9dito en Uruguay, aceptada en pr\u00e1cticamente cualquier rinc\u00f3n del pa\u00eds con una importante variedad de beneficios y opciones de financiaci\u00f3n.<\/p>\n<p>En 2006 fue adquirida por Banco Ita\u00fa, uno de los bancos m\u00e1s grandes de Brasil.<\/p>\n<h4>\u00a0<\/h4>\n<h4><strong>El Desaf\u00edo<\/strong><\/h4>\n<p>OCA llega a DinoCloud con la desafiante necesidad de diagramar e implementar su estrategia de transporte, procesamiento y an\u00e1lisis de datos en la nube. Todo esto en pos de conocer mejor a los clientes, conocer mejor a la organizaci\u00f3n y acercar a quienes corresponda mejores herramientas para tomar decisiones.<\/p>\n<p>El principal desaf\u00edo fue lograr la ingesta de datos desde sus centros de datos locales e integrar este canal con toda una arquitectura desplegada en la nube. La prioridad era clara, y estaba en poder implementar esta estrategia de la manera m\u00e1s segura posible, para luego poder transformar estos datos y poder generar nueva informaci\u00f3n.<\/p>\n<p>En otras palabras, est\u00e1bamos ante el desaf\u00edo de un lago de datos h\u00edbrido.<\/p>\n<h4>\u00a0<\/h4>\n<h4><strong>Nuestro Enfoque<\/strong><span style=\"font-weight: 400;\"><br \/><\/span><\/h4>\n<p>Ser \u201ccloud-first\u201d y \u201ccompliant-first\u201d.<\/p>\n<p>Como compa\u00f1\u00eda financiera, la seguridad y cumplimiento de normas y est\u00e1ndares son aspectos vitales que deben ser considerados en todas las etapas del proyecto.<\/p>\n<p>Comenzamos desarrollando la infraestructura de datos como c\u00f3digo, para poder automatizar y replicar la implementaci\u00f3n, pudiendo configurar una cuenta de AWS que se integre con la estrategia de gobierno actual de la empresa.<\/p>\n<p>Los aspectos clave de la implementaci\u00f3n no s\u00f3lo abarcaron considerar todos los aspectos t\u00e9cnicos y comerciales por parte de nuestros arquitectos de soluciones y especialistas en an\u00e1lisis de datos, sino tambi\u00e9n cumplir con los est\u00e1ndares de seguridad y gobernabilidad que la empresa ya ten\u00eda implementados.<\/p>\n<p>La nueva implementaci\u00f3n puede recibir, procesar y visualizar datos de diferentes fuentes dentro y fuera de AWS, utilizando los servicios m\u00e1s sofisticados de la manera m\u00e1s eficiente.<\/p>\n<h4>\u00a0<\/h4>\n<h4>Tecnolog\u00edas usadas<\/h4>\n<p>Las soluciones deb\u00edan ser creadas y administradas por c\u00f3digo, utilizando el servicio nativo de AWS para esto, AWS CloudFormation. La conexi\u00f3n entre la nube y las instalaciones deb\u00eda ser segura, para ello utilizamos AWS Site-to-Site VPN para esta conexi\u00f3n.<\/p>\n<p>Para mover los datos de OCA a la nube, necesit\u00e1bamos un servicio que se pudiera utilizar a trav\u00e9s de VPN; con AWS DataSync pudimos satisfacer f\u00e1cilmente esta necesidad. El servicio utilizado para almacenar los datos en AWS es Amazon S3, donde se incluy\u00f3 la encriptaci\u00f3n en reposo.<\/p>\n<p>Uno de los objetivos era lograr que los datos estuvieran disponibles en un servicio con s\u00f3lidas capacidades de procesamiento, y Amazon Redshift ayud\u00f3 con eso. Pero antes de eso, era un requisito purgar, transformar y mover los datos al almac\u00e9n de datos, y AWS Glue fue el servicio elegido para manejar el ETL.<\/p>\n<p>Otras servicios utilizados: Amazon VPC, Amazon EC2, Tableau, AWS Lake Formation.<\/p>\n<h4><strong>Los Resultados<\/strong><\/h4>\n<p>Una estrategia de datos de vanguardia y de primera clase.<\/p>\n<p>Desde la estrategia ejecutiva hasta las tecnolog\u00edas implementadas y su integraci\u00f3n, OCA es una organizaci\u00f3n financiera que administra sus datos de manera eficiente y \u00e1gil con el fin de poder utilizar sus datos actuales para conocer mejor sus usuarios y tomar decisiones orientadas a la obsesi\u00f3n por el cliente, pilar fundamental de sus valores.<\/p>\n<p>Con un enfoque h\u00edbrido, OCA puede contar con una plataforma de visualizaci\u00f3n, procesamiento y administraci\u00f3n de datos segura y compatible, completamente implementada en AWS e integrada con diversos tipos de fuentes. Esta soluci\u00f3n est\u00e1 lista para escalar en servicios y brindar soporte comercial a quienes toman las decisiones.<\/p>\n<p style=\"text-align: center;\">\u00a0<\/p>\n\n\n\n<p><\/p>\n<\/div><\/section>\n\n\n","protected":false},"excerpt":{"rendered":"","protected":false},"author":18,"featured_media":0,"parent":0,"menu_order":0,"comment_status":"closed","ping_status":"closed","template":"templates\/full-width-page.php","meta":{"content-type":"","_uag_custom_page_level_css":"","advgb_blocks_editor_width":"","advgb_blocks_columns_visual_guide":"","footnotes":""},"class_list":["post-32759","page","type-page","status-publish","hentry"],"acf":[],"yoast_head":"<!-- This site is optimized with the Yoast SEO plugin v26.5 - https:\/\/yoast.com\/wordpress\/plugins\/seo\/ -->\n<title>Tarjeta OCA | DinoCloud<\/title>\n<meta name=\"description\" content=\"Desarrollamos la infraestructura de datos como c\u00f3digo para automatizar y replicar la implementaci\u00f3n, configurando AWS para que se integre con la estrategia de gobierno actual.\" \/>\n<meta name=\"robots\" content=\"index, follow, max-snippet:-1, max-image-preview:large, max-video-preview:-1\" \/>\n<link rel=\"canonical\" href=\"https:\/\/dinocloud.com\/es\/tarjeta-oca\/\" \/>\n<meta property=\"og:locale\" content=\"es_ES\" \/>\n<meta property=\"og:type\" content=\"article\" \/>\n<meta property=\"og:title\" content=\"Tarjeta OCA | DinoCloud\" \/>\n<meta property=\"og:description\" content=\"Desarrollamos la infraestructura de datos como c\u00f3digo para automatizar y replicar la implementaci\u00f3n, configurando AWS para que se integre con la estrategia de gobierno actual.\" \/>\n<meta property=\"og:url\" content=\"https:\/\/dinocloud.com\/es\/tarjeta-oca\/\" \/>\n<meta property=\"og:site_name\" content=\"DinoCloud\" \/>\n<meta property=\"article:publisher\" content=\"https:\/\/www.facebook.com\/dinocloudcons\" \/>\n<meta property=\"article:modified_time\" content=\"2021-05-11T18:27:55+00:00\" \/>\n<meta property=\"og:image\" content=\"https:\/\/dinocloud.com\/wp-content\/uploads\/2021\/05\/oca-logo-300x116.png\" \/>\n<meta name=\"twitter:card\" content=\"summary_large_image\" \/>\n<meta name=\"twitter:site\" content=\"@dinocloud_\" \/>\n<meta name=\"twitter:label1\" content=\"Tiempo de lectura\" \/>\n\t<meta name=\"twitter:data1\" content=\"3 minutos\" \/>\n<script type=\"application\/ld+json\" class=\"yoast-schema-graph\">{\"@context\":\"https:\/\/schema.org\",\"@graph\":[{\"@type\":\"WebPage\",\"@id\":\"https:\/\/dinocloud.com\/es\/tarjeta-oca\/\",\"url\":\"https:\/\/dinocloud.com\/es\/tarjeta-oca\/\",\"name\":\"Tarjeta OCA | DinoCloud\",\"isPartOf\":{\"@id\":\"https:\/\/dinocloud.com\/es\/#website\"},\"primaryImageOfPage\":{\"@id\":\"https:\/\/dinocloud.com\/es\/tarjeta-oca\/#primaryimage\"},\"image\":{\"@id\":\"https:\/\/dinocloud.com\/es\/tarjeta-oca\/#primaryimage\"},\"thumbnailUrl\":\"https:\/\/dinocloud.com\/wp-content\/uploads\/2021\/05\/oca-logo-300x116.png\",\"datePublished\":\"2021-05-11T16:04:18+00:00\",\"dateModified\":\"2021-05-11T18:27:55+00:00\",\"description\":\"Desarrollamos la infraestructura de datos como c\u00f3digo para automatizar y replicar la implementaci\u00f3n, configurando AWS para que se integre con la estrategia de gobierno actual.\",\"breadcrumb\":{\"@id\":\"https:\/\/dinocloud.com\/es\/tarjeta-oca\/#breadcrumb\"},\"inLanguage\":\"es\",\"potentialAction\":[{\"@type\":\"ReadAction\",\"target\":[\"https:\/\/dinocloud.com\/es\/tarjeta-oca\/\"]}]},{\"@type\":\"ImageObject\",\"inLanguage\":\"es\",\"@id\":\"https:\/\/dinocloud.com\/es\/tarjeta-oca\/#primaryimage\",\"url\":\"https:\/\/dinocloud.com\/wp-content\/uploads\/2021\/05\/oca-logo-300x116.png\",\"contentUrl\":\"https:\/\/dinocloud.com\/wp-content\/uploads\/2021\/05\/oca-logo-300x116.png\"},{\"@type\":\"BreadcrumbList\",\"@id\":\"https:\/\/dinocloud.com\/es\/tarjeta-oca\/#breadcrumb\",\"itemListElement\":[{\"@type\":\"ListItem\",\"position\":1,\"name\":\"Home\",\"item\":\"https:\/\/dinocloud.com\/es\/\"},{\"@type\":\"ListItem\",\"position\":2,\"name\":\"Tarjeta OCA\"}]},{\"@type\":\"WebSite\",\"@id\":\"https:\/\/dinocloud.com\/es\/#website\",\"url\":\"https:\/\/dinocloud.com\/es\/\",\"name\":\"DinoCloud\",\"description\":\"cloud computing devops services cloud engineering\",\"publisher\":{\"@id\":\"https:\/\/dinocloud.com\/es\/#organization\"},\"potentialAction\":[{\"@type\":\"SearchAction\",\"target\":{\"@type\":\"EntryPoint\",\"urlTemplate\":\"https:\/\/dinocloud.com\/es\/?s={search_term_string}\"},\"query-input\":{\"@type\":\"PropertyValueSpecification\",\"valueRequired\":true,\"valueName\":\"search_term_string\"}}],\"inLanguage\":\"es\"},{\"@type\":\"Organization\",\"@id\":\"https:\/\/dinocloud.com\/es\/#organization\",\"name\":\"DinoCloud\",\"url\":\"https:\/\/dinocloud.com\/es\/\",\"logo\":{\"@type\":\"ImageObject\",\"inLanguage\":\"es\",\"@id\":\"https:\/\/dinocloud.com\/es\/#\/schema\/logo\/image\/\",\"url\":\"\",\"contentUrl\":\"\",\"caption\":\"DinoCloud\"},\"image\":{\"@id\":\"https:\/\/dinocloud.com\/es\/#\/schema\/logo\/image\/\"},\"sameAs\":[\"https:\/\/www.facebook.com\/dinocloudcons\",\"https:\/\/x.com\/dinocloud_\",\"https:\/\/www.instagram.com\/dinocloud_\/\",\"https:\/\/www.linkedin.com\/company\/dinocloud\",\"https:\/\/www.youtube.com\/c\/DinoCloudConsulting\"]}]}<\/script>\n<!-- \/ Yoast SEO plugin. -->","yoast_head_json":{"title":"Tarjeta OCA | DinoCloud","description":"Desarrollamos la infraestructura de datos como c\u00f3digo para automatizar y replicar la implementaci\u00f3n, configurando AWS para que se integre con la estrategia de gobierno actual.","robots":{"index":"index","follow":"follow","max-snippet":"max-snippet:-1","max-image-preview":"max-image-preview:large","max-video-preview":"max-video-preview:-1"},"canonical":"https:\/\/dinocloud.com\/es\/tarjeta-oca\/","og_locale":"es_ES","og_type":"article","og_title":"Tarjeta OCA | DinoCloud","og_description":"Desarrollamos la infraestructura de datos como c\u00f3digo para automatizar y replicar la implementaci\u00f3n, configurando AWS para que se integre con la estrategia de gobierno actual.","og_url":"https:\/\/dinocloud.com\/es\/tarjeta-oca\/","og_site_name":"DinoCloud","article_publisher":"https:\/\/www.facebook.com\/dinocloudcons","article_modified_time":"2021-05-11T18:27:55+00:00","og_image":[{"url":"https:\/\/dinocloud.com\/wp-content\/uploads\/2021\/05\/oca-logo-300x116.png","type":"","width":"","height":""}],"twitter_card":"summary_large_image","twitter_site":"@dinocloud_","twitter_misc":{"Tiempo de lectura":"3 minutos"},"schema":{"@context":"https:\/\/schema.org","@graph":[{"@type":"WebPage","@id":"https:\/\/dinocloud.com\/es\/tarjeta-oca\/","url":"https:\/\/dinocloud.com\/es\/tarjeta-oca\/","name":"Tarjeta OCA | DinoCloud","isPartOf":{"@id":"https:\/\/dinocloud.com\/es\/#website"},"primaryImageOfPage":{"@id":"https:\/\/dinocloud.com\/es\/tarjeta-oca\/#primaryimage"},"image":{"@id":"https:\/\/dinocloud.com\/es\/tarjeta-oca\/#primaryimage"},"thumbnailUrl":"https:\/\/dinocloud.com\/wp-content\/uploads\/2021\/05\/oca-logo-300x116.png","datePublished":"2021-05-11T16:04:18+00:00","dateModified":"2021-05-11T18:27:55+00:00","description":"Desarrollamos la infraestructura de datos como c\u00f3digo para automatizar y replicar la implementaci\u00f3n, configurando AWS para que se integre con la estrategia de gobierno actual.","breadcrumb":{"@id":"https:\/\/dinocloud.com\/es\/tarjeta-oca\/#breadcrumb"},"inLanguage":"es","potentialAction":[{"@type":"ReadAction","target":["https:\/\/dinocloud.com\/es\/tarjeta-oca\/"]}]},{"@type":"ImageObject","inLanguage":"es","@id":"https:\/\/dinocloud.com\/es\/tarjeta-oca\/#primaryimage","url":"https:\/\/dinocloud.com\/wp-content\/uploads\/2021\/05\/oca-logo-300x116.png","contentUrl":"https:\/\/dinocloud.com\/wp-content\/uploads\/2021\/05\/oca-logo-300x116.png"},{"@type":"BreadcrumbList","@id":"https:\/\/dinocloud.com\/es\/tarjeta-oca\/#breadcrumb","itemListElement":[{"@type":"ListItem","position":1,"name":"Home","item":"https:\/\/dinocloud.com\/es\/"},{"@type":"ListItem","position":2,"name":"Tarjeta OCA"}]},{"@type":"WebSite","@id":"https:\/\/dinocloud.com\/es\/#website","url":"https:\/\/dinocloud.com\/es\/","name":"DinoCloud","description":"cloud computing devops services cloud engineering","publisher":{"@id":"https:\/\/dinocloud.com\/es\/#organization"},"potentialAction":[{"@type":"SearchAction","target":{"@type":"EntryPoint","urlTemplate":"https:\/\/dinocloud.com\/es\/?s={search_term_string}"},"query-input":{"@type":"PropertyValueSpecification","valueRequired":true,"valueName":"search_term_string"}}],"inLanguage":"es"},{"@type":"Organization","@id":"https:\/\/dinocloud.com\/es\/#organization","name":"DinoCloud","url":"https:\/\/dinocloud.com\/es\/","logo":{"@type":"ImageObject","inLanguage":"es","@id":"https:\/\/dinocloud.com\/es\/#\/schema\/logo\/image\/","url":"","contentUrl":"","caption":"DinoCloud"},"image":{"@id":"https:\/\/dinocloud.com\/es\/#\/schema\/logo\/image\/"},"sameAs":["https:\/\/www.facebook.com\/dinocloudcons","https:\/\/x.com\/dinocloud_","https:\/\/www.instagram.com\/dinocloud_\/","https:\/\/www.linkedin.com\/company\/dinocloud","https:\/\/www.youtube.com\/c\/DinoCloudConsulting"]}]}},"uagb_featured_image_src":{"full":false,"thumbnail":false,"medium":false,"medium_large":false,"large":false,"1536x1536":false,"2048x2048":false},"uagb_author_info":{"display_name":"Gonzalo Puig","author_link":"https:\/\/dinocloud.com\/es\/author\/gonzalo\/"},"uagb_comment_info":0,"uagb_excerpt":null,"coauthors":[],"author_meta":{"author_link":"https:\/\/dinocloud.com\/es\/author\/gonzalo\/","display_name":"Gonzalo Puig"},"relative_dates":{"created":"Publicado 5 a\u00f1os hace","modified":"Actualizado 5 a\u00f1os hace"},"absolute_dates":{"created":"Publicado el mayo 11, 2021","modified":"Actualizado el mayo 11, 2021"},"absolute_dates_time":{"created":"Publicado el mayo 11, 2021 4:04 pm","modified":"Actualizado el mayo 11, 2021 6:27 pm"},"featured_img_caption":"","featured_img":false,"series_order":"","_links":{"self":[{"href":"https:\/\/dinocloud.com\/es\/wp-json\/wp\/v2\/pages\/32759","targetHints":{"allow":["GET"]}}],"collection":[{"href":"https:\/\/dinocloud.com\/es\/wp-json\/wp\/v2\/pages"}],"about":[{"href":"https:\/\/dinocloud.com\/es\/wp-json\/wp\/v2\/types\/page"}],"author":[{"embeddable":true,"href":"https:\/\/dinocloud.com\/es\/wp-json\/wp\/v2\/users\/18"}],"replies":[{"embeddable":true,"href":"https:\/\/dinocloud.com\/es\/wp-json\/wp\/v2\/comments?post=32759"}],"version-history":[{"count":0,"href":"https:\/\/dinocloud.com\/es\/wp-json\/wp\/v2\/pages\/32759\/revisions"}],"wp:attachment":[{"href":"https:\/\/dinocloud.com\/es\/wp-json\/wp\/v2\/media?parent=32759"}],"curies":[{"name":"wp","href":"https:\/\/api.w.org\/{rel}","templated":true}]}}