{"id":34622,"date":"2022-02-04T19:05:54","date_gmt":"2022-02-04T19:05:54","guid":{"rendered":"https:\/\/dinocloud.com\/?page_id=34622"},"modified":"2022-04-27T13:23:59","modified_gmt":"2022-04-27T13:23:59","slug":"cliengo","status":"publish","type":"page","link":"https:\/\/dinocloud.com\/es\/cliengo\/","title":{"rendered":"Cliengo"},"content":{"rendered":"\n<section class=\"wp-block-uagb-section uagb-section__wrap uagb-section__background-undefined uagb-block-254ba99c pt-5 pb-5\"><div class=\"uagb-section__overlay\"><\/div><div class=\"uagb-section__inner-wrap\">\n<div class=\"wp-block-columns is-layout-flex wp-container-core-columns-is-layout-9d6595d7 wp-block-columns-is-layout-flex\">\n<div class=\"wp-block-column is-vertically-aligned-center is-layout-flow wp-block-column-is-layout-flow\" style=\"flex-basis:33.33%\">\n<div class=\"wp-block-image\"><figure class=\"alignleft size-large is-resized\"><img decoding=\"async\" src=\"https:\/\/dinocloud.com\/wp-content\/uploads\/cliengo-logo.svg\" alt=\"\" class=\"wp-image-34623\" width=\"349\" height=\"83\"\/><\/figure><\/div>\n<\/div>\n\n\n\n<div class=\"wp-block-column is-layout-flow wp-block-column-is-layout-flow\" style=\"flex-basis:66.66%\">\n<h2 class=\"wp-block-heading\" id=\"sobre-cliengo\">Sobre Cliengo<\/h2>\n\n\n\n<p>Cliengo es una empresa que nace en el a\u00f1o 2017 dedicada a impulsar relaciones comerciales ayudando a otros negocios a convertir usuarios en clientes y contribuir a escalar en el proceso comercial de sus propios clientes automatizando todos los canales de contacto. Los negocios que contratan a Cliengo puedan entregar a sus clientes una experiencia suprema con canales abiertos 24\/7. Se integran a las tecnolog\u00edas que ya utilizan dichos negocios y generan reportes que permiten optimizar la atenci\u00f3n omnicanal.<\/p>\n\n\n\n<div class=\"wp-block-advgb-button alignnone\"><a class=\"wp-block-advgb-button_link advgbbtn-6a4421f6-7318-4443-a882-1eb481334526\" href=\"https:\/\/cliengo.com\" target=\"_blank\" rel=\"noopener noreferrer\"><span>Conocer Cliengo<\/span><\/a><\/div>\n\n\n\n<p><\/p>\n<\/div>\n<\/div>\n<\/div><\/section>\n\n\n\n<section class=\"wp-block-uagb-section uagb-section__wrap uagb-section__background-color uagb-block-80430d29\"><div class=\"uagb-section__overlay\"><\/div><div class=\"uagb-section__inner-wrap\">\n<h5 class=\"wp-block-heading\" id=\"algunos-de-los-productos-que-ofrecen-son\">Algunos de los productos que ofrecen son:<\/h5>\n\n\n\n<div style=\"height:21px\" aria-hidden=\"true\" class=\"wp-block-spacer\"><\/div>\n\n\n\n<div class=\"wp-block-columns is-layout-flex wp-container-core-columns-is-layout-9d6595d7 wp-block-columns-is-layout-flex\">\n<div class=\"wp-block-column is-layout-flow wp-block-column-is-layout-flow\">\n<ul class=\"wp-block-list\"><li>Chatbot Web<\/li><\/ul>\n<\/div>\n\n\n\n<div class=\"wp-block-column is-layout-flow wp-block-column-is-layout-flow\">\n<ul class=\"wp-block-list\"><li>Chatbot WhatsApp<\/li><\/ul>\n<\/div>\n\n\n\n<div class=\"wp-block-column is-layout-flow wp-block-column-is-layout-flow\">\n<ul class=\"wp-block-list\"><li>Chatbot Facebook Messenger<\/li><\/ul>\n<\/div>\n\n\n\n<div class=\"wp-block-column is-layout-flow wp-block-column-is-layout-flow\">\n<ul class=\"wp-block-list\"><li>Chatbot Instagram<\/li><\/ul>\n<\/div>\n<\/div>\n\n\n\n<div class=\"wp-block-columns is-layout-flex wp-container-core-columns-is-layout-9d6595d7 wp-block-columns-is-layout-flex\">\n<div class=\"wp-block-column is-layout-flow wp-block-column-is-layout-flow\">\n<ul class=\"wp-block-list\"><li>Chatbot eCommerce<\/li><\/ul>\n<\/div>\n\n\n\n<div class=\"wp-block-column is-layout-flow wp-block-column-is-layout-flow\">\n<ul class=\"wp-block-list\"><li>Live Chat<\/li><\/ul>\n<\/div>\n\n\n\n<div class=\"wp-block-column is-layout-flow wp-block-column-is-layout-flow\">\n<ul class=\"wp-block-list\"><li>CRM<\/li><\/ul>\n<\/div>\n\n\n\n<div class=\"wp-block-column is-layout-flow wp-block-column-is-layout-flow\"><\/div>\n<\/div>\n\n\n\n<p><br>Utilizan AI, se integran con otros CRMs del mercado, plataformas de email marketing y automation. A su vez, tambi\u00e9n se integran con m\u00e1s de 1300 aplicaciones que permiten simplificar la experiencia, conectando las fuentes de los datos de sus clientes y optimizando sus&nbsp; resultados.&nbsp;<\/p>\n<\/div><\/section>\n\n\n\n<section class=\"wp-block-uagb-section uagb-section__wrap uagb-section__background-undefined uagb-block-016d36ca pt-5 pb-5\"><div class=\"uagb-section__overlay\"><\/div><div class=\"uagb-section__inner-wrap\">\n<h2 class=\"wp-block-heading\" id=\"tecnologias-usadas\">Tecnolog\u00edas Usadas<\/h2>\n\n\n\n<p>Amazon Elastic Kubernetes Service, Amazon Elastic Compute Cloud, Amazon Elastic File Service, Amazon Relational Database Service &amp; Amazon ElastiCache. New relic, MongoDB Atlas y Cloudflare.<\/p>\n\n\n\n<h2 class=\"wp-block-heading\" id=\"the-challenge\">The Challenge<\/h2>\n\n\n\n<p>Cuando Cliengo lleg\u00f3 a DinoCloud ten\u00edan el principal desaf\u00edo de migrar de Heroku a <a href=\"https:\/\/dinocloud.com\/es\/amazon-web-services\/\">Amazon Web Services<\/a>. Por otro lado exist\u00eda la necesidad de construir los pipelines de integraci\u00f3n continua y delivery continuo. Y por \u00faltimo, se hac\u00eda presente el desaf\u00edo de dockerizar sus microservicios desarrollados en distintos frameworks (Java Play, Node, PHP).<\/p>\n\n\n\n<p>Por otro lado ten\u00edan la necesidad de detectar el microservicio que les estaba generando un cuello de botella, lo cu\u00e1l significaba un gran desaf\u00edo debido a la cantidad de microservicios que se estaban utilizando en la plataforma.&nbsp;<\/p>\n\n\n\n<h2 class=\"wp-block-heading\" id=\"nuestro-enfoque\">Nuestro enfoque<\/h2>\n\n\n\n<p>En una primera instancia se hizo un discovery, donde pudimos observar de qu\u00e9 estaban hechos, para poder entender en detalle la<a href=\"https:\/\/dinocloud.com\/es\/administracion-de-infraestructura\/\"> infraestructura<\/a> decidimos dise\u00f1ar un gr\u00e1fico donde se ve\u00eda plasmada la misma.<\/p>\n\n\n\n<p>&nbsp;El siguiente paso fue empezar a diagramar las \u00e9picas. Que resultaron en:&nbsp;<\/p>\n\n\n\n<ul class=\"wp-block-list\"><li>Dockerizar los microservicios&nbsp;<\/li><li>Construir los pipelines de automatizaci\u00f3n.<\/li><\/ul>\n\n\n\n<p>En paralelo a lo mencionado anteriormente se efectuaba la migraci\u00f3n de todo el contenido de la plataforma que ten\u00edan en Heroku a Amazon Web Services con Kubernetes, desplegando lo requerido esencialmente para que todas las herramientas funcionen con Kubernetes en Amazon.<br>Es decir que en una primera instancia se dockerizaron sus aplicaciones, ya dockerizadas y funcionando correctamente, se pas\u00f3 a levantar en Terraform un cluster de kubernetes. Levantado el cluster de Kubernetes el foco estuvo en que la configuraci\u00f3n inicial sea \u00f3ptima para un funcionamiento correcto. Empezamos a construir los manifiestos de Kubernetes con los microservicios con los que contaban, en esta instancia se vio reflejada la falta de algunos, que fueron implementados luego de dicho descubrimiento. Al validar el funcionamiento de la plataforma, iniciamos los despliegues de pipelines con GitHub Action modific\u00e1ndose acorde a las necesidades del cliente.&nbsp;<\/p>\n\n\n\n<h2 class=\"wp-block-heading\" id=\"en-cuanto-a-lo-tecnico\">En cuanto a lo t\u00e9cnico<\/h2>\n\n\n\n<p>Cliengo ten\u00eda el inconveniente de que por cada aplicativo asociado a cada microservicios contaban con demasiados equipos que trabajaban sobre el mismo, entonces se generaba un problema, ya que, al tener m\u00faltiples equipos que trabajen sobre lo mismo, consecuentemente surg\u00edan complicaciones a la hora de tener que desplegar algo, de este modo lo que hac\u00eda el equipo de ese momento ten\u00eda l\u00f3gicamente problemas con el desarrollo del equipo anterior, lo que generaba una inconsistencia a la hora de querer generar ciertos cambios. B\u00e1sicamente esto se traduce a que&nbsp; no contaban con un branch strategy.&nbsp;<\/p>\n\n\n\n<p>Es por eso que nuestro equipo investig\u00f3 una soluci\u00f3n para este problema, la cual termin\u00f3 resultando en un branch strategy establecido, donde se efectu\u00f3 a trav\u00e9s de los pipelines, que cuando Cliengo generen una pull request, se despliegue dentro del cluster, en otro namespace, pero dentro del mismo cluster, desplegando as\u00ed su funcionalidad sin afectar a todos los otros microservicios de develop que sab\u00edan que estaba funcionando. De este modo una vez que se comprobaba la funcionalidad se hac\u00eda un merge y lo combinaban con lo que estaba en develop, as\u00ed se acortaba ampliamente la brecha de error, dado que cada equipo pod\u00eda tener dentro del cluster su prueba sin afectar la del otro.<\/p>\n\n\n\n<h2 class=\"wp-block-heading\" id=\"los-resultados\">Los Resultados<\/h2>\n\n\n\n<p>Los resultados se resumen en la obtenci\u00f3n de un cluster de Kubernetes en AWS 100% funcional, es importante destacar que tambi\u00e9n se logr\u00f3 dockerizar todos los microservicios sin mayores inconvenientes, con el funcionamiento de todos sus pipelines correspondientes y con una estrategia de branching, que logr\u00f3 satisfacer enormemente las expectativas de Cliengo, implementadas. Tambi\u00e9n se pudo evidenciar una inconsistencia a trav\u00e9s de New Relic y un Workload de automatizaci\u00f3n. Por \u00faltimo, y para nada menos importante, una migraci\u00f3n de Heroku a Amazon Web Services en un espacio de develop efectuada.&nbsp;<\/p>\n\n\n\n<blockquote class=\"wp-block-quote is-layout-flow wp-block-quote-is-layout-flow\"><p>En DinoCloud nos encargamos de convertir la <a href=\"https:\/\/dinocloud.com\/es\/administracion-de-infraestructura\/\">infraestructura<\/a> actual de una empresa en una infraestructura moderna, escalable, de alto rendimiento y bajo costo capaz de cumplir con los objetivos de tu negocio. Si desea obtener m\u00e1s informaci\u00f3n, optimizar la forma en que su empresa organiza y analiza los datos y reducir costos, puede contactarnos <a href=\"https:\/\/dinocloud.com\/es\/contacto\/\">aqu\u00ed<\/a>.<\/p><\/blockquote>\n<\/div><\/section>\n\n\n\n<div id=\"contact\" class=\"wp-block-group\"><div class=\"wp-block-group__inner-container is-layout-flow wp-block-group-is-layout-flow\">\n<section class=\"wp-block-uagb-section uagb-section__wrap uagb-section__background-image uagb-block-9e03ffba\" id=\"contact\"><div class=\"uagb-section__overlay\"><\/div><div class=\"uagb-section__inner-wrap\">\n<div style=\"height:40px\" aria-hidden=\"true\" class=\"wp-block-spacer\"><\/div>\n\n\n\n<div class=\"wp-block-uagb-advanced-heading uagb-block-4c2b03b3\"><h2 class=\"uagb-heading-text\">Formulario de contacto<\/h2><div class=\"uagb-separator\"><\/div><\/div>\n\n\n\n<section class=\"wp-block-uagb-section uagb-section__wrap uagb-section__background-none uagb-block-66a90058 uagb-section__background-undefined\" id=\"responsive-form\"><div class=\"uagb-section__overlay\"><\/div><div class=\"uagb-section__inner-wrap\">\n<p>(*) Campos obligatorios<\/p>\n\n\n\n<script charset=\"utf-8\" type=\"text\/javascript\" src=\"\/\/js.hsforms.net\/forms\/embed\/v2.js\"><\/script>\n<script>\n  hbspt.forms.create({\n    region: \"na1\",\n    portalId: \"21668846\",\n    formId: \"5bdf3aad-2db1-400a-921c-950b1af42aa5\"\n  });\n<\/script>\n<\/div><\/section>\n<\/div><\/section>\n<\/div><\/div>\n<style class=\"advgb-styles-renderer\">.advgbbtn-6a4421f6-7318-4443-a882-1eb481334526{font-size:18px;color:#ffffff !important;background-color:#00af66 !important;margin:0px 0px 0px 0px !important;padding:10px 30px 10px 30px;border-width:1px !important;border-style:none;border-radius:50px !important;}.advgbbtn-6a4421f6-7318-4443-a882-1eb481334526:hover{box-shadow:1px 1px 12px 0px #ccc;opacity:1;transition:all 0.2s ease;}.advgbbtn-6a4421f6-7318-4443-a882-1eb481334526 > i {display: none !important;}.advgbbtn-6a4421f6-7318-4443-a882-1eb481334526{font-size:18px;color:#ffffff !important;background-color:#00af66 !important;margin:0px 0px 0px 0px !important;padding:10px 30px 10px 30px;border-width:1px !important;border-style:none;border-radius:50px !important;}.advgbbtn-6a4421f6-7318-4443-a882-1eb481334526:hover{box-shadow:1px 1px 12px 0px #ccc;opacity:1;transition:all 0.2s ease;}.advgbbtn-6a4421f6-7318-4443-a882-1eb481334526 > i {display: none !important;}.advgbbtn-6a4421f6-7318-4443-a882-1eb481334526{font-size:18px;color:#ffffff !important;background-color:#00af66 !important;margin:0px 0px 0px 0px !important;padding:10px 30px 10px 30px;border-width:1px !important;border-style:none;border-radius:50px !important;}.advgbbtn-6a4421f6-7318-4443-a882-1eb481334526:hover{box-shadow:1px 1px 12px 0px #ccc;opacity:1;transition:all 0.2s ease;}.advgbbtn-6a4421f6-7318-4443-a882-1eb481334526 > i {display: none !important;}.advgbbtn-6a4421f6-7318-4443-a882-1eb481334526{font-size:18px;color:#ffffff !important;background-color:#00af66 !important;margin:0px 0px 0px 0px !important;padding:10px 30px 10px 30px;border-width:1px !important;border-style:none;border-radius:50px !important;}.advgbbtn-6a4421f6-7318-4443-a882-1eb481334526:hover{box-shadow:1px 1px 12px 0px #ccc;opacity:1;transition:all 0.2s ease;}.advgbbtn-6a4421f6-7318-4443-a882-1eb481334526 > i {display: none !important;}<\/style>","protected":false},"excerpt":{"rendered":"","protected":false},"author":18,"featured_media":0,"parent":0,"menu_order":0,"comment_status":"closed","ping_status":"closed","template":"templates\/full-width-page.php","meta":{"content-type":"","_uag_custom_page_level_css":"","advgb_blocks_editor_width":"","advgb_blocks_columns_visual_guide":"","footnotes":""},"class_list":["post-34622","page","type-page","status-publish","hentry"],"acf":[],"yoast_head":"<!-- This site is optimized with the Yoast SEO plugin v26.5 - https:\/\/yoast.com\/wordpress\/plugins\/seo\/ -->\n<title>Cliengo | DinoCloud<\/title>\n<meta name=\"description\" content=\"Monitaur es el primer y \u00fanico software creado espec\u00edficamente para impulsar la garant\u00eda y la gobernanza de Machine Learning.\" \/>\n<meta name=\"robots\" content=\"index, follow, max-snippet:-1, max-image-preview:large, max-video-preview:-1\" \/>\n<link rel=\"canonical\" href=\"https:\/\/dinocloud.com\/es\/cliengo\/\" \/>\n<meta property=\"og:locale\" content=\"es_ES\" \/>\n<meta property=\"og:type\" content=\"article\" \/>\n<meta property=\"og:title\" content=\"Cliengo | DinoCloud\" \/>\n<meta property=\"og:description\" content=\"Monitaur es el primer y \u00fanico software creado espec\u00edficamente para impulsar la garant\u00eda y la gobernanza de Machine Learning.\" \/>\n<meta property=\"og:url\" content=\"https:\/\/dinocloud.com\/es\/cliengo\/\" \/>\n<meta property=\"og:site_name\" content=\"DinoCloud\" \/>\n<meta property=\"article:publisher\" content=\"https:\/\/www.facebook.com\/dinocloudcons\" \/>\n<meta property=\"article:modified_time\" content=\"2022-04-27T13:23:59+00:00\" \/>\n<meta property=\"og:image\" content=\"https:\/\/dinocloud.com\/wp-content\/uploads\/cliengo-logo.svg\" \/>\n<meta name=\"twitter:card\" content=\"summary_large_image\" \/>\n<meta name=\"twitter:site\" content=\"@dinocloud_\" \/>\n<meta name=\"twitter:label1\" content=\"Tiempo de lectura\" \/>\n\t<meta name=\"twitter:data1\" content=\"4 minutos\" \/>\n<script type=\"application\/ld+json\" class=\"yoast-schema-graph\">{\"@context\":\"https:\/\/schema.org\",\"@graph\":[{\"@type\":\"WebPage\",\"@id\":\"https:\/\/dinocloud.com\/es\/cliengo\/\",\"url\":\"https:\/\/dinocloud.com\/es\/cliengo\/\",\"name\":\"Cliengo | DinoCloud\",\"isPartOf\":{\"@id\":\"https:\/\/dinocloud.com\/es\/#website\"},\"primaryImageOfPage\":{\"@id\":\"https:\/\/dinocloud.com\/es\/cliengo\/#primaryimage\"},\"image\":{\"@id\":\"https:\/\/dinocloud.com\/es\/cliengo\/#primaryimage\"},\"thumbnailUrl\":\"https:\/\/dinocloud.com\/wp-content\/uploads\/cliengo-logo.svg\",\"datePublished\":\"2022-02-04T19:05:54+00:00\",\"dateModified\":\"2022-04-27T13:23:59+00:00\",\"description\":\"Monitaur es el primer y \u00fanico software creado espec\u00edficamente para impulsar la garant\u00eda y la gobernanza de Machine Learning.\",\"breadcrumb\":{\"@id\":\"https:\/\/dinocloud.com\/es\/cliengo\/#breadcrumb\"},\"inLanguage\":\"es\",\"potentialAction\":[{\"@type\":\"ReadAction\",\"target\":[\"https:\/\/dinocloud.com\/es\/cliengo\/\"]}]},{\"@type\":\"ImageObject\",\"inLanguage\":\"es\",\"@id\":\"https:\/\/dinocloud.com\/es\/cliengo\/#primaryimage\",\"url\":\"https:\/\/dinocloud.com\/wp-content\/uploads\/cliengo-logo.svg\",\"contentUrl\":\"https:\/\/dinocloud.com\/wp-content\/uploads\/cliengo-logo.svg\"},{\"@type\":\"BreadcrumbList\",\"@id\":\"https:\/\/dinocloud.com\/es\/cliengo\/#breadcrumb\",\"itemListElement\":[{\"@type\":\"ListItem\",\"position\":1,\"name\":\"Home\",\"item\":\"https:\/\/dinocloud.com\/es\/\"},{\"@type\":\"ListItem\",\"position\":2,\"name\":\"Cliengo\"}]},{\"@type\":\"WebSite\",\"@id\":\"https:\/\/dinocloud.com\/es\/#website\",\"url\":\"https:\/\/dinocloud.com\/es\/\",\"name\":\"DinoCloud\",\"description\":\"cloud computing devops services cloud engineering\",\"publisher\":{\"@id\":\"https:\/\/dinocloud.com\/es\/#organization\"},\"potentialAction\":[{\"@type\":\"SearchAction\",\"target\":{\"@type\":\"EntryPoint\",\"urlTemplate\":\"https:\/\/dinocloud.com\/es\/?s={search_term_string}\"},\"query-input\":{\"@type\":\"PropertyValueSpecification\",\"valueRequired\":true,\"valueName\":\"search_term_string\"}}],\"inLanguage\":\"es\"},{\"@type\":\"Organization\",\"@id\":\"https:\/\/dinocloud.com\/es\/#organization\",\"name\":\"DinoCloud\",\"url\":\"https:\/\/dinocloud.com\/es\/\",\"logo\":{\"@type\":\"ImageObject\",\"inLanguage\":\"es\",\"@id\":\"https:\/\/dinocloud.com\/es\/#\/schema\/logo\/image\/\",\"url\":\"\",\"contentUrl\":\"\",\"caption\":\"DinoCloud\"},\"image\":{\"@id\":\"https:\/\/dinocloud.com\/es\/#\/schema\/logo\/image\/\"},\"sameAs\":[\"https:\/\/www.facebook.com\/dinocloudcons\",\"https:\/\/x.com\/dinocloud_\",\"https:\/\/www.instagram.com\/dinocloud_\/\",\"https:\/\/www.linkedin.com\/company\/dinocloud\",\"https:\/\/www.youtube.com\/c\/DinoCloudConsulting\"]}]}<\/script>\n<!-- \/ Yoast SEO plugin. -->","yoast_head_json":{"title":"Cliengo | DinoCloud","description":"Monitaur es el primer y \u00fanico software creado espec\u00edficamente para impulsar la garant\u00eda y la gobernanza de Machine Learning.","robots":{"index":"index","follow":"follow","max-snippet":"max-snippet:-1","max-image-preview":"max-image-preview:large","max-video-preview":"max-video-preview:-1"},"canonical":"https:\/\/dinocloud.com\/es\/cliengo\/","og_locale":"es_ES","og_type":"article","og_title":"Cliengo | DinoCloud","og_description":"Monitaur es el primer y \u00fanico software creado espec\u00edficamente para impulsar la garant\u00eda y la gobernanza de Machine Learning.","og_url":"https:\/\/dinocloud.com\/es\/cliengo\/","og_site_name":"DinoCloud","article_publisher":"https:\/\/www.facebook.com\/dinocloudcons","article_modified_time":"2022-04-27T13:23:59+00:00","og_image":[{"url":"https:\/\/dinocloud.com\/wp-content\/uploads\/cliengo-logo.svg","type":"","width":"","height":""}],"twitter_card":"summary_large_image","twitter_site":"@dinocloud_","twitter_misc":{"Tiempo de lectura":"4 minutos"},"schema":{"@context":"https:\/\/schema.org","@graph":[{"@type":"WebPage","@id":"https:\/\/dinocloud.com\/es\/cliengo\/","url":"https:\/\/dinocloud.com\/es\/cliengo\/","name":"Cliengo | DinoCloud","isPartOf":{"@id":"https:\/\/dinocloud.com\/es\/#website"},"primaryImageOfPage":{"@id":"https:\/\/dinocloud.com\/es\/cliengo\/#primaryimage"},"image":{"@id":"https:\/\/dinocloud.com\/es\/cliengo\/#primaryimage"},"thumbnailUrl":"https:\/\/dinocloud.com\/wp-content\/uploads\/cliengo-logo.svg","datePublished":"2022-02-04T19:05:54+00:00","dateModified":"2022-04-27T13:23:59+00:00","description":"Monitaur es el primer y \u00fanico software creado espec\u00edficamente para impulsar la garant\u00eda y la gobernanza de Machine Learning.","breadcrumb":{"@id":"https:\/\/dinocloud.com\/es\/cliengo\/#breadcrumb"},"inLanguage":"es","potentialAction":[{"@type":"ReadAction","target":["https:\/\/dinocloud.com\/es\/cliengo\/"]}]},{"@type":"ImageObject","inLanguage":"es","@id":"https:\/\/dinocloud.com\/es\/cliengo\/#primaryimage","url":"https:\/\/dinocloud.com\/wp-content\/uploads\/cliengo-logo.svg","contentUrl":"https:\/\/dinocloud.com\/wp-content\/uploads\/cliengo-logo.svg"},{"@type":"BreadcrumbList","@id":"https:\/\/dinocloud.com\/es\/cliengo\/#breadcrumb","itemListElement":[{"@type":"ListItem","position":1,"name":"Home","item":"https:\/\/dinocloud.com\/es\/"},{"@type":"ListItem","position":2,"name":"Cliengo"}]},{"@type":"WebSite","@id":"https:\/\/dinocloud.com\/es\/#website","url":"https:\/\/dinocloud.com\/es\/","name":"DinoCloud","description":"cloud computing devops services cloud engineering","publisher":{"@id":"https:\/\/dinocloud.com\/es\/#organization"},"potentialAction":[{"@type":"SearchAction","target":{"@type":"EntryPoint","urlTemplate":"https:\/\/dinocloud.com\/es\/?s={search_term_string}"},"query-input":{"@type":"PropertyValueSpecification","valueRequired":true,"valueName":"search_term_string"}}],"inLanguage":"es"},{"@type":"Organization","@id":"https:\/\/dinocloud.com\/es\/#organization","name":"DinoCloud","url":"https:\/\/dinocloud.com\/es\/","logo":{"@type":"ImageObject","inLanguage":"es","@id":"https:\/\/dinocloud.com\/es\/#\/schema\/logo\/image\/","url":"","contentUrl":"","caption":"DinoCloud"},"image":{"@id":"https:\/\/dinocloud.com\/es\/#\/schema\/logo\/image\/"},"sameAs":["https:\/\/www.facebook.com\/dinocloudcons","https:\/\/x.com\/dinocloud_","https:\/\/www.instagram.com\/dinocloud_\/","https:\/\/www.linkedin.com\/company\/dinocloud","https:\/\/www.youtube.com\/c\/DinoCloudConsulting"]}]}},"uagb_featured_image_src":{"full":false,"thumbnail":false,"medium":false,"medium_large":false,"large":false,"1536x1536":false,"2048x2048":false},"uagb_author_info":{"display_name":"Gonzalo Puig","author_link":"https:\/\/dinocloud.com\/es\/author\/gonzalo\/"},"uagb_comment_info":0,"uagb_excerpt":null,"coauthors":[],"author_meta":{"author_link":"https:\/\/dinocloud.com\/es\/author\/gonzalo\/","display_name":"Gonzalo Puig"},"relative_dates":{"created":"Publicado 4 a\u00f1os hace","modified":"Actualizado 4 a\u00f1os hace"},"absolute_dates":{"created":"Publicado el febrero 4, 2022","modified":"Actualizado el abril 27, 2022"},"absolute_dates_time":{"created":"Publicado el febrero 4, 2022 7:05 pm","modified":"Actualizado el abril 27, 2022 1:23 pm"},"featured_img_caption":"","featured_img":false,"series_order":"","_links":{"self":[{"href":"https:\/\/dinocloud.com\/es\/wp-json\/wp\/v2\/pages\/34622","targetHints":{"allow":["GET"]}}],"collection":[{"href":"https:\/\/dinocloud.com\/es\/wp-json\/wp\/v2\/pages"}],"about":[{"href":"https:\/\/dinocloud.com\/es\/wp-json\/wp\/v2\/types\/page"}],"author":[{"embeddable":true,"href":"https:\/\/dinocloud.com\/es\/wp-json\/wp\/v2\/users\/18"}],"replies":[{"embeddable":true,"href":"https:\/\/dinocloud.com\/es\/wp-json\/wp\/v2\/comments?post=34622"}],"version-history":[{"count":0,"href":"https:\/\/dinocloud.com\/es\/wp-json\/wp\/v2\/pages\/34622\/revisions"}],"wp:attachment":[{"href":"https:\/\/dinocloud.com\/es\/wp-json\/wp\/v2\/media?parent=34622"}],"curies":[{"name":"wp","href":"https:\/\/api.w.org\/{rel}","templated":true}]}}