{"id":34850,"date":"2022-05-12T15:30:32","date_gmt":"2022-05-12T15:30:32","guid":{"rendered":"https:\/\/dinocloud.com\/?page_id=34850"},"modified":"2024-12-12T18:33:09","modified_gmt":"2024-12-12T18:33:09","slug":"contactanos","status":"publish","type":"page","link":"https:\/\/dinocloud.com\/es\/contactanos\/","title":{"rendered":"Contacto"},"content":{"rendered":"\n<section class=\"wp-block-uagb-section uagb-section__wrap uagb-section__background-image uagb-block-803f8a54\"><div class=\"uagb-section__overlay\"><\/div><div class=\"uagb-section__inner-wrap\">\n<section class=\"wp-block-uagb-section uagb-section__wrap uagb-section__background-undefined uagb-block-68762b96\"><div class=\"uagb-section__overlay\"><\/div><div class=\"uagb-section__inner-wrap\"><!-- HFCM by 99 Robots - Snippet # 8: No Header -->\n<style type=\"text\/css\" media=\"all\">\r\n.bg_hero { display:none; }\r\n<\/style>\r\n\r\n\n<!-- \/end HFCM by 99 Robots -->\n\n\n\n\n<div style=\"height:50px\" aria-hidden=\"true\" class=\"wp-block-spacer\"><\/div>\n\n\n\n<h2 class=\"wp-block-heading has-text-align-left has-white-color has-text-color\" id=\"h-amazon-web-services\" style=\"font-size:40px;font-style:normal;font-weight:500\">Contacto<\/h2>\n\n\n\n<div style=\"height:50px\" aria-hidden=\"true\" class=\"wp-block-spacer\"><\/div>\n<\/div><\/section>\n<\/div><\/section>\n\n\n\n<section class=\"wp-block-uagb-section uagb-section__wrap uagb-section__background-image uagb-block-705d6143\"><div class=\"uagb-section__overlay\"><\/div><div class=\"uagb-section__inner-wrap\">\n<div style=\"height:40px\" aria-hidden=\"true\" class=\"wp-block-spacer\"><\/div>\n\n\n\n<div class=\"wp-block-uagb-advanced-heading uagb-block-340eef03\"><h2 class=\"uagb-heading-text\">\u00a1Pong\u00e1monos en contacto!<\/h2><div class=\"uagb-separator\"><\/div><p class=\"uagb-desc-text\">Nos encantar\u00eda ayudarte a sacar el m\u00e1ximo provecho de las tecnolog\u00edas y servicios de AWS para que puedas alcanzar los objetivos de tu empresa de manera efectiva. Completa el formulario a continuaci\u00f3n con tus detalles y necesidades espec\u00edficas.<br><br>Nuestro equipo de expertos est\u00e1 listo para brindarte soluciones personalizadas y responder a tus consultas. Mientras m\u00e1s detalles proporciones, mejor podremos adaptar nuestra asistencia a lo que necesitas. \u00a1No dudes en contactarnos y aclarar todas tus preguntas!<\/p><\/div>\n\n\n\n<div style=\"height:40px\" aria-hidden=\"true\" class=\"wp-block-spacer\"><\/div>\n\n\n\n<div class=\"wp-block-uagb-advanced-heading uagb-block-a37318d9\"><h2 class=\"uagb-heading-text\">Nuestro equipo esta listo para ayudarte<\/h2><div class=\"uagb-separator\"><\/div><\/div>\n\n\n\n<section class=\"wp-block-uagb-section uagb-section__wrap uagb-section__background-none uagb-block-070d85f1 uagb-section__background-undefined\" id=\"responsive-form\"><div class=\"uagb-section__overlay\"><\/div><div class=\"uagb-section__inner-wrap\">\n<p>(*) Campos obligatorios<\/p>\n\n\n\n<!-- Contenedor Principal -->\n<div style=\"display: flex; flex-wrap: wrap; justify-content: space-between; align-items: flex-start; margin: 20px 0; border: 2px solid #00AF65; border-radius: 12px; padding: 20px; background-color: #F9F9F9; box-shadow: 0 4px 8px rgba(0, 0, 0, 0.1);\">\n    <!-- Secci\u00f3n de Texto -->\n    <div style=\"flex: 1 1 45%; margin-right: 20px;\">\n        <p style=\"font-size: 22px; color: #007B52; font-weight: bold; line-height: 1.8; margin-bottom: 20px;\">\u00a1Pong\u00e1monos en Contacto!<\/p>\n        <p style=\"font-size: 16px; color: #333; line-height: 1.8; margin-bottom: 20px;\">\n            Desde los primeros pasos en la nube hasta la adopci\u00f3n de las tecnolog\u00edas m\u00e1s desafiantes, somos tu socio estrat\u00e9gico para navegar en el mundo digital.\n        <\/p>\n        <p style=\"font-size: 16px; color: #333; line-height: 1.8; margin-bottom: 0;\">\n            Asegura tu infraestructura, optimiza tus operaciones y prepara a tu organizaci\u00f3n para una innovaci\u00f3n continua basada en datos.\n        <\/p>\n    <\/div>\n\n    <!-- Secci\u00f3n del Formulario -->\n    <div style=\"flex: 1 1 45%;\">\n        <script charset=\"utf-8\" type=\"text\/javascript\" src=\"\/\/js.hsforms.net\/forms\/embed\/v2.js\"><\/script>\n        <script>\n            hbspt.forms.create({\n                portalId: \"21668846\",\n                formId: \"5bdf3aad-2db1-400a-921c-950b1af42aa5\"\n            });\n        <\/script>\n    <\/div>\n<\/div>\n\n<\/div><\/section>\n<\/div><\/section>\n\n\n\n<section class=\"wp-block-uagb-section uagb-section__wrap uagb-section__background-color uagb-block-40c7ccc6\"><div class=\"uagb-section__overlay\"><\/div><div class=\"uagb-section__inner-wrap\">\n<div style=\"height:46px\" aria-hidden=\"true\" class=\"wp-block-spacer\"><\/div>\n\n\n\n<div class=\"wp-block-uagb-advanced-heading uagb-block-dfd060f9\"><h2 class=\"uagb-heading-text\">Implementando IA Generativa<\/h2><div class=\"uagb-separator\"><\/div><\/div>\n\n\n\n<div style=\"height:28px\" aria-hidden=\"true\" class=\"wp-block-spacer\"><\/div>\n\n\n\n<!-- Agregar Montserrat desde Google Fonts -->\n<link href=\"https:\/\/fonts.googleapis.com\/css2?family=Montserrat:wght@400;700&#038;display=swap\" rel=\"stylesheet\">\n\n\n\n<div class=\"content-block\">\n    <div class=\"video-container\">\n        <!-- C\u00f3digo de YouTube ajustado -->\n        <iframe \n            src=\"https:\/\/www.youtube.com\/embed\/w38eRB13Q4w?rel=0&#038;autoplay=0\" \n            title=\"Reproductor de video de YouTube\" \n            frameborder=\"0\" \n            allow=\"accelerometer; autoplay; clipboard-write; encrypted-media; gyroscope; picture-in-picture; web-share\" \n            referrerpolicy=\"strict-origin-when-cross-origin\" \n            allowfullscreen>\n        <\/iframe>\n    <\/div>\n    <div class=\"content-details\">\n        <img decoding=\"async\" src=\"https:\/\/dinocloud.com\/wp-content\/uploads\/Estudio-GCG_Img-destacada.png\" alt=\"Miniatura de GCG\">\n        <p>Avances estrat\u00e9gicos de GCG en escalabilidad y eficiencia empresarial.<\/p>\n        <a href=\"https:\/\/dinocloud.com\/es\/casos-de-exito\/gcg-control\/\">Leer m\u00e1s<\/a>\n    <\/div>\n<\/div>\n\n\n\n<div style=\"height:100px\" aria-hidden=\"true\" class=\"wp-block-spacer\"><\/div>\n<\/div><\/section>\n<style class=\"advgb-styles-renderer\">\n    .content-block {\n        display: flex;\n        align-items: center;\n        gap: 40px;\n        padding: 20px;\n        background-color: #f3f3f3; \/* Fondo gris claro *\/\n        border-radius: 18px;\n        font-family: 'Montserrat', sans-serif;\n        box-shadow: 0 4px 12px rgba(0, 0, 0, 0.1);\n        transition: transform 0.3s, box-shadow 0.3s;\n    }\n    .content-block:hover {\n        transform: scale(1.02); \/* Efecto de agrandado al pasar el cursor *\/\n        box-shadow: 0 8px 20px rgba(0, 0, 0, 0.2); \/* Sombra m\u00e1s grande *\/\n    }\n    .content-block .video-container {\n        flex: 1.5;\n    }\n    .content-block .video-container iframe {\n        width: 100%;\n        height: 300px;\n        border-radius: 5px;\n        box-shadow: 0 4px 8px rgba(0, 0, 0, 0.2);\n    }\n    .content-block .content-details {\n        flex: 1;\n        color: #333333;\n        text-align: center;\n        display: flex;\n        flex-direction: column;\n        align-items: center;\n        justify-content: center;\n    }\n    .content-block .content-details img {\n        width: 250px; \/* Imagen significativamente m\u00e1s grande *\/\n        height: auto;\n        margin-bottom: 20px;\n        border-radius: 10px;\n        box-shadow: 0 4px 8px rgba(0, 0, 0, 0.2);\n        transition: transform 0.3s ease, box-shadow 0.3s ease;\n    }\n    .content-block .content-details img:hover {\n        transform: scale(1.05); \/* Efecto de agrandado en la imagen *\/\n        box-shadow: 0 6px 12px rgba(0, 0, 0, 0.3); \/* Sombra m\u00e1s pronunciada en hover *\/\n    }\n    .content-block p {\n        font-size: 16px;\n        line-height: 1.6;\n        margin-bottom: 20px;\n        max-width: 90%;\n    }\n    .content-block a {\n        display: inline-block;\n        padding: 10px 20px;\n        background-color: #007B52;\n        color: #ffffff;\n        font-weight: bold;\n        border-radius: 5px;\n        text-decoration: none;\n        text-align: center;\n        transition: background-color 0.3s, transform 0.3s;\n        font-size: 16px;\n        box-shadow: 0 4px 8px rgba(0, 0, 0, 0.2);\n    }\n    .content-block a:hover {\n        background-color: #005f3f;\n        transform: scale(1.05); \/* Bot\u00f3n ligeramente agrandado en hover *\/\n        box-shadow: 0 6px 12px rgba(0, 0, 0, 0.3);\n    }\n\n    \/* Media Query para pantallas peque\u00f1as *\/\n    @media (max-width: 768px) {\n        .content-block {\n            flex-direction: column;\n            align-items: center;\n            padding: 15px;\n            gap: 20px;\n        }\n        .content-block .video-container iframe {\n            height: 200px; \/* Reducir altura del video *\/\n        }\n        .content-block .content-details img {\n            width: 200px; \/* Imagen m\u00e1s peque\u00f1a para pantallas m\u00f3viles *\/\n        }\n        .content-block p {\n            font-size: 14px;\n            margin-bottom: 15px;\n        }\n        .content-block a {\n            font-size: 14px;\n            padding: 8px 16px; \/* Bot\u00f3n m\u00e1s peque\u00f1o en m\u00f3vil *\/\n        }\n    }\n<\/style>","protected":false},"excerpt":{"rendered":"","protected":false},"author":18,"featured_media":0,"parent":0,"menu_order":0,"comment_status":"closed","ping_status":"closed","template":"templates\/full-width-page.php","meta":{"content-type":"","_uag_custom_page_level_css":"","advgb_blocks_editor_width":"","advgb_blocks_columns_visual_guide":"","footnotes":""},"class_list":["post-34850","page","type-page","status-publish","hentry"],"acf":[],"yoast_head":"<!-- This site is optimized with the Yoast SEO plugin v26.5 - https:\/\/yoast.com\/wordpress\/plugins\/seo\/ -->\n<title>Contacto | DinoCloud | Amazon Web Services<\/title>\n<meta name=\"description\" content=\"Ponte en contacto con DinoCloud para impulsar tu transformaci\u00f3n digital con AWS. Descubre soluciones personalizadas para tu negocio y alcanza tus metas.\" \/>\n<meta name=\"robots\" content=\"index, follow, max-snippet:-1, max-image-preview:large, max-video-preview:-1\" \/>\n<link rel=\"canonical\" href=\"https:\/\/dinocloud.com\/es\/contactanos\/\" \/>\n<meta property=\"og:locale\" content=\"es_ES\" \/>\n<meta property=\"og:type\" content=\"article\" \/>\n<meta property=\"og:title\" content=\"Contacto | DinoCloud | Amazon Web Services\" \/>\n<meta property=\"og:description\" content=\"Ponte en contacto con DinoCloud para impulsar tu transformaci\u00f3n digital con AWS. Descubre soluciones personalizadas para tu negocio y alcanza tus metas.\" \/>\n<meta property=\"og:url\" content=\"https:\/\/dinocloud.com\/es\/contactanos\/\" \/>\n<meta property=\"og:site_name\" content=\"DinoCloud\" \/>\n<meta property=\"article:publisher\" content=\"https:\/\/www.facebook.com\/dinocloudcons\" \/>\n<meta property=\"article:modified_time\" content=\"2024-12-12T18:33:09+00:00\" \/>\n<meta property=\"og:image\" content=\"https:\/\/dinocloud.com\/wp-content\/uploads\/Estudio-GCG_Img-destacada.png\" \/>\n<meta name=\"twitter:card\" content=\"summary_large_image\" \/>\n<meta name=\"twitter:site\" content=\"@dinocloud_\" \/>\n<meta name=\"twitter:label1\" content=\"Tiempo de lectura\" \/>\n\t<meta name=\"twitter:data1\" content=\"1 minuto\" \/>\n<script type=\"application\/ld+json\" class=\"yoast-schema-graph\">{\"@context\":\"https:\/\/schema.org\",\"@graph\":[{\"@type\":\"WebPage\",\"@id\":\"https:\/\/dinocloud.com\/es\/contactanos\/\",\"url\":\"https:\/\/dinocloud.com\/es\/contactanos\/\",\"name\":\"Contacto | DinoCloud | Amazon Web Services\",\"isPartOf\":{\"@id\":\"https:\/\/dinocloud.com\/es\/#website\"},\"primaryImageOfPage\":{\"@id\":\"https:\/\/dinocloud.com\/es\/contactanos\/#primaryimage\"},\"image\":{\"@id\":\"https:\/\/dinocloud.com\/es\/contactanos\/#primaryimage\"},\"thumbnailUrl\":\"https:\/\/dinocloud.com\/wp-content\/uploads\/Estudio-GCG_Img-destacada.png\",\"datePublished\":\"2022-05-12T15:30:32+00:00\",\"dateModified\":\"2024-12-12T18:33:09+00:00\",\"description\":\"Ponte en contacto con DinoCloud para impulsar tu transformaci\u00f3n digital con AWS. Descubre soluciones personalizadas para tu negocio y alcanza tus metas.\",\"breadcrumb\":{\"@id\":\"https:\/\/dinocloud.com\/es\/contactanos\/#breadcrumb\"},\"inLanguage\":\"es\",\"potentialAction\":[{\"@type\":\"ReadAction\",\"target\":[\"https:\/\/dinocloud.com\/es\/contactanos\/\"]}]},{\"@type\":\"ImageObject\",\"inLanguage\":\"es\",\"@id\":\"https:\/\/dinocloud.com\/es\/contactanos\/#primaryimage\",\"url\":\"https:\/\/dinocloud.com\/wp-content\/uploads\/Estudio-GCG_Img-destacada.png\",\"contentUrl\":\"https:\/\/dinocloud.com\/wp-content\/uploads\/Estudio-GCG_Img-destacada.png\"},{\"@type\":\"BreadcrumbList\",\"@id\":\"https:\/\/dinocloud.com\/es\/contactanos\/#breadcrumb\",\"itemListElement\":[{\"@type\":\"ListItem\",\"position\":1,\"name\":\"Home\",\"item\":\"https:\/\/dinocloud.com\/es\/\"},{\"@type\":\"ListItem\",\"position\":2,\"name\":\"Contacto\"}]},{\"@type\":\"WebSite\",\"@id\":\"https:\/\/dinocloud.com\/es\/#website\",\"url\":\"https:\/\/dinocloud.com\/es\/\",\"name\":\"DinoCloud\",\"description\":\"cloud computing devops services cloud engineering\",\"publisher\":{\"@id\":\"https:\/\/dinocloud.com\/es\/#organization\"},\"potentialAction\":[{\"@type\":\"SearchAction\",\"target\":{\"@type\":\"EntryPoint\",\"urlTemplate\":\"https:\/\/dinocloud.com\/es\/?s={search_term_string}\"},\"query-input\":{\"@type\":\"PropertyValueSpecification\",\"valueRequired\":true,\"valueName\":\"search_term_string\"}}],\"inLanguage\":\"es\"},{\"@type\":\"Organization\",\"@id\":\"https:\/\/dinocloud.com\/es\/#organization\",\"name\":\"DinoCloud\",\"url\":\"https:\/\/dinocloud.com\/es\/\",\"logo\":{\"@type\":\"ImageObject\",\"inLanguage\":\"es\",\"@id\":\"https:\/\/dinocloud.com\/es\/#\/schema\/logo\/image\/\",\"url\":\"\",\"contentUrl\":\"\",\"caption\":\"DinoCloud\"},\"image\":{\"@id\":\"https:\/\/dinocloud.com\/es\/#\/schema\/logo\/image\/\"},\"sameAs\":[\"https:\/\/www.facebook.com\/dinocloudcons\",\"https:\/\/x.com\/dinocloud_\",\"https:\/\/www.instagram.com\/dinocloud_\/\",\"https:\/\/www.linkedin.com\/company\/dinocloud\",\"https:\/\/www.youtube.com\/c\/DinoCloudConsulting\"]}]}<\/script>\n<!-- \/ Yoast SEO plugin. -->","yoast_head_json":{"title":"Contacto | DinoCloud | Amazon Web Services","description":"Ponte en contacto con DinoCloud para impulsar tu transformaci\u00f3n digital con AWS. Descubre soluciones personalizadas para tu negocio y alcanza tus metas.","robots":{"index":"index","follow":"follow","max-snippet":"max-snippet:-1","max-image-preview":"max-image-preview:large","max-video-preview":"max-video-preview:-1"},"canonical":"https:\/\/dinocloud.com\/es\/contactanos\/","og_locale":"es_ES","og_type":"article","og_title":"Contacto | DinoCloud | Amazon Web Services","og_description":"Ponte en contacto con DinoCloud para impulsar tu transformaci\u00f3n digital con AWS. Descubre soluciones personalizadas para tu negocio y alcanza tus metas.","og_url":"https:\/\/dinocloud.com\/es\/contactanos\/","og_site_name":"DinoCloud","article_publisher":"https:\/\/www.facebook.com\/dinocloudcons","article_modified_time":"2024-12-12T18:33:09+00:00","og_image":[{"url":"https:\/\/dinocloud.com\/wp-content\/uploads\/Estudio-GCG_Img-destacada.png","type":"","width":"","height":""}],"twitter_card":"summary_large_image","twitter_site":"@dinocloud_","twitter_misc":{"Tiempo de lectura":"1 minuto"},"schema":{"@context":"https:\/\/schema.org","@graph":[{"@type":"WebPage","@id":"https:\/\/dinocloud.com\/es\/contactanos\/","url":"https:\/\/dinocloud.com\/es\/contactanos\/","name":"Contacto | DinoCloud | Amazon Web Services","isPartOf":{"@id":"https:\/\/dinocloud.com\/es\/#website"},"primaryImageOfPage":{"@id":"https:\/\/dinocloud.com\/es\/contactanos\/#primaryimage"},"image":{"@id":"https:\/\/dinocloud.com\/es\/contactanos\/#primaryimage"},"thumbnailUrl":"https:\/\/dinocloud.com\/wp-content\/uploads\/Estudio-GCG_Img-destacada.png","datePublished":"2022-05-12T15:30:32+00:00","dateModified":"2024-12-12T18:33:09+00:00","description":"Ponte en contacto con DinoCloud para impulsar tu transformaci\u00f3n digital con AWS. Descubre soluciones personalizadas para tu negocio y alcanza tus metas.","breadcrumb":{"@id":"https:\/\/dinocloud.com\/es\/contactanos\/#breadcrumb"},"inLanguage":"es","potentialAction":[{"@type":"ReadAction","target":["https:\/\/dinocloud.com\/es\/contactanos\/"]}]},{"@type":"ImageObject","inLanguage":"es","@id":"https:\/\/dinocloud.com\/es\/contactanos\/#primaryimage","url":"https:\/\/dinocloud.com\/wp-content\/uploads\/Estudio-GCG_Img-destacada.png","contentUrl":"https:\/\/dinocloud.com\/wp-content\/uploads\/Estudio-GCG_Img-destacada.png"},{"@type":"BreadcrumbList","@id":"https:\/\/dinocloud.com\/es\/contactanos\/#breadcrumb","itemListElement":[{"@type":"ListItem","position":1,"name":"Home","item":"https:\/\/dinocloud.com\/es\/"},{"@type":"ListItem","position":2,"name":"Contacto"}]},{"@type":"WebSite","@id":"https:\/\/dinocloud.com\/es\/#website","url":"https:\/\/dinocloud.com\/es\/","name":"DinoCloud","description":"cloud computing devops services cloud engineering","publisher":{"@id":"https:\/\/dinocloud.com\/es\/#organization"},"potentialAction":[{"@type":"SearchAction","target":{"@type":"EntryPoint","urlTemplate":"https:\/\/dinocloud.com\/es\/?s={search_term_string}"},"query-input":{"@type":"PropertyValueSpecification","valueRequired":true,"valueName":"search_term_string"}}],"inLanguage":"es"},{"@type":"Organization","@id":"https:\/\/dinocloud.com\/es\/#organization","name":"DinoCloud","url":"https:\/\/dinocloud.com\/es\/","logo":{"@type":"ImageObject","inLanguage":"es","@id":"https:\/\/dinocloud.com\/es\/#\/schema\/logo\/image\/","url":"","contentUrl":"","caption":"DinoCloud"},"image":{"@id":"https:\/\/dinocloud.com\/es\/#\/schema\/logo\/image\/"},"sameAs":["https:\/\/www.facebook.com\/dinocloudcons","https:\/\/x.com\/dinocloud_","https:\/\/www.instagram.com\/dinocloud_\/","https:\/\/www.linkedin.com\/company\/dinocloud","https:\/\/www.youtube.com\/c\/DinoCloudConsulting"]}]}},"uagb_featured_image_src":{"full":false,"thumbnail":false,"medium":false,"medium_large":false,"large":false,"1536x1536":false,"2048x2048":false},"uagb_author_info":{"display_name":"Gonzalo Puig","author_link":"https:\/\/dinocloud.com\/es\/author\/gonzalo\/"},"uagb_comment_info":0,"uagb_excerpt":null,"coauthors":[],"author_meta":{"author_link":"https:\/\/dinocloud.com\/es\/author\/gonzalo\/","display_name":"Gonzalo Puig"},"relative_dates":{"created":"Publicado 4 a\u00f1os hace","modified":"Actualizado 1 a\u00f1o hace"},"absolute_dates":{"created":"Publicado el mayo 12, 2022","modified":"Actualizado el diciembre 12, 2024"},"absolute_dates_time":{"created":"Publicado el mayo 12, 2022 3:30 pm","modified":"Actualizado el diciembre 12, 2024 6:33 pm"},"featured_img_caption":"","featured_img":false,"series_order":"","_links":{"self":[{"href":"https:\/\/dinocloud.com\/es\/wp-json\/wp\/v2\/pages\/34850","targetHints":{"allow":["GET"]}}],"collection":[{"href":"https:\/\/dinocloud.com\/es\/wp-json\/wp\/v2\/pages"}],"about":[{"href":"https:\/\/dinocloud.com\/es\/wp-json\/wp\/v2\/types\/page"}],"author":[{"embeddable":true,"href":"https:\/\/dinocloud.com\/es\/wp-json\/wp\/v2\/users\/18"}],"replies":[{"embeddable":true,"href":"https:\/\/dinocloud.com\/es\/wp-json\/wp\/v2\/comments?post=34850"}],"version-history":[{"count":0,"href":"https:\/\/dinocloud.com\/es\/wp-json\/wp\/v2\/pages\/34850\/revisions"}],"wp:attachment":[{"href":"https:\/\/dinocloud.com\/es\/wp-json\/wp\/v2\/media?parent=34850"}],"curies":[{"name":"wp","href":"https:\/\/api.w.org\/{rel}","templated":true}]}}