{"id":35885,"date":"2022-05-06T20:34:15","date_gmt":"2022-05-06T20:34:15","guid":{"rendered":"https:\/\/dinocloud.com\/?page_id=35885"},"modified":"2022-05-10T17:20:37","modified_gmt":"2022-05-10T17:20:37","slug":"tanzanite","status":"publish","type":"page","link":"https:\/\/dinocloud.com\/es\/tanzanite\/","title":{"rendered":"Tanzanite"},"content":{"rendered":"\n<section class=\"wp-block-uagb-section uagb-section__wrap uagb-section__background-undefined uagb-block-d04f6429 pt-5 pb-5\"><div class=\"uagb-section__overlay\"><\/div><div class=\"uagb-section__inner-wrap\">\n<div class=\"wp-block-columns is-layout-flex wp-container-core-columns-is-layout-9d6595d7 wp-block-columns-is-layout-flex\">\n<div class=\"wp-block-column is-vertically-aligned-center is-layout-flow wp-block-column-is-layout-flow\" style=\"flex-basis:33.33%\">\n<div class=\"wp-block-image\"><figure class=\"alignleft size-large is-resized\"><img decoding=\"async\" src=\"https:\/\/dinocloud.com\/wp-content\/uploads\/Tanzanite.svg\" alt=\"\" class=\"wp-image-35683\" width=\"381\" height=\"108\"\/><\/figure><\/div>\n<\/div>\n\n\n\n<div class=\"wp-block-column is-layout-flow wp-block-column-is-layout-flow\" style=\"flex-basis:66.66%\">\n<h2 class=\"wp-block-heading\" id=\"about-cliengo\">Sobre Tanzanite<\/h2>\n\n\n\n<p>Tanzanite Silicon Solutions Inc. es una empresa de desarrollo de semiconductores con sede en California, l\u00edder en el desarrollo de productos basados en \u201cCompute Express LinkTM\u201d (CXLTM).<\/p>\n\n\n\n<p>La arquitectura visionaria TanzanoidTZ de Tanzanite y el dise\u00f1o especialmente dise\u00f1ado de un SoC de \u00abConector de interfaz l\u00f3gica inteligente\u00bb (SLICTZ, por sus siglas en ingl\u00e9s) permite escalar y compartir de forma independiente la memoria y el c\u00f3mputo con muy baja latencia dentro y entre racks de servidores. El producto de Tanzanite proporciona una arquitectura altamente escalable para una capacidad de memoria y c\u00f3mputo de niveles exa, compatible con m\u00faltiples est\u00e1ndares de la industria, que van desde E1.S, E3.S, placas de expansi\u00f3n de memoria y dispositivos de memoria.<\/p>\n\n\n\n<div class=\"wp-block-advgb-button alignnone\"><a class=\"wp-block-advgb-button_link advgbbtn-3d733b0d-bed2-4ec0-a9aa-bcc3b56a0c47\" href=\"https:\/\/www.tanzanitesi.com\/\" target=\"_blank\" rel=\"noopener noreferrer\"><span>Sitio Web de Tanzanite <\/span><\/a><\/div>\n\n\n\n<p><\/p>\n<\/div>\n<\/div>\n<\/div><\/section>\n\n\n\n<section class=\"wp-block-uagb-section uagb-section__wrap uagb-section__background-color uagb-block-5f943832\"><div class=\"uagb-section__overlay\"><\/div><div class=\"uagb-section__inner-wrap\">\n<p>La estructura optimizada CXL escalable y de baja latencia de Tanzanite, con funciones de almacenamiento en cach\u00e9, seguridad avanzada y RAS permite una multitud de casos de uso:<\/p>\n\n\n\n<ul class=\"wp-block-list\"><li>Avanzada expansi\u00f3n de memoria con soporte de persistencia opcional<\/li><li>Almacenamiento en niveles y agrupaci\u00f3n de memoria<\/li><li>Interruptor CXL<\/li><li>C\u00e1lculo de memoria cercana<\/li><\/ul>\n<\/div><\/section>\n\n\n\n<section class=\"wp-block-uagb-section uagb-section__wrap uagb-section__background-undefined uagb-block-3a512f12 pt-5 pb-5\"><div class=\"uagb-section__overlay\"><\/div><div class=\"uagb-section__inner-wrap\">\n<h2 class=\"wp-block-heading\" id=\"used-technologies\">Tecnolog\u00edas Utilizadas<\/h2>\n\n\n\n<p>Amazon VPC, Amazon S3, Amazon EC2, EC2 Auto Scaling Groups, Amazon CloudWatch, Amazon CloudFormation, Amazon Spot Instances,&nbsp; OpenPBS, Amazon AD Connector with Azure Active Directory, AWS Parallel Cluster (Downgrading), Amazon OpenSearch Service, Terraform, Packer, Python Scripting, OpenVPN.&nbsp;<\/p>\n\n\n\n<h2 class=\"wp-block-heading\" id=\"the-challenge\">El Desaf\u00edo<\/h2>\n\n\n\n<p>Tanzanite Silicon Solutions es una empresa que ofrece dise\u00f1os de SoC desde el concepto hasta la producci\u00f3n en volumen. Est\u00e1n utilizando Amazon Web Services para ejecutar simulaciones y trabajos por lotes para preparar y crear sus productos. Tanzanite Silicon Solutions contrat\u00f3 a DinoCloud para evaluar la arquitectura de su producto y los procesos DevOps con el fin de brindarles servicios calificados en este campo.<\/p>\n\n\n\n<p>En la primera etapa, el resultado esperado era lograr la implementaci\u00f3n en producci\u00f3n de la soluci\u00f3n basada en <a href=\"https:\/\/aws.amazon.com\/solutions\/implementations\/scale-out-computing-on-aws\/\">SOCA <\/a>para que el cliente pudiera migrar su entorno heredado y ejecutar trabajos bajo demanda utilizando instancias spot. De esta forma, Tanzanite Silicon Solutions estar\u00eda en condiciones de gestionar, escalar, interrumpir y solicitar simulaciones de lo que es Electronics Design Automation, utilizando la orquestaci\u00f3n SOCA como entidad principal.<\/p>\n\n\n\n<p>A su vez, otro objetivo fue lograr monitorear los resultados de cada uno de sus trabajos usando Amazon OpenSearch y que Tanzanite Silicon Solutions pudiese administrar las identidades de sus usuarios con LDAP y Active Directory. De esta manera, Tanzanite Silicon Solutions podr\u00eda pasar de las instancias de simulaci\u00f3n (Stone, Silver, Gold, Wind down) sin problemas y escalar el uso de la plataforma sin modificar la arquitectura.<\/p>\n\n\n\n<h2 class=\"wp-block-heading\" id=\"our-approach\">Nuestro Foco<\/h2>\n\n\n\n<p>En primer lugar, decidimos evaluar todo el entorno y el despliegue de la plataforma, identificando riesgos y puntos d\u00e9biles de mejora. Durante la revisi\u00f3n, involucramos mucho conocimiento en el stack de AWS y las herramientas de infraestructura como c\u00f3digo y CI\/CD para la nueva arquitectura.<\/p>\n\n\n\n<p>Por otro lado, nos preparamos con el equipo de AWS sobre el mundo de los semiconductores. Necesit\u00e1bamos recopilar conocimientos sobre los procesos y negocios en la industria para brindar la mejor soluci\u00f3n posible. Recibimos capacitaci\u00f3n en el modelo comercial de Tanzanite SI y en la oferta de AWS para el espacio de semiconductores, incluyendo los productos AWS Parallel Cluster y AWS SOCA.<\/p>\n\n\n\n<p>En estas primeras reuniones, comprendimos que Tanzanite SI necesitaba pasar de AWS ParallelCluster (su implementaci\u00f3n real) a AWS SOCA, y esa fue la mayor \u00e9pica durante el contrato.<\/p>\n<\/div><\/section>\n\n\n\n<section class=\"wp-block-uagb-section uagb-section__wrap uagb-section__background-color uagb-block-74777127\"><div class=\"uagb-section__overlay\"><\/div><div class=\"uagb-section__inner-wrap\">\n<p>Una vez identificadas las principales \u00e9picas, establecimos objetivos prioritarios de remediaci\u00f3n para el negocio, los cuales fueron:<\/p>\n\n\n\n<ul class=\"wp-block-list\"><li>Mejorar y actualizar la implementaci\u00f3n de Hashicorp Terraform a trav\u00e9s de las mejores pr\u00e1cticas en la arquitectura en m\u00f3dulos.<\/li><li>Estabilizaci\u00f3n de AWS ParallelCluster (implementaci\u00f3n real), lo que ayud\u00f3 a abordar una soluci\u00f3n s\u00f3lida para los casos de uso reales con el fin de preparar la migraci\u00f3n de SOCA.<\/li><li>Correcta implementaci\u00f3n y vinculaci\u00f3n con Azure Active Directory en la soluci\u00f3n real.<\/li><li>Conexi\u00f3n VPN al ecosistema AWS entre diferentes sitios On-Premise a trav\u00e9s de OpenVPN.<\/li><li>Despliegue e implementaci\u00f3n de SOCA para migrar trabajos de producci\u00f3n.<\/li><\/ul>\n<\/div><\/section>\n\n\n\n<section class=\"wp-block-uagb-section uagb-section__wrap uagb-section__background-undefined uagb-block-4e7ab3b5 pt-5 pb-5\"><div class=\"uagb-section__overlay\"><\/div><div class=\"uagb-section__inner-wrap\">\n<p>Una vez que comenz\u00f3 el proyecto, decidimos trabajar con el equipo de Tanzanite SI, utilizando la metodolog\u00eda Kanban a trav\u00e9s de una comunicaci\u00f3n sin\u00e9rgica entre el equipo de arquitectos y gerentes de proyecto de DinoCloud, y los l\u00edderes t\u00e9cnicos de Tanzanite SI.<\/p>\n\n\n\n<h2 class=\"wp-block-heading\">En cuanto a lo t\u00e9cnico<\/h2>\n\n\n\n<p>Antes de la contrataci\u00f3n de DinoCloud, Tanzanite SI usaba AWS ParallelCluster como su orquestador de trabajo principal. Solo ten\u00edan un entorno de producci\u00f3n (y experimental) que ten\u00eda algunos problemas en la mejora y actualizaci\u00f3n del ecosistema.<\/p>\n\n\n\n<p>Durante los primeros pasos de este proyecto, coordinamos una reuni\u00f3n con AWS y les transmitimos que la mejor soluci\u00f3n para la empresa era migrar a un stack de AWS SOCA, una arquitectura m\u00e1s orientada a EDA que fue la clave para resolver muchos de los problemas de escalado e implementaci\u00f3n. Problemas a los que actualmente se enfrentaban.<\/p>\n\n\n\n<p>Antes de comenzar el proceso de migraci\u00f3n, evaluamos todo el stack y las herramientas de automatizaci\u00f3n que estaban usando. Revisamos su implementaci\u00f3n de Terraform\/Packer para ganar m\u00e1s calidad y robustez en su soluci\u00f3n.<\/p>\n\n\n\n<p>En medio de la implementaci\u00f3n de SOCA, necesit\u00e1bamos brindar soporte en las simulaciones de trabajo reales que estaban ejecutando. Enfrentamos ambas verticales para mantener el negocio en marcha mientras comenzamos a implementar nuestra primera prueba de concepto con SOCA. Algunas de estas mejoras (como la implementaci\u00f3n de VPN y las actualizaciones de IaC) tambi\u00e9n fueron importantes para la soluci\u00f3n SOCA.<\/p>\n\n\n\n<p>Mantener el entorno heredado era muy importante para mantener la evoluci\u00f3n del negocio. Tanzanite SI necesitaba seguir progresando para hacer p\u00fablica su soluci\u00f3n, mientras continuaban probando la nueva arquitectura.<\/p>\n\n\n\n<p>Hasta que la implementaci\u00f3n de SOCA sea s\u00f3lida y estable, es importante que la empresa mantenga ambos entornos en funcionamiento.<\/p>\n\n\n\n<figure class=\"wp-block-image size-full\"><img fetchpriority=\"high\" decoding=\"async\" width=\"1024\" height=\"667\" src=\"https:\/\/dinocloud.com\/wp-content\/uploads\/AhmedBlog_Image1-1024x667-1.png\" alt=\"\" class=\"wp-image-35883\" srcset=\"https:\/\/dinocloud.com\/wp-content\/uploads\/AhmedBlog_Image1-1024x667-1.png 1024w, https:\/\/dinocloud.com\/wp-content\/uploads\/AhmedBlog_Image1-1024x667-1-650x423.png 650w, https:\/\/dinocloud.com\/wp-content\/uploads\/AhmedBlog_Image1-1024x667-1-768x500.png 768w\" sizes=\"(max-width: 1024px) 100vw, 1024px\" \/><\/figure>\n\n\n\n<h2 class=\"wp-block-heading\">Los Resultados<\/h2>\n\n\n\n<p>Un entorno de producci\u00f3n listo para ser probado.<\/p>\n\n\n\n<p>Logramos el despliegue de la soluci\u00f3n SOCA para comenzar a simular trabajos en esta arquitectura. Preparamos un entorno s\u00f3lido para que la empresa hiciera crecer sus simulaciones para el negocio principal.<\/p>\n\n\n\n<p>Facilitamos la gesti\u00f3n de la infraestructura en la nube a trav\u00e9s de herramientas de automatizaci\u00f3n y stacks listos para usar para crear, destruir y actualizar el entorno real de la empresa.<\/p>\n\n\n\n<p>Reforzamos el entorno actual de AWS ParallelCluster para seguir ejecutando las simulaciones actuales en la empresa.<\/p>\n\n\n\n<p>Otras tareas realizadas:<\/p>\n\n\n\n<ul class=\"wp-block-list\"><li>Enlace de Active Directory entre SOCA y Azure.<\/li><li>Conexiones VPN entre las regiones de AWS (Singapur y Mumbai) y la red local.<\/li><li>PoC de SOCA para probar las diferentes caracter\u00edsticas arquitect\u00f3nicas.<\/li><li>Creaci\u00f3n de AMI personalizada para nodos trabajadores.<\/li><li>Apoyo general en la infraestructura actual.<\/li><\/ul>\n<\/div><\/section>\n\n\n\n<section class=\"wp-block-uagb-section uagb-section__wrap uagb-section__background-color uagb-block-1eba8b93\" id=\"contact\"><div class=\"uagb-section__overlay\"><\/div><div class=\"uagb-section__inner-wrap\">\n<div style=\"height:17px\" aria-hidden=\"true\" class=\"wp-block-spacer\"><\/div>\n\n\n\n<h4 class=\"has-text-align-center wp-block-heading\" id=\"contact\"><strong><strong>Get in Touch!<\/strong><\/strong><\/h4>\n\n\n\n<div style=\"height:9px\" aria-hidden=\"true\" class=\"wp-block-spacer\"><\/div>\n\n\n\n<div class=\"wp-block-columns is-layout-flex wp-container-core-columns-is-layout-9d6595d7 wp-block-columns-is-layout-flex\">\n<div class=\"wp-block-column is-layout-flow wp-block-column-is-layout-flow\" style=\"flex-basis:60%\"><p>[contact-form-7 id=\u00bb3427&#8243; title=\u00bbContact form General\u00bb]<\/p>\n<\/div>\n\n\n\n<div class=\"wp-block-column is-layout-flow wp-block-column-is-layout-flow\" style=\"flex-basis:40%\">\n<div class=\"wp-block-column\">\n<div><strong>Miami<\/strong><\/div>\n<div>40 SW 13th St, Suite 102<\/div>\n<div>Miami, FL 33130<\/div>\n<div>Phone: <a href=\"tel:+15745984299\">+1 574 598 4299<\/a><\/div>\n<div>&nbsp;<\/div>\n<div>\n<div><strong>New York<br><\/strong>67-87 Booth St #2H<br>Forest Hills, NY 11375<br>Phone: <a href=\"tel:15713226769\">+1 571 322 6769<\/a><\/div>\n<\/div>\n<div>\n<div>&nbsp;<\/div>\n<\/div>\n<div>\n<div><strong>Colombia<\/strong><\/div>\n<div>Cra. 19a #103-19<\/div>\n<div>Usaqu\u00e9n, Bogot\u00e1 110111, Colombia<\/div>\n<div>&nbsp;<\/div>\n<\/div>\n<div><strong>Argentina<\/strong><\/div>\n<div>Humberto 1\u00b0 630, Piso 4,&nbsp;<\/div>\n<div>X5000HZQ C\u00f3rdoba, Argentina<\/div>\n<div>Phone: <a href=\"tel:+543513556000\">+54 3513 556000<\/a><\/div>\n<\/div>\n\n\n\n<div style=\"height:20px\" aria-hidden=\"true\" class=\"wp-block-spacer\"><\/div>\n\n\n\n<div class=\"wp-block-image\"><figure class=\"alignleft size-large is-resized\"><img decoding=\"async\" src=\"https:\/\/dinocloud.com\/wp-content\/uploads\/LogoDinoCloud-H-04.svg\" alt=\"\" class=\"wp-image-33533\" width=\"322\" height=\"98\"\/><figcaption>Ready to be a part of your team!<\/figcaption><\/figure><\/div>\n<\/div>\n<\/div>\n\n\n\n<div style=\"height:19px\" aria-hidden=\"true\" class=\"wp-block-spacer\"><\/div>\n\n\n\n<p><\/p>\n<\/div><\/section>\n<style class=\"advgb-styles-renderer\">.advgbbtn-3d733b0d-bed2-4ec0-a9aa-bcc3b56a0c47{font-size:18px;color:#ffffff !important;background-color:#00af66 !important;margin:0px 0px 0px 0px !important;padding:10px 30px 10px 30px;border-width:1px !important;border-style:none;border-radius:50px !important;}.advgbbtn-3d733b0d-bed2-4ec0-a9aa-bcc3b56a0c47:hover{box-shadow:1px 1px 12px 0px #ccc;opacity:1;transition:all 0.2s ease;}.advgbbtn-3d733b0d-bed2-4ec0-a9aa-bcc3b56a0c47 > i {display: none !important;}.advgbbtn-3d733b0d-bed2-4ec0-a9aa-bcc3b56a0c47{font-size:18px;color:#ffffff !important;background-color:#00af66 !important;margin:0px 0px 0px 0px !important;padding:10px 30px 10px 30px;border-width:1px !important;border-style:none;border-radius:50px !important;}.advgbbtn-3d733b0d-bed2-4ec0-a9aa-bcc3b56a0c47:hover{box-shadow:1px 1px 12px 0px #ccc;opacity:1;transition:all 0.2s ease;}.advgbbtn-3d733b0d-bed2-4ec0-a9aa-bcc3b56a0c47 > i {display: none !important;}.advgbbtn-3d733b0d-bed2-4ec0-a9aa-bcc3b56a0c47{font-size:18px;color:#ffffff !important;background-color:#00af66 !important;margin:0px 0px 0px 0px !important;padding:10px 30px 10px 30px;border-width:1px !important;border-style:none;border-radius:50px !important;}.advgbbtn-3d733b0d-bed2-4ec0-a9aa-bcc3b56a0c47:hover{box-shadow:1px 1px 12px 0px #ccc;opacity:1;transition:all 0.2s ease;}.advgbbtn-3d733b0d-bed2-4ec0-a9aa-bcc3b56a0c47 > i {display: none !important;}.advgbbtn-3d733b0d-bed2-4ec0-a9aa-bcc3b56a0c47{font-size:18px;color:#ffffff !important;background-color:#00af66 !important;margin:0px 0px 0px 0px !important;padding:10px 30px 10px 30px;border-width:1px !important;border-style:none;border-radius:50px !important;}.advgbbtn-3d733b0d-bed2-4ec0-a9aa-bcc3b56a0c47:hover{box-shadow:1px 1px 12px 0px #ccc;opacity:1;transition:all 0.2s ease;}.advgbbtn-3d733b0d-bed2-4ec0-a9aa-bcc3b56a0c47 > i {display: none !important;}<\/style>","protected":false},"excerpt":{"rendered":"","protected":false},"author":18,"featured_media":0,"parent":0,"menu_order":0,"comment_status":"closed","ping_status":"closed","template":"templates\/full-width-page.php","meta":{"content-type":"","_uag_custom_page_level_css":"","advgb_blocks_editor_width":"","advgb_blocks_columns_visual_guide":"","footnotes":""},"class_list":["post-35885","page","type-page","status-publish","hentry"],"acf":[],"yoast_head":"<!-- This site is optimized with the Yoast SEO plugin v26.5 - https:\/\/yoast.com\/wordpress\/plugins\/seo\/ -->\n<title>Tanzanite | DinoCloud<\/title>\n<meta name=\"description\" content=\"Tanzanite Silicon Solutions Inc. es una empresa de desarrollo de semiconductores con sede en California.\" \/>\n<meta name=\"robots\" content=\"index, follow, max-snippet:-1, max-image-preview:large, max-video-preview:-1\" \/>\n<link rel=\"canonical\" href=\"https:\/\/dinocloud.com\/es\/tanzanite\/\" \/>\n<meta property=\"og:locale\" content=\"es_ES\" \/>\n<meta property=\"og:type\" content=\"article\" \/>\n<meta property=\"og:title\" content=\"Tanzanite | DinoCloud\" \/>\n<meta property=\"og:description\" content=\"Tanzanite Silicon Solutions Inc. es una empresa de desarrollo de semiconductores con sede en California.\" \/>\n<meta property=\"og:url\" content=\"https:\/\/dinocloud.com\/es\/tanzanite\/\" \/>\n<meta property=\"og:site_name\" content=\"DinoCloud\" \/>\n<meta property=\"article:publisher\" content=\"https:\/\/www.facebook.com\/dinocloudcons\" \/>\n<meta property=\"article:modified_time\" content=\"2022-05-10T17:20:37+00:00\" \/>\n<meta property=\"og:image\" content=\"https:\/\/dinocloud.com\/wp-content\/uploads\/Tanzanite.svg\" \/>\n<meta name=\"twitter:card\" content=\"summary_large_image\" \/>\n<meta name=\"twitter:site\" content=\"@dinocloud_\" \/>\n<meta name=\"twitter:label1\" content=\"Tiempo de lectura\" \/>\n\t<meta name=\"twitter:data1\" content=\"6 minutos\" \/>\n<script type=\"application\/ld+json\" class=\"yoast-schema-graph\">{\"@context\":\"https:\/\/schema.org\",\"@graph\":[{\"@type\":\"WebPage\",\"@id\":\"https:\/\/dinocloud.com\/es\/tanzanite\/\",\"url\":\"https:\/\/dinocloud.com\/es\/tanzanite\/\",\"name\":\"Tanzanite | DinoCloud\",\"isPartOf\":{\"@id\":\"https:\/\/dinocloud.com\/es\/#website\"},\"primaryImageOfPage\":{\"@id\":\"https:\/\/dinocloud.com\/es\/tanzanite\/#primaryimage\"},\"image\":{\"@id\":\"https:\/\/dinocloud.com\/es\/tanzanite\/#primaryimage\"},\"thumbnailUrl\":\"https:\/\/dinocloud.com\/wp-content\/uploads\/Tanzanite.svg\",\"datePublished\":\"2022-05-06T20:34:15+00:00\",\"dateModified\":\"2022-05-10T17:20:37+00:00\",\"description\":\"Tanzanite Silicon Solutions Inc. es una empresa de desarrollo de semiconductores con sede en California.\",\"breadcrumb\":{\"@id\":\"https:\/\/dinocloud.com\/es\/tanzanite\/#breadcrumb\"},\"inLanguage\":\"es\",\"potentialAction\":[{\"@type\":\"ReadAction\",\"target\":[\"https:\/\/dinocloud.com\/es\/tanzanite\/\"]}]},{\"@type\":\"ImageObject\",\"inLanguage\":\"es\",\"@id\":\"https:\/\/dinocloud.com\/es\/tanzanite\/#primaryimage\",\"url\":\"https:\/\/dinocloud.com\/wp-content\/uploads\/Tanzanite.svg\",\"contentUrl\":\"https:\/\/dinocloud.com\/wp-content\/uploads\/Tanzanite.svg\"},{\"@type\":\"BreadcrumbList\",\"@id\":\"https:\/\/dinocloud.com\/es\/tanzanite\/#breadcrumb\",\"itemListElement\":[{\"@type\":\"ListItem\",\"position\":1,\"name\":\"Home\",\"item\":\"https:\/\/dinocloud.com\/es\/\"},{\"@type\":\"ListItem\",\"position\":2,\"name\":\"Tanzanite\"}]},{\"@type\":\"WebSite\",\"@id\":\"https:\/\/dinocloud.com\/es\/#website\",\"url\":\"https:\/\/dinocloud.com\/es\/\",\"name\":\"DinoCloud\",\"description\":\"cloud computing devops services cloud engineering\",\"publisher\":{\"@id\":\"https:\/\/dinocloud.com\/es\/#organization\"},\"potentialAction\":[{\"@type\":\"SearchAction\",\"target\":{\"@type\":\"EntryPoint\",\"urlTemplate\":\"https:\/\/dinocloud.com\/es\/?s={search_term_string}\"},\"query-input\":{\"@type\":\"PropertyValueSpecification\",\"valueRequired\":true,\"valueName\":\"search_term_string\"}}],\"inLanguage\":\"es\"},{\"@type\":\"Organization\",\"@id\":\"https:\/\/dinocloud.com\/es\/#organization\",\"name\":\"DinoCloud\",\"url\":\"https:\/\/dinocloud.com\/es\/\",\"logo\":{\"@type\":\"ImageObject\",\"inLanguage\":\"es\",\"@id\":\"https:\/\/dinocloud.com\/es\/#\/schema\/logo\/image\/\",\"url\":\"\",\"contentUrl\":\"\",\"caption\":\"DinoCloud\"},\"image\":{\"@id\":\"https:\/\/dinocloud.com\/es\/#\/schema\/logo\/image\/\"},\"sameAs\":[\"https:\/\/www.facebook.com\/dinocloudcons\",\"https:\/\/x.com\/dinocloud_\",\"https:\/\/www.instagram.com\/dinocloud_\/\",\"https:\/\/www.linkedin.com\/company\/dinocloud\",\"https:\/\/www.youtube.com\/c\/DinoCloudConsulting\"]}]}<\/script>\n<!-- \/ Yoast SEO plugin. -->","yoast_head_json":{"title":"Tanzanite | DinoCloud","description":"Tanzanite Silicon Solutions Inc. es una empresa de desarrollo de semiconductores con sede en California.","robots":{"index":"index","follow":"follow","max-snippet":"max-snippet:-1","max-image-preview":"max-image-preview:large","max-video-preview":"max-video-preview:-1"},"canonical":"https:\/\/dinocloud.com\/es\/tanzanite\/","og_locale":"es_ES","og_type":"article","og_title":"Tanzanite | DinoCloud","og_description":"Tanzanite Silicon Solutions Inc. es una empresa de desarrollo de semiconductores con sede en California.","og_url":"https:\/\/dinocloud.com\/es\/tanzanite\/","og_site_name":"DinoCloud","article_publisher":"https:\/\/www.facebook.com\/dinocloudcons","article_modified_time":"2022-05-10T17:20:37+00:00","og_image":[{"url":"https:\/\/dinocloud.com\/wp-content\/uploads\/Tanzanite.svg","type":"","width":"","height":""}],"twitter_card":"summary_large_image","twitter_site":"@dinocloud_","twitter_misc":{"Tiempo de lectura":"6 minutos"},"schema":{"@context":"https:\/\/schema.org","@graph":[{"@type":"WebPage","@id":"https:\/\/dinocloud.com\/es\/tanzanite\/","url":"https:\/\/dinocloud.com\/es\/tanzanite\/","name":"Tanzanite | DinoCloud","isPartOf":{"@id":"https:\/\/dinocloud.com\/es\/#website"},"primaryImageOfPage":{"@id":"https:\/\/dinocloud.com\/es\/tanzanite\/#primaryimage"},"image":{"@id":"https:\/\/dinocloud.com\/es\/tanzanite\/#primaryimage"},"thumbnailUrl":"https:\/\/dinocloud.com\/wp-content\/uploads\/Tanzanite.svg","datePublished":"2022-05-06T20:34:15+00:00","dateModified":"2022-05-10T17:20:37+00:00","description":"Tanzanite Silicon Solutions Inc. es una empresa de desarrollo de semiconductores con sede en California.","breadcrumb":{"@id":"https:\/\/dinocloud.com\/es\/tanzanite\/#breadcrumb"},"inLanguage":"es","potentialAction":[{"@type":"ReadAction","target":["https:\/\/dinocloud.com\/es\/tanzanite\/"]}]},{"@type":"ImageObject","inLanguage":"es","@id":"https:\/\/dinocloud.com\/es\/tanzanite\/#primaryimage","url":"https:\/\/dinocloud.com\/wp-content\/uploads\/Tanzanite.svg","contentUrl":"https:\/\/dinocloud.com\/wp-content\/uploads\/Tanzanite.svg"},{"@type":"BreadcrumbList","@id":"https:\/\/dinocloud.com\/es\/tanzanite\/#breadcrumb","itemListElement":[{"@type":"ListItem","position":1,"name":"Home","item":"https:\/\/dinocloud.com\/es\/"},{"@type":"ListItem","position":2,"name":"Tanzanite"}]},{"@type":"WebSite","@id":"https:\/\/dinocloud.com\/es\/#website","url":"https:\/\/dinocloud.com\/es\/","name":"DinoCloud","description":"cloud computing devops services cloud engineering","publisher":{"@id":"https:\/\/dinocloud.com\/es\/#organization"},"potentialAction":[{"@type":"SearchAction","target":{"@type":"EntryPoint","urlTemplate":"https:\/\/dinocloud.com\/es\/?s={search_term_string}"},"query-input":{"@type":"PropertyValueSpecification","valueRequired":true,"valueName":"search_term_string"}}],"inLanguage":"es"},{"@type":"Organization","@id":"https:\/\/dinocloud.com\/es\/#organization","name":"DinoCloud","url":"https:\/\/dinocloud.com\/es\/","logo":{"@type":"ImageObject","inLanguage":"es","@id":"https:\/\/dinocloud.com\/es\/#\/schema\/logo\/image\/","url":"","contentUrl":"","caption":"DinoCloud"},"image":{"@id":"https:\/\/dinocloud.com\/es\/#\/schema\/logo\/image\/"},"sameAs":["https:\/\/www.facebook.com\/dinocloudcons","https:\/\/x.com\/dinocloud_","https:\/\/www.instagram.com\/dinocloud_\/","https:\/\/www.linkedin.com\/company\/dinocloud","https:\/\/www.youtube.com\/c\/DinoCloudConsulting"]}]}},"uagb_featured_image_src":{"full":false,"thumbnail":false,"medium":false,"medium_large":false,"large":false,"1536x1536":false,"2048x2048":false},"uagb_author_info":{"display_name":"Gonzalo Puig","author_link":"https:\/\/dinocloud.com\/es\/author\/gonzalo\/"},"uagb_comment_info":0,"uagb_excerpt":null,"coauthors":[],"author_meta":{"author_link":"https:\/\/dinocloud.com\/es\/author\/gonzalo\/","display_name":"Gonzalo Puig"},"relative_dates":{"created":"Publicado 4 a\u00f1os hace","modified":"Actualizado 4 a\u00f1os hace"},"absolute_dates":{"created":"Publicado el mayo 6, 2022","modified":"Actualizado el mayo 10, 2022"},"absolute_dates_time":{"created":"Publicado el mayo 6, 2022 8:34 pm","modified":"Actualizado el mayo 10, 2022 5:20 pm"},"featured_img_caption":"","featured_img":false,"series_order":"","_links":{"self":[{"href":"https:\/\/dinocloud.com\/es\/wp-json\/wp\/v2\/pages\/35885","targetHints":{"allow":["GET"]}}],"collection":[{"href":"https:\/\/dinocloud.com\/es\/wp-json\/wp\/v2\/pages"}],"about":[{"href":"https:\/\/dinocloud.com\/es\/wp-json\/wp\/v2\/types\/page"}],"author":[{"embeddable":true,"href":"https:\/\/dinocloud.com\/es\/wp-json\/wp\/v2\/users\/18"}],"replies":[{"embeddable":true,"href":"https:\/\/dinocloud.com\/es\/wp-json\/wp\/v2\/comments?post=35885"}],"version-history":[{"count":0,"href":"https:\/\/dinocloud.com\/es\/wp-json\/wp\/v2\/pages\/35885\/revisions"}],"wp:attachment":[{"href":"https:\/\/dinocloud.com\/es\/wp-json\/wp\/v2\/media?parent=35885"}],"curies":[{"name":"wp","href":"https:\/\/api.w.org\/{rel}","templated":true}]}}