{"id":36568,"date":"2022-09-21T15:28:48","date_gmt":"2022-09-21T15:28:48","guid":{"rendered":"https:\/\/dinocloud.com\/?page_id=36568"},"modified":"2022-09-22T18:24:31","modified_gmt":"2022-09-22T18:24:31","slug":"engineering-manager","status":"publish","type":"page","link":"https:\/\/dinocloud.com\/es\/engineering-manager\/","title":{"rendered":"Engineering Manager"},"content":{"rendered":"\n<section class=\"wp-block-uagb-section uagb-section__wrap uagb-section__background-color uagb-block-8f334c59\"><div class=\"uagb-section__overlay\"><\/div><div class=\"uagb-section__inner-wrap\">\n<div style=\"height:80px\" aria-hidden=\"true\" class=\"wp-block-spacer\"><\/div>\n\n\n\n<div class=\"wp-block-uagb-advanced-heading uagb-block-6fe53543\"><h2 class=\"uagb-heading-text\">Sobre nosotros<\/h2><div class=\"uagb-separator-wrap\"><div class=\"uagb-separator\"><\/div><\/div><p class=\"uagb-desc-text\"><\/p><\/div>\n\n\n\n<div class=\"wp-block-columns are-vertically-aligned-top is-layout-flex wp-container-core-columns-is-layout-9d6595d7 wp-block-columns-is-layout-flex\">\n<div class=\"wp-block-column is-vertically-aligned-top is-layout-flow wp-block-column-is-layout-flow\" style=\"flex-basis:50%\">\n<p>DinoCloud es una compa\u00f1\u00eda AWS Premier Partner l\u00edder en latinoam\u00e9rica, con experiencia en la creaci\u00f3n, optimizaci\u00f3n y evoluci\u00f3n de productos desplegados en la nube.<\/p>\n\n\n\n<p>Somos una compa\u00f1\u00eda conformada por equipos de profesionales con el objetivo principal de acompa\u00f1ar a cada uno de nuestros clientes a transitar el camino de aprendizaje e implementaci\u00f3n de las tendencias en tecnolog\u00eda a nivel mundial.&nbsp;<\/p>\n\n\n\n<p>Contamos con casos de \u00e9xito en diferentes industrias como: salud, servicios financieros, transporte y log\u00edstica, e-commerce, software as a service y telecomunicaciones. Somos socios oficiales de los principales proveedores cloud y uno de los partners de consultor\u00eda de AWS m\u00e1s importantes de latinoam\u00e9rica.<\/p>\n<\/div>\n\n\n\n<div class=\"wp-block-column is-vertically-aligned-top is-layout-flow wp-block-column-is-layout-flow\" style=\"flex-basis:50%\">\n<figure class=\"wp-block-embed is-type-video is-provider-youtube wp-block-embed-youtube wp-embed-aspect-16-9 wp-has-aspect-ratio\"><div class=\"wp-block-embed__wrapper\">\n<iframe title=\"Por qu\u00e9 s\u00ed DinoCloud | AWS Partner Premier\" width=\"500\" height=\"281\" src=\"https:\/\/www.youtube.com\/embed\/pywOyt2jLqg?feature=oembed\" frameborder=\"0\" allow=\"accelerometer; autoplay; clipboard-write; encrypted-media; gyroscope; picture-in-picture; web-share\" referrerpolicy=\"strict-origin-when-cross-origin\" allowfullscreen><\/iframe>\n<\/div><\/figure>\n<\/div>\n<\/div>\n<\/div><\/section>\n\n\n\n<section class=\"wp-block-uagb-section uagb-section__wrap uagb-section__background-color uagb-block-b1a62522\"><div class=\"uagb-section__overlay\"><\/div><div class=\"uagb-section__inner-wrap\">\n<div style=\"height:33px\" aria-hidden=\"true\" class=\"wp-block-spacer\"><\/div>\n\n\n\n<div style=\"height:20px\" aria-hidden=\"true\" class=\"wp-block-spacer\"><\/div>\n\n\n\n<div class=\"wp-block-uagb-advanced-heading uagb-block-040b9a33\"><h2 class=\"uagb-heading-text\">Descripci\u00f3n del Rol<\/h2><div class=\"uagb-separator-wrap\"><div class=\"uagb-separator\"><\/div><\/div><p class=\"uagb-desc-text\">Requisitos<\/p><\/div>\n\n\n\n<div class=\"wp-block-columns is-layout-flex wp-container-core-columns-is-layout-9d6595d7 wp-block-columns-is-layout-flex\">\n<div class=\"wp-block-column is-layout-flow wp-block-column-is-layout-flow\">\n<section class=\"wp-block-uagb-section uagb-section__wrap uagb-section__background-undefined uagb-block-e6830a52 custom-list\"><div class=\"uagb-section__overlay\"><\/div><div class=\"uagb-section__inner-wrap\">\n<ul class=\"wp-block-list\"><li>+5 a\u00f1os de experiencia IT ejecutando procesos de desarrollo de software como parte del equipo.<\/li><li>+2 a\u00f1os de experiencia como Manager.<\/li><li><strong>Experiencia s\u00f3lida en gesti\u00f3n y capacidad de comunicaci\u00f3n con diferentes stakeholders.<\/strong><\/li><li>Excelentes habilidades comunicativas.<\/li><li>S\u00f3lido entendimiento de SDLC y metodolog\u00edas \u00e1giles.<\/li><li>Fuerte entendimiento de las TI y de los roles dentro de un equipo de ingenier\u00eda.&nbsp;<\/li><\/ul>\n<\/div><\/section>\n<\/div>\n\n\n\n<div class=\"wp-block-column is-layout-flow wp-block-column-is-layout-flow\">\n<section class=\"wp-block-uagb-section uagb-section__wrap uagb-section__background-undefined uagb-block-a34314c5 custom-list\"><div class=\"uagb-section__overlay\"><\/div><div class=\"uagb-section__inner-wrap\">\n<ul class=\"wp-block-list\"><li>Excelentes habilidades motivacionales y de mentoreo.<\/li><li>Capacidad de dar seguimiento a la carrera profesional de 10-20 ingenieros\/arquitectos de distintas seniorities con la misma prioridad.<\/li><li>Capacidad demostrable de negociaci\u00f3n y soluci\u00f3n de problemas.<\/li><li>Capacidad para escribir y hablar fluidamente tanto en Ingl\u00e9s como en Espa\u00f1ol<\/li><li>Uso competente de Software de entrada de datos.<\/li><li>Experiencia detectando las necesidades de la compa\u00f1\u00eda, desarrollo de colaboradores y definici\u00f3n de objetivos.<\/li><\/ul>\n<\/div><\/section>\n<\/div>\n<\/div>\n<\/div><\/section>\n\n\n\n<section class=\"wp-block-uagb-section uagb-section__wrap uagb-section__background-color uagb-block-47bc3f92\"><div class=\"uagb-section__overlay\"><\/div><div class=\"uagb-section__inner-wrap\">\n<div style=\"height:30px\" aria-hidden=\"true\" class=\"wp-block-spacer\"><\/div>\n\n\n\n<div class=\"wp-block-uagb-advanced-heading uagb-block-69901a20\"><h2 class=\"uagb-heading-text\">Como Engineering Manager tendr\u00e1s los siguientes desaf\u00edos:<\/h2><div class=\"uagb-separator-wrap\"><div class=\"uagb-separator\"><\/div><\/div><p class=\"uagb-desc-text\"><\/p><\/div>\n\n\n\n<ol class=\"wp-block-list\"><li>Oportunidad de <strong>impactar en el desarrollo personal<\/strong> de las personas a cargo, fomentando la mejora de sus habilidades. Podr\u00e1s trabajar estos puntos a trav\u00e9s del acompa\u00f1amiento y la definici\u00f3n de planes de acci\u00f3n, as\u00ed tambi\u00e9n ser\u00e1 posible establecer expectativas claras sobre el path de carrera. Deber\u00e1s promover, junto a tu equipo, un ambiente de trabajo saludable que<em> impulse el empoderamiento<\/em>.<\/li><li><strong>Desarrollar un ambiente de trabajo saludable<\/strong>, ser\u00e1s responsable de crear distintos espacios para identificar y atender la situaci\u00f3n de esos colaboradores, demostrando disponibilidad al momento de que surjan necesidades, inquietudes, etc.<\/li><li>Oportunidad de <strong>conocer todos los proyectos<\/strong> de DinoCloud para&nbsp;Interiorizarte sobre la situaci\u00f3n de cada uno de los roles a cargo. Por otro lado, podr\u00e1s <strong>acompa\u00f1ar a los nuevos talentos <\/strong>y facilitar las herramientas para que se integren y logren una<strong> curva de aprendizaje eficiente.<\/strong><\/li><li>Responsable de velar por la <strong>performance de los roles <\/strong>que tienes a cargo, acompa\u00f1\u00e1ndolos y brind\u00e1ndoles soporte en pos de cumplir con los est\u00e1ndares de calidad y las necesidades requeridas en cada proyecto.<\/li><\/ol>\n\n\n\n<div style=\"height:30px\" aria-hidden=\"true\" class=\"wp-block-spacer\"><\/div>\n\n\n\n<div class=\"wp-block-advgb-button alignnone\"><a class=\"wp-block-advgb-button_link advgbbtn-9d9d6fbd-ff35-400b-8289-ccae15c728d6\" href=\"#form\" target=\"_self\" rel=\"noopener noreferrer\"><span>Aplica haciendo click aqu\u00ed<\/span><\/a><\/div>\n\n\n\n<div style=\"height:30px\" aria-hidden=\"true\" class=\"wp-block-spacer\"><\/div>\n<\/div><\/section>\n\n\n\n<section class=\"wp-block-uagb-section uagb-section__wrap uagb-section__background-color uagb-block-6b94fbf0\"><div class=\"uagb-section__overlay\"><\/div><div class=\"uagb-section__inner-wrap\">\n<div style=\"height:33px\" aria-hidden=\"true\" class=\"wp-block-spacer\"><\/div>\n\n\n\n<div style=\"height:20px\" aria-hidden=\"true\" class=\"wp-block-spacer\"><\/div>\n\n\n\n<div class=\"wp-block-uagb-advanced-heading uagb-block-27ae030b\"><h2 class=\"uagb-heading-text\">Beneficios<\/h2><div class=\"uagb-separator-wrap\"><div class=\"uagb-separator\"><\/div><\/div><p class=\"uagb-desc-text\"><\/p><\/div>\n\n\n\n<p><\/p>\n\n\n\n<div style=\"height:30px\" aria-hidden=\"true\" class=\"wp-block-spacer\"><\/div>\n\n\n\n<div class=\"wp-block-columns are-vertically-aligned-center is-layout-flex wp-container-core-columns-is-layout-9d6595d7 wp-block-columns-is-layout-flex\">\n<div class=\"wp-block-column is-vertically-aligned-center is-layout-flow wp-block-column-is-layout-flow\" style=\"flex-basis:5%\"><div class=\"wp-block-image no-margin-important\">\n<figure class=\"aligncenter size-large\"><img decoding=\"async\" width=\"52\" height=\"53\" src=\"https:\/\/dinocloud.com\/wp-content\/uploads\/health.svg\" alt=\"\" class=\"wp-image-35325\"\/><\/figure>\n<\/div><\/div>\n\n\n\n<div class=\"wp-block-column is-vertically-aligned-center is-layout-flow wp-block-column-is-layout-flow\">\n<p class=\"no-margin-important\">Cobertura m\u00e9dica Premium<\/p>\n<\/div>\n\n\n\n<div class=\"wp-block-column is-vertically-aligned-center is-layout-flow wp-block-column-is-layout-flow\" style=\"flex-basis:5%\"><div class=\"wp-block-image no-margin-important\">\n<figure class=\"aligncenter size-large is-resized\"><img decoding=\"async\" src=\"https:\/\/dinocloud.com\/wp-content\/uploads\/Icon_English-classes.svg\" alt=\"\" class=\"wp-image-36591\" width=\"53\" height=\"53\"\/><\/figure>\n<\/div><\/div>\n\n\n\n<div class=\"wp-block-column is-vertically-aligned-center is-layout-flow wp-block-column-is-layout-flow\">\n<p class=\"no-margin-important\">Clases de ingl\u00e9s grupales<\/p>\n<\/div>\n\n\n\n<div class=\"wp-block-column is-vertically-aligned-center is-layout-flow wp-block-column-is-layout-flow\" style=\"flex-basis:5%\"><div class=\"wp-block-image no-margin-important\">\n<figure class=\"aligncenter size-large\"><img decoding=\"async\" width=\"52\" height=\"56\" src=\"https:\/\/dinocloud.com\/wp-content\/uploads\/vacation.svg\" alt=\"\" class=\"wp-image-35331\"\/><\/figure>\n<\/div><\/div>\n\n\n\n<div class=\"wp-block-column is-vertically-aligned-center is-layout-flow wp-block-column-is-layout-flow\">\n<p class=\"no-margin-important\">3 semanas de vacaciones<\/p>\n<\/div>\n<\/div>\n\n\n\n<div class=\"wp-block-columns are-vertically-aligned-center is-layout-flex wp-container-core-columns-is-layout-9d6595d7 wp-block-columns-is-layout-flex\">\n<div class=\"wp-block-column is-vertically-aligned-center is-layout-flow wp-block-column-is-layout-flow\" style=\"flex-basis:5%\">\n<figure class=\"wp-block-image size-large is-resized no-margin-important\"><img decoding=\"async\" src=\"https:\/\/dinocloud.com\/wp-content\/uploads\/certifications.svg\" alt=\"\" class=\"wp-image-35330\" width=\"53\"\/><\/figure>\n<\/div>\n\n\n\n<div class=\"wp-block-column is-vertically-aligned-center is-layout-flow wp-block-column-is-layout-flow\">\n<p class=\"no-margin-important\">Capacitaciones alineadas 100% cubiertas<\/p>\n<\/div>\n\n\n\n<div class=\"wp-block-column is-vertically-aligned-center is-layout-flow wp-block-column-is-layout-flow\" style=\"flex-basis:5%\"><div class=\"wp-block-image no-margin-important\">\n<figure class=\"aligncenter size-large\"><img loading=\"lazy\" decoding=\"async\" width=\"52\" height=\"53\" src=\"https:\/\/dinocloud.com\/wp-content\/uploads\/birthday.svg\" alt=\"\" class=\"wp-image-35327\"\/><\/figure>\n<\/div><\/div>\n\n\n\n<div class=\"wp-block-column is-vertically-aligned-center is-layout-flow wp-block-column-is-layout-flow\">\n<p class=\"no-margin-important\">Regalo por cumplea\u00f1os + Day Off<\/p>\n<\/div>\n\n\n\n<div class=\"wp-block-column is-vertically-aligned-center is-layout-flow wp-block-column-is-layout-flow\" style=\"flex-basis:5%\"><div class=\"wp-block-image no-margin-important\">\n<figure class=\"aligncenter size-large\"><img loading=\"lazy\" decoding=\"async\" width=\"52\" height=\"52\" src=\"https:\/\/dinocloud.com\/wp-content\/uploads\/lunch.svg\" alt=\"\" class=\"wp-image-35332\"\/><\/figure>\n<\/div><\/div>\n\n\n\n<div class=\"wp-block-column is-vertically-aligned-center is-layout-flow wp-block-column-is-layout-flow\">\n<p class=\"no-margin-important\">Almuerzos pagos al 50%<\/p>\n<\/div>\n<\/div>\n\n\n\n<p>Y mucho m\u00e1s&#8230;<\/p>\n\n\n\n<div style=\"height:40px\" aria-hidden=\"true\" class=\"wp-block-spacer\"><\/div>\n<\/div><\/section>\n\n\n\n<section class=\"wp-block-uagb-section uagb-section__wrap uagb-section__background-undefined uagb-block-ad03c6d9\" id=\"form\"><div class=\"uagb-section__overlay\"><\/div><div class=\"uagb-section__inner-wrap\">\n<iframe class=\"clickup-embed clickup-dynamic-height\" src=\"https:\/\/forms.clickup.com\/3016250\/f\/2w1hu-17485\/TL9OY0I5K4DFDS1ZDF\" onwheel=\"\" width=\"100%\" height=\"1540px\" style=\"background: transparent; border: 0px solid #ccc;\"><\/iframe><script async=\"\" src=\"https:\/\/app-cdn.clickup.com\/assets\/js\/forms-embed\/v1.js\"><\/script>\n<\/div><\/section>\n<style class=\"advgb-styles-renderer\">.advgbbtn-9d9d6fbd-ff35-400b-8289-ccae15c728d6{font-size:18px;color:#fff !important;background-color:#00af66 !important;margin:0px 0px 0px 0px !important;padding:10px 30px 10px 30px;border-width:1px !important;border-style:none;border-radius:50px !important;}.advgbbtn-9d9d6fbd-ff35-400b-8289-ccae15c728d6:hover{box-shadow:1px 1px 12px 0px #ccc;opacity:1;transition:all 0.2s ease;}.advgbbtn-9d9d6fbd-ff35-400b-8289-ccae15c728d6 > i {display: none !important;}.advgbbtn-9d9d6fbd-ff35-400b-8289-ccae15c728d6{font-size:18px;color:#fff !important;background-color:#00af66 !important;margin:0px 0px 0px 0px !important;padding:10px 30px 10px 30px;border-width:1px !important;border-style:none;border-radius:50px !important;}.advgbbtn-9d9d6fbd-ff35-400b-8289-ccae15c728d6:hover{box-shadow:1px 1px 12px 0px #ccc;opacity:1;transition:all 0.2s ease;}.advgbbtn-9d9d6fbd-ff35-400b-8289-ccae15c728d6 > i {display: none !important;}<\/style>","protected":false},"excerpt":{"rendered":"","protected":false},"author":18,"featured_media":35285,"parent":0,"menu_order":0,"comment_status":"closed","ping_status":"closed","template":"templates\/full-width-page.php","meta":{"content-type":"","_uag_custom_page_level_css":"","advgb_blocks_editor_width":"","advgb_blocks_columns_visual_guide":"","footnotes":""},"class_list":["post-36568","page","type-page","status-publish","has-post-thumbnail","hentry"],"acf":[],"yoast_head":"<!-- This site is optimized with the Yoast SEO plugin v26.5 - https:\/\/yoast.com\/wordpress\/plugins\/seo\/ -->\n<title>Engineering Manager | DinoCloud<\/title>\n<meta name=\"description\" content=\"Post\u00falate para Engineering Manager en DinoCloud. Somos #1 en Los Mejores Lugares para Trabajar\u2122 Argentina 2022.\" \/>\n<meta name=\"robots\" content=\"index, follow, max-snippet:-1, max-image-preview:large, max-video-preview:-1\" \/>\n<link rel=\"canonical\" href=\"https:\/\/dinocloud.com\/es\/engineering-manager\/\" \/>\n<meta property=\"og:locale\" content=\"es_ES\" \/>\n<meta property=\"og:type\" content=\"article\" \/>\n<meta property=\"og:title\" content=\"Engineering Manager | DinoCloud\" \/>\n<meta property=\"og:description\" content=\"Post\u00falate para Engineering Manager en DinoCloud. Somos #1 en Los Mejores Lugares para Trabajar\u2122 Argentina 2022.\" \/>\n<meta property=\"og:url\" content=\"https:\/\/dinocloud.com\/es\/engineering-manager\/\" \/>\n<meta property=\"og:site_name\" content=\"DinoCloud\" \/>\n<meta property=\"article:publisher\" content=\"https:\/\/www.facebook.com\/dinocloudcons\" \/>\n<meta property=\"article:modified_time\" content=\"2022-09-22T18:24:31+00:00\" \/>\n<meta property=\"og:image\" content=\"https:\/\/dinocloud.com\/wp-content\/uploads\/GPTW.png\" \/>\n\t<meta property=\"og:image:width\" content=\"351\" \/>\n\t<meta property=\"og:image:height\" content=\"347\" \/>\n\t<meta property=\"og:image:type\" content=\"image\/png\" \/>\n<meta name=\"twitter:card\" content=\"summary_large_image\" \/>\n<meta name=\"twitter:site\" content=\"@dinocloud_\" \/>\n<meta name=\"twitter:label1\" content=\"Tiempo de lectura\" \/>\n\t<meta name=\"twitter:data1\" content=\"5 minutos\" \/>\n<script type=\"application\/ld+json\" class=\"yoast-schema-graph\">{\"@context\":\"https:\/\/schema.org\",\"@graph\":[{\"@type\":\"WebPage\",\"@id\":\"https:\/\/dinocloud.com\/es\/engineering-manager\/\",\"url\":\"https:\/\/dinocloud.com\/es\/engineering-manager\/\",\"name\":\"Engineering Manager | DinoCloud\",\"isPartOf\":{\"@id\":\"https:\/\/dinocloud.com\/es\/#website\"},\"primaryImageOfPage\":{\"@id\":\"https:\/\/dinocloud.com\/es\/engineering-manager\/#primaryimage\"},\"image\":{\"@id\":\"https:\/\/dinocloud.com\/es\/engineering-manager\/#primaryimage\"},\"thumbnailUrl\":\"https:\/\/dinocloud.com\/wp-content\/uploads\/GPTW.png\",\"datePublished\":\"2022-09-21T15:28:48+00:00\",\"dateModified\":\"2022-09-22T18:24:31+00:00\",\"description\":\"Post\u00falate para Engineering Manager en DinoCloud. Somos #1 en Los Mejores Lugares para Trabajar\u2122 Argentina 2022.\",\"breadcrumb\":{\"@id\":\"https:\/\/dinocloud.com\/es\/engineering-manager\/#breadcrumb\"},\"inLanguage\":\"es\",\"potentialAction\":[{\"@type\":\"ReadAction\",\"target\":[\"https:\/\/dinocloud.com\/es\/engineering-manager\/\"]}]},{\"@type\":\"ImageObject\",\"inLanguage\":\"es\",\"@id\":\"https:\/\/dinocloud.com\/es\/engineering-manager\/#primaryimage\",\"url\":\"https:\/\/dinocloud.com\/wp-content\/uploads\/GPTW.png\",\"contentUrl\":\"https:\/\/dinocloud.com\/wp-content\/uploads\/GPTW.png\",\"width\":351,\"height\":347},{\"@type\":\"BreadcrumbList\",\"@id\":\"https:\/\/dinocloud.com\/es\/engineering-manager\/#breadcrumb\",\"itemListElement\":[{\"@type\":\"ListItem\",\"position\":1,\"name\":\"Home\",\"item\":\"https:\/\/dinocloud.com\/es\/\"},{\"@type\":\"ListItem\",\"position\":2,\"name\":\"Engineering Manager\"}]},{\"@type\":\"WebSite\",\"@id\":\"https:\/\/dinocloud.com\/es\/#website\",\"url\":\"https:\/\/dinocloud.com\/es\/\",\"name\":\"DinoCloud\",\"description\":\"cloud computing devops services cloud engineering\",\"publisher\":{\"@id\":\"https:\/\/dinocloud.com\/es\/#organization\"},\"potentialAction\":[{\"@type\":\"SearchAction\",\"target\":{\"@type\":\"EntryPoint\",\"urlTemplate\":\"https:\/\/dinocloud.com\/es\/?s={search_term_string}\"},\"query-input\":{\"@type\":\"PropertyValueSpecification\",\"valueRequired\":true,\"valueName\":\"search_term_string\"}}],\"inLanguage\":\"es\"},{\"@type\":\"Organization\",\"@id\":\"https:\/\/dinocloud.com\/es\/#organization\",\"name\":\"DinoCloud\",\"url\":\"https:\/\/dinocloud.com\/es\/\",\"logo\":{\"@type\":\"ImageObject\",\"inLanguage\":\"es\",\"@id\":\"https:\/\/dinocloud.com\/es\/#\/schema\/logo\/image\/\",\"url\":\"\",\"contentUrl\":\"\",\"caption\":\"DinoCloud\"},\"image\":{\"@id\":\"https:\/\/dinocloud.com\/es\/#\/schema\/logo\/image\/\"},\"sameAs\":[\"https:\/\/www.facebook.com\/dinocloudcons\",\"https:\/\/x.com\/dinocloud_\",\"https:\/\/www.instagram.com\/dinocloud_\/\",\"https:\/\/www.linkedin.com\/company\/dinocloud\",\"https:\/\/www.youtube.com\/c\/DinoCloudConsulting\"]}]}<\/script>\n<!-- \/ Yoast SEO plugin. -->","yoast_head_json":{"title":"Engineering Manager | DinoCloud","description":"Post\u00falate para Engineering Manager en DinoCloud. Somos #1 en Los Mejores Lugares para Trabajar\u2122 Argentina 2022.","robots":{"index":"index","follow":"follow","max-snippet":"max-snippet:-1","max-image-preview":"max-image-preview:large","max-video-preview":"max-video-preview:-1"},"canonical":"https:\/\/dinocloud.com\/es\/engineering-manager\/","og_locale":"es_ES","og_type":"article","og_title":"Engineering Manager | DinoCloud","og_description":"Post\u00falate para Engineering Manager en DinoCloud. Somos #1 en Los Mejores Lugares para Trabajar\u2122 Argentina 2022.","og_url":"https:\/\/dinocloud.com\/es\/engineering-manager\/","og_site_name":"DinoCloud","article_publisher":"https:\/\/www.facebook.com\/dinocloudcons","article_modified_time":"2022-09-22T18:24:31+00:00","og_image":[{"width":351,"height":347,"url":"https:\/\/dinocloud.com\/wp-content\/uploads\/GPTW.png","type":"image\/png"}],"twitter_card":"summary_large_image","twitter_site":"@dinocloud_","twitter_misc":{"Tiempo de lectura":"5 minutos"},"schema":{"@context":"https:\/\/schema.org","@graph":[{"@type":"WebPage","@id":"https:\/\/dinocloud.com\/es\/engineering-manager\/","url":"https:\/\/dinocloud.com\/es\/engineering-manager\/","name":"Engineering Manager | DinoCloud","isPartOf":{"@id":"https:\/\/dinocloud.com\/es\/#website"},"primaryImageOfPage":{"@id":"https:\/\/dinocloud.com\/es\/engineering-manager\/#primaryimage"},"image":{"@id":"https:\/\/dinocloud.com\/es\/engineering-manager\/#primaryimage"},"thumbnailUrl":"https:\/\/dinocloud.com\/wp-content\/uploads\/GPTW.png","datePublished":"2022-09-21T15:28:48+00:00","dateModified":"2022-09-22T18:24:31+00:00","description":"Post\u00falate para Engineering Manager en DinoCloud. Somos #1 en Los Mejores Lugares para Trabajar\u2122 Argentina 2022.","breadcrumb":{"@id":"https:\/\/dinocloud.com\/es\/engineering-manager\/#breadcrumb"},"inLanguage":"es","potentialAction":[{"@type":"ReadAction","target":["https:\/\/dinocloud.com\/es\/engineering-manager\/"]}]},{"@type":"ImageObject","inLanguage":"es","@id":"https:\/\/dinocloud.com\/es\/engineering-manager\/#primaryimage","url":"https:\/\/dinocloud.com\/wp-content\/uploads\/GPTW.png","contentUrl":"https:\/\/dinocloud.com\/wp-content\/uploads\/GPTW.png","width":351,"height":347},{"@type":"BreadcrumbList","@id":"https:\/\/dinocloud.com\/es\/engineering-manager\/#breadcrumb","itemListElement":[{"@type":"ListItem","position":1,"name":"Home","item":"https:\/\/dinocloud.com\/es\/"},{"@type":"ListItem","position":2,"name":"Engineering Manager"}]},{"@type":"WebSite","@id":"https:\/\/dinocloud.com\/es\/#website","url":"https:\/\/dinocloud.com\/es\/","name":"DinoCloud","description":"cloud computing devops services cloud engineering","publisher":{"@id":"https:\/\/dinocloud.com\/es\/#organization"},"potentialAction":[{"@type":"SearchAction","target":{"@type":"EntryPoint","urlTemplate":"https:\/\/dinocloud.com\/es\/?s={search_term_string}"},"query-input":{"@type":"PropertyValueSpecification","valueRequired":true,"valueName":"search_term_string"}}],"inLanguage":"es"},{"@type":"Organization","@id":"https:\/\/dinocloud.com\/es\/#organization","name":"DinoCloud","url":"https:\/\/dinocloud.com\/es\/","logo":{"@type":"ImageObject","inLanguage":"es","@id":"https:\/\/dinocloud.com\/es\/#\/schema\/logo\/image\/","url":"","contentUrl":"","caption":"DinoCloud"},"image":{"@id":"https:\/\/dinocloud.com\/es\/#\/schema\/logo\/image\/"},"sameAs":["https:\/\/www.facebook.com\/dinocloudcons","https:\/\/x.com\/dinocloud_","https:\/\/www.instagram.com\/dinocloud_\/","https:\/\/www.linkedin.com\/company\/dinocloud","https:\/\/www.youtube.com\/c\/DinoCloudConsulting"]}]}},"uagb_featured_image_src":{"full":["https:\/\/dinocloud.com\/wp-content\/uploads\/GPTW.png",351,347,false],"thumbnail":["https:\/\/dinocloud.com\/wp-content\/uploads\/GPTW-300x300.png",300,300,true],"medium":["https:\/\/dinocloud.com\/wp-content\/uploads\/GPTW.png",351,347,false],"medium_large":["https:\/\/dinocloud.com\/wp-content\/uploads\/GPTW.png",351,347,false],"large":["https:\/\/dinocloud.com\/wp-content\/uploads\/GPTW.png",351,347,false],"1536x1536":["https:\/\/dinocloud.com\/wp-content\/uploads\/GPTW.png",351,347,false],"2048x2048":["https:\/\/dinocloud.com\/wp-content\/uploads\/GPTW.png",351,347,false]},"uagb_author_info":{"display_name":"Gonzalo Puig","author_link":"https:\/\/dinocloud.com\/es\/author\/gonzalo\/"},"uagb_comment_info":0,"uagb_excerpt":null,"coauthors":[],"author_meta":{"author_link":"https:\/\/dinocloud.com\/es\/author\/gonzalo\/","display_name":"Gonzalo Puig"},"relative_dates":{"created":"Publicado 4 a\u00f1os hace","modified":"Actualizado 4 a\u00f1os hace"},"absolute_dates":{"created":"Publicado el septiembre 21, 2022","modified":"Actualizado el septiembre 22, 2022"},"absolute_dates_time":{"created":"Publicado el septiembre 21, 2022 3:28 pm","modified":"Actualizado el septiembre 22, 2022 6:24 pm"},"featured_img_caption":"","featured_img":"https:\/\/dinocloud.com\/wp-content\/uploads\/GPTW.png","series_order":"","_links":{"self":[{"href":"https:\/\/dinocloud.com\/es\/wp-json\/wp\/v2\/pages\/36568","targetHints":{"allow":["GET"]}}],"collection":[{"href":"https:\/\/dinocloud.com\/es\/wp-json\/wp\/v2\/pages"}],"about":[{"href":"https:\/\/dinocloud.com\/es\/wp-json\/wp\/v2\/types\/page"}],"author":[{"embeddable":true,"href":"https:\/\/dinocloud.com\/es\/wp-json\/wp\/v2\/users\/18"}],"replies":[{"embeddable":true,"href":"https:\/\/dinocloud.com\/es\/wp-json\/wp\/v2\/comments?post=36568"}],"version-history":[{"count":0,"href":"https:\/\/dinocloud.com\/es\/wp-json\/wp\/v2\/pages\/36568\/revisions"}],"wp:featuredmedia":[{"embeddable":true,"href":"https:\/\/dinocloud.com\/es\/wp-json\/wp\/v2\/media\/35285"}],"wp:attachment":[{"href":"https:\/\/dinocloud.com\/es\/wp-json\/wp\/v2\/media?parent=36568"}],"curies":[{"name":"wp","href":"https:\/\/api.w.org\/{rel}","templated":true}]}}