{"id":36609,"date":"2022-09-22T17:43:27","date_gmt":"2022-09-22T17:43:27","guid":{"rendered":"https:\/\/dinocloud.com\/?page_id=36609"},"modified":"2022-09-23T19:02:38","modified_gmt":"2022-09-23T19:02:38","slug":"senior-delivery-director","status":"publish","type":"page","link":"https:\/\/dinocloud.com\/es\/senior-delivery-director\/","title":{"rendered":"Senior Delivery Director"},"content":{"rendered":"\n<section class=\"wp-block-uagb-section uagb-section__wrap uagb-section__background-color uagb-block-ff024a69\"><div class=\"uagb-section__overlay\"><\/div><div class=\"uagb-section__inner-wrap\">\n<div style=\"height:80px\" aria-hidden=\"true\" class=\"wp-block-spacer\"><\/div>\n\n\n\n<div class=\"wp-block-uagb-advanced-heading uagb-block-2b73d263\"><h2 class=\"uagb-heading-text\">Sobre nosotros<\/h2><div class=\"uagb-separator-wrap\"><div class=\"uagb-separator\"><\/div><\/div><p class=\"uagb-desc-text\"><\/p><\/div>\n\n\n\n<div class=\"wp-block-columns are-vertically-aligned-top is-layout-flex wp-container-core-columns-is-layout-9d6595d7 wp-block-columns-is-layout-flex\">\n<div class=\"wp-block-column is-vertically-aligned-top is-layout-flow wp-block-column-is-layout-flow\" style=\"flex-basis:50%\">\n<p>DinoCloud es una compa\u00f1\u00eda AWS Premier Partner l\u00edder en latinoam\u00e9rica, con experiencia en la creaci\u00f3n, optimizaci\u00f3n y evoluci\u00f3n de productos desplegados en la nube.<\/p>\n\n\n\n<p>Somos una compa\u00f1\u00eda conformada por equipos de profesionales con el objetivo principal de acompa\u00f1ar a cada uno de nuestros clientes a transitar el camino de aprendizaje e implementaci\u00f3n de las tendencias en tecnolog\u00eda a nivel mundial.&nbsp;<\/p>\n\n\n\n<p>Contamos con casos de \u00e9xito en diferentes industrias como: salud, servicios financieros, transporte y log\u00edstica, e-commerce, software as a service y telecomunicaciones. Somos socios oficiales de los principales proveedores cloud y uno de los partners de consultor\u00eda de AWS m\u00e1s importantes de latinoam\u00e9rica.<\/p>\n<\/div>\n\n\n\n<div class=\"wp-block-column is-vertically-aligned-top is-layout-flow wp-block-column-is-layout-flow\" style=\"flex-basis:50%\">\n<figure class=\"wp-block-embed is-type-video is-provider-youtube wp-block-embed-youtube wp-embed-aspect-16-9 wp-has-aspect-ratio\"><div class=\"wp-block-embed__wrapper\">\n<iframe title=\"Por qu\u00e9 s\u00ed DinoCloud | AWS Partner Premier\" width=\"500\" height=\"281\" src=\"https:\/\/www.youtube.com\/embed\/pywOyt2jLqg?feature=oembed\" frameborder=\"0\" allow=\"accelerometer; autoplay; clipboard-write; encrypted-media; gyroscope; picture-in-picture; web-share\" referrerpolicy=\"strict-origin-when-cross-origin\" allowfullscreen><\/iframe>\n<\/div><\/figure>\n<\/div>\n<\/div>\n<\/div><\/section>\n\n\n\n<section class=\"wp-block-uagb-section uagb-section__wrap uagb-section__background-color uagb-block-dfd0699a\"><div class=\"uagb-section__overlay\"><\/div><div class=\"uagb-section__inner-wrap\">\n<div style=\"height:33px\" aria-hidden=\"true\" class=\"wp-block-spacer\"><\/div>\n\n\n\n<div style=\"height:20px\" aria-hidden=\"true\" class=\"wp-block-spacer\"><\/div>\n\n\n\n<div class=\"wp-block-uagb-advanced-heading uagb-block-2ae3e4ce\"><h2 class=\"uagb-heading-text\">Descripci\u00f3n del Rol<\/h2><div class=\"uagb-separator-wrap\"><div class=\"uagb-separator\"><\/div><\/div><p class=\"uagb-desc-text\">Requisitos<\/p><\/div>\n\n\n\n<div class=\"wp-block-columns is-layout-flex wp-container-core-columns-is-layout-9d6595d7 wp-block-columns-is-layout-flex\">\n<div class=\"wp-block-column is-layout-flow wp-block-column-is-layout-flow\">\n<section class=\"wp-block-uagb-section uagb-section__wrap uagb-section__background-undefined uagb-block-64c81529 custom-list\"><div class=\"uagb-section__overlay\"><\/div><div class=\"uagb-section__inner-wrap\">\n<ul class=\"wp-block-list\"><li>+5 a\u00f1os de experiencia liderando el delivery de proyectos de consultor\u00eda IT<\/li><li>+3 a\u00f1os de experiencia como Project Manager, utilizando metodolog\u00edas \u00e1giles\/iterativas.<\/li><li>Titulaci\u00f3n superior en Inform\u00e1tica\/Ingenier\u00eda u otra titulaci\u00f3n t\u00e9cnica, y\/o experiencia relacionada.<\/li><li>Experiencia con herramientas Agile y APM (Jira, RallyDev, ClickUp, Taiga, etc).<\/li><li>Experiencia en la gesti\u00f3n de asignaciones de ingenier\u00eda y sus plazos, junto a equipos de consultor\u00eda de TI y\/o Delivery, trabajando con varios clientes de varias industrias.<\/li><li>Experiencia comprobada en el delivery de proyectos fixed-fee (precio fijo), milestone oriented (Objetivos concisos y detallados) y de consultor\u00eda IT.&nbsp;<\/li><li>Excelentes habilidades en el manejo de relaciones con los clientes, con ventas y en brindar experiencias delivery de calidad.<\/li><li>Fuertes habilidades de comunicaci\u00f3n y capacidad para trabajar de forma transversal con otros departamentos, como ventas o contabilidad.<\/li><\/ul>\n<\/div><\/section>\n<\/div>\n\n\n\n<div class=\"wp-block-column is-layout-flow wp-block-column-is-layout-flow\">\n<section class=\"wp-block-uagb-section uagb-section__wrap uagb-section__background-undefined uagb-block-4bae1d6c custom-list\"><div class=\"uagb-section__overlay\"><\/div><div class=\"uagb-section__inner-wrap\">\n<ul class=\"wp-block-list\"><li>Experiencia en desarrollo comercial, incluyendo acuerdos complejos con clientes.<\/li><li>Fuertes habilidades verbales y escritas con una gran capacidad para articular y comunicar estrategias y planes.&nbsp;&nbsp;<\/li><li>Experiencia en liderar e influir en otros tanto dentro de la organizaci\u00f3n como en partes interesadas externas.&nbsp;<\/li><li>\u00c9xito demostrado con la coordinaci\u00f3n multifuncional, inclu\u00edda la planificaci\u00f3n, el seguimiento de la ejecuci\u00f3n, la toma de decisiones y la gesti\u00f3n de OKR.<\/li><li>Experiencia en planificaci\u00f3n estrat\u00e9gica y consultor\u00eda t\u00e9cnica integral a la alta direcci\u00f3n y al equipo t\u00e9cnico.&nbsp;<\/li><li>Capacidad para gestionar las expectativas de todas las partes interesadas.<\/li><li>Habilidades demostradas de negociaci\u00f3n y resoluci\u00f3n de problemas.<\/li><li>Fluidez en los idiomas espa\u00f1ol e ingl\u00e9s: oral y escrito.<\/li><\/ul>\n<\/div><\/section>\n<\/div>\n<\/div>\n<\/div><\/section>\n\n\n\n<section class=\"wp-block-uagb-section uagb-section__wrap uagb-section__background-color uagb-block-fdaa769b\"><div class=\"uagb-section__overlay\"><\/div><div class=\"uagb-section__inner-wrap\">\n<div style=\"height:30px\" aria-hidden=\"true\" class=\"wp-block-spacer\"><\/div>\n\n\n\n<div class=\"wp-block-uagb-advanced-heading uagb-block-adb32323\"><h2 class=\"uagb-heading-text\">Como Senior Delivery Director tendr\u00e1s los siguientes desaf\u00edos:<\/h2><div class=\"uagb-separator-wrap\"><div class=\"uagb-separator\"><\/div><\/div><p class=\"uagb-desc-text\"><\/p><\/div>\n\n\n\n<ol class=\"wp-block-list\"><li>Ser el encargado de interactuar con los diferentes <strong>stakeholders <\/strong>para velar por el \u00e9xito del delivery en DinoCloud.<\/li><li>Encargado de mantener, mejorar y controlar la <strong>calidad de los servicios<\/strong> brindando visibilidad a los clientes de las decisiones tomadas en los proyectos.<\/li><li>Velar por el mantenimiento de la <strong>calidad de los procesos<\/strong> a trav\u00e9s de la supervisi\u00f3n de proyectos trabajando estrechamente con el Engineering Director.<\/li><li>Colaborar la definici\u00f3n de la <strong>estrategia, <\/strong>controlando y mejorando los OKR y KPI, asegurando un marco bien definido para medir la eficacia. Adem\u00e1s, trabajar\u00e1s estrechamente con el \u00e1rea comercial&nbsp; para optimizar la administraci\u00f3n de recursos en base a los presupuestos, scopes de proyectos y estimaciones brindadas por dicha \u00e1rea.<\/li><li>Actuar como <strong>l\u00edder <\/strong>de los Engagement Managers a cargo.<\/li><\/ol>\n\n\n\n<div style=\"height:30px\" aria-hidden=\"true\" class=\"wp-block-spacer\"><\/div>\n\n\n\n<div class=\"wp-block-advgb-button alignnone\"><a class=\"wp-block-advgb-button_link advgbbtn-11f47c09-9787-438d-b4e3-bf6ea6eb9ccd\" href=\"#form\" target=\"_self\" rel=\"noopener noreferrer\"><span>Aplica haciendo click aqu\u00ed<\/span><\/a><\/div>\n\n\n\n<div style=\"height:30px\" aria-hidden=\"true\" class=\"wp-block-spacer\"><\/div>\n<\/div><\/section>\n\n\n\n<section class=\"wp-block-uagb-section uagb-section__wrap uagb-section__background-color uagb-block-28e2e690\"><div class=\"uagb-section__overlay\"><\/div><div class=\"uagb-section__inner-wrap\">\n<div style=\"height:33px\" aria-hidden=\"true\" class=\"wp-block-spacer\"><\/div>\n\n\n\n<div style=\"height:20px\" aria-hidden=\"true\" class=\"wp-block-spacer\"><\/div>\n\n\n\n<div class=\"wp-block-uagb-advanced-heading uagb-block-b33f6cec\"><h2 class=\"uagb-heading-text\">Beneficios<\/h2><div class=\"uagb-separator-wrap\"><div class=\"uagb-separator\"><\/div><\/div><p class=\"uagb-desc-text\"><\/p><\/div>\n\n\n\n<p><\/p>\n\n\n\n<div style=\"height:30px\" aria-hidden=\"true\" class=\"wp-block-spacer\"><\/div>\n\n\n\n<div class=\"wp-block-columns are-vertically-aligned-center is-layout-flex wp-container-core-columns-is-layout-9d6595d7 wp-block-columns-is-layout-flex\">\n<div class=\"wp-block-column is-vertically-aligned-center is-layout-flow wp-block-column-is-layout-flow\" style=\"flex-basis:5%\"><div class=\"wp-block-image no-margin-important\">\n<figure class=\"aligncenter size-large\"><img decoding=\"async\" width=\"52\" height=\"53\" src=\"https:\/\/dinocloud.com\/wp-content\/uploads\/health.svg\" alt=\"\" class=\"wp-image-35325\"\/><\/figure>\n<\/div><\/div>\n\n\n\n<div class=\"wp-block-column is-vertically-aligned-center is-layout-flow wp-block-column-is-layout-flow\">\n<p class=\"no-margin-important\">Cobertura m\u00e9dica Premium<\/p>\n<\/div>\n\n\n\n<div class=\"wp-block-column is-vertically-aligned-center is-layout-flow wp-block-column-is-layout-flow\" style=\"flex-basis:5%\"><div class=\"wp-block-image no-margin-important\">\n<figure class=\"aligncenter size-large is-resized\"><img decoding=\"async\" src=\"https:\/\/dinocloud.com\/wp-content\/uploads\/Icon_English-classes.svg\" alt=\"\" class=\"wp-image-36591\" width=\"53\" height=\"53\"\/><\/figure>\n<\/div><\/div>\n\n\n\n<div class=\"wp-block-column is-vertically-aligned-center is-layout-flow wp-block-column-is-layout-flow\">\n<p class=\"no-margin-important\">Clases de ingl\u00e9s grupales<\/p>\n<\/div>\n\n\n\n<div class=\"wp-block-column is-vertically-aligned-center is-layout-flow wp-block-column-is-layout-flow\" style=\"flex-basis:5%\"><div class=\"wp-block-image no-margin-important\">\n<figure class=\"aligncenter size-large\"><img decoding=\"async\" width=\"52\" height=\"56\" src=\"https:\/\/dinocloud.com\/wp-content\/uploads\/vacation.svg\" alt=\"\" class=\"wp-image-35331\"\/><\/figure>\n<\/div><\/div>\n\n\n\n<div class=\"wp-block-column is-vertically-aligned-center is-layout-flow wp-block-column-is-layout-flow\">\n<p class=\"no-margin-important\">3 semanas de vacaciones<\/p>\n<\/div>\n<\/div>\n\n\n\n<div class=\"wp-block-columns are-vertically-aligned-center is-layout-flex wp-container-core-columns-is-layout-9d6595d7 wp-block-columns-is-layout-flex\">\n<div class=\"wp-block-column is-vertically-aligned-center is-layout-flow wp-block-column-is-layout-flow\" style=\"flex-basis:5%\">\n<figure class=\"wp-block-image size-large is-resized no-margin-important\"><img decoding=\"async\" src=\"https:\/\/dinocloud.com\/wp-content\/uploads\/certifications.svg\" alt=\"\" class=\"wp-image-35330\" width=\"53\"\/><\/figure>\n<\/div>\n\n\n\n<div class=\"wp-block-column is-vertically-aligned-center is-layout-flow wp-block-column-is-layout-flow\">\n<p class=\"no-margin-important\">Capacitaciones alineadas 100% cubiertas<\/p>\n<\/div>\n\n\n\n<div class=\"wp-block-column is-vertically-aligned-center is-layout-flow wp-block-column-is-layout-flow\" style=\"flex-basis:5%\"><div class=\"wp-block-image no-margin-important\">\n<figure class=\"aligncenter size-large\"><img loading=\"lazy\" decoding=\"async\" width=\"52\" height=\"53\" src=\"https:\/\/dinocloud.com\/wp-content\/uploads\/birthday.svg\" alt=\"\" class=\"wp-image-35327\"\/><\/figure>\n<\/div><\/div>\n\n\n\n<div class=\"wp-block-column is-vertically-aligned-center is-layout-flow wp-block-column-is-layout-flow\">\n<p class=\"no-margin-important\">Regalo por cumplea\u00f1os + Day Off<\/p>\n<\/div>\n\n\n\n<div class=\"wp-block-column is-vertically-aligned-center is-layout-flow wp-block-column-is-layout-flow\" style=\"flex-basis:5%\"><div class=\"wp-block-image no-margin-important\">\n<figure class=\"aligncenter size-large\"><img loading=\"lazy\" decoding=\"async\" width=\"52\" height=\"52\" src=\"https:\/\/dinocloud.com\/wp-content\/uploads\/lunch.svg\" alt=\"\" class=\"wp-image-35332\"\/><\/figure>\n<\/div><\/div>\n\n\n\n<div class=\"wp-block-column is-vertically-aligned-center is-layout-flow wp-block-column-is-layout-flow\">\n<p class=\"no-margin-important\">Almuerzos pagos al 50%<\/p>\n<\/div>\n<\/div>\n\n\n\n<p>Y mucho m\u00e1s&#8230;<\/p>\n\n\n\n<div style=\"height:40px\" aria-hidden=\"true\" class=\"wp-block-spacer\"><\/div>\n<\/div><\/section>\n\n\n\n<section class=\"wp-block-uagb-section uagb-section__wrap uagb-section__background-undefined uagb-block-9c095cd7\" id=\"form\"><div class=\"uagb-section__overlay\"><\/div><div class=\"uagb-section__inner-wrap\">\n<iframe class=\"clickup-embed clickup-dynamic-height\" src=\"https:\/\/forms.clickup.com\/3016250\/f\/2w1hu-17485\/TL9OY0I5K4DFDS1ZDF\" onwheel=\"\" width=\"100%\" height=\"1540px\" style=\"background: transparent; border: 0px solid #ccc;\"><\/iframe><script async=\"\" src=\"https:\/\/app-cdn.clickup.com\/assets\/js\/forms-embed\/v1.js\"><\/script>\n<\/div><\/section>\n<style class=\"advgb-styles-renderer\">.advgbbtn-11f47c09-9787-438d-b4e3-bf6ea6eb9ccd{font-size:18px;color:#fff !important;background-color:#00af66 !important;margin:0px 0px 0px 0px !important;padding:10px 30px 10px 30px;border-width:1px !important;border-style:none;border-radius:50px !important;}.advgbbtn-11f47c09-9787-438d-b4e3-bf6ea6eb9ccd:hover{box-shadow:1px 1px 12px 0px #ccc;opacity:1;transition:all 0.2s ease;}.advgbbtn-11f47c09-9787-438d-b4e3-bf6ea6eb9ccd > i {display: none !important;}.advgbbtn-11f47c09-9787-438d-b4e3-bf6ea6eb9ccd{font-size:18px;color:#fff !important;background-color:#00af66 !important;margin:0px 0px 0px 0px !important;padding:10px 30px 10px 30px;border-width:1px !important;border-style:none;border-radius:50px !important;}.advgbbtn-11f47c09-9787-438d-b4e3-bf6ea6eb9ccd:hover{box-shadow:1px 1px 12px 0px #ccc;opacity:1;transition:all 0.2s ease;}.advgbbtn-11f47c09-9787-438d-b4e3-bf6ea6eb9ccd > i {display: none !important;}<\/style>","protected":false},"excerpt":{"rendered":"","protected":false},"author":18,"featured_media":35285,"parent":0,"menu_order":0,"comment_status":"closed","ping_status":"closed","template":"templates\/full-width-page.php","meta":{"content-type":"","_uag_custom_page_level_css":"","advgb_blocks_editor_width":"","advgb_blocks_columns_visual_guide":"","footnotes":""},"class_list":["post-36609","page","type-page","status-publish","has-post-thumbnail","hentry"],"acf":[],"yoast_head":"<!-- This site is optimized with the Yoast SEO plugin v26.5 - https:\/\/yoast.com\/wordpress\/plugins\/seo\/ -->\n<title>Senior Delivery Director | DinoCloud<\/title>\n<meta name=\"description\" content=\"Post\u00falate para Senior Delivery Director en DinoCloud. Somos #1 en Los Mejores Lugares para Trabajar\u2122 Argentina 2022.\" \/>\n<meta name=\"robots\" content=\"index, follow, max-snippet:-1, max-image-preview:large, max-video-preview:-1\" \/>\n<link rel=\"canonical\" href=\"https:\/\/dinocloud.com\/es\/senior-delivery-director\/\" \/>\n<meta property=\"og:locale\" content=\"es_ES\" \/>\n<meta property=\"og:type\" content=\"article\" \/>\n<meta property=\"og:title\" content=\"Senior Delivery Director | DinoCloud\" \/>\n<meta property=\"og:description\" content=\"Post\u00falate para Senior Delivery Director en DinoCloud. Somos #1 en Los Mejores Lugares para Trabajar\u2122 Argentina 2022.\" \/>\n<meta property=\"og:url\" content=\"https:\/\/dinocloud.com\/es\/senior-delivery-director\/\" \/>\n<meta property=\"og:site_name\" content=\"DinoCloud\" \/>\n<meta property=\"article:publisher\" content=\"https:\/\/www.facebook.com\/dinocloudcons\" \/>\n<meta property=\"article:modified_time\" content=\"2022-09-23T19:02:38+00:00\" \/>\n<meta property=\"og:image\" content=\"https:\/\/dinocloud.com\/wp-content\/uploads\/GPTW.png\" \/>\n\t<meta property=\"og:image:width\" content=\"351\" \/>\n\t<meta property=\"og:image:height\" content=\"347\" \/>\n\t<meta property=\"og:image:type\" content=\"image\/png\" \/>\n<meta name=\"twitter:card\" content=\"summary_large_image\" \/>\n<meta name=\"twitter:site\" content=\"@dinocloud_\" \/>\n<meta name=\"twitter:label1\" content=\"Tiempo de lectura\" \/>\n\t<meta name=\"twitter:data1\" content=\"5 minutos\" \/>\n<script type=\"application\/ld+json\" class=\"yoast-schema-graph\">{\"@context\":\"https:\/\/schema.org\",\"@graph\":[{\"@type\":\"WebPage\",\"@id\":\"https:\/\/dinocloud.com\/es\/senior-delivery-director\/\",\"url\":\"https:\/\/dinocloud.com\/es\/senior-delivery-director\/\",\"name\":\"Senior Delivery Director | DinoCloud\",\"isPartOf\":{\"@id\":\"https:\/\/dinocloud.com\/es\/#website\"},\"primaryImageOfPage\":{\"@id\":\"https:\/\/dinocloud.com\/es\/senior-delivery-director\/#primaryimage\"},\"image\":{\"@id\":\"https:\/\/dinocloud.com\/es\/senior-delivery-director\/#primaryimage\"},\"thumbnailUrl\":\"https:\/\/dinocloud.com\/wp-content\/uploads\/GPTW.png\",\"datePublished\":\"2022-09-22T17:43:27+00:00\",\"dateModified\":\"2022-09-23T19:02:38+00:00\",\"description\":\"Post\u00falate para Senior Delivery Director en DinoCloud. Somos #1 en Los Mejores Lugares para Trabajar\u2122 Argentina 2022.\",\"breadcrumb\":{\"@id\":\"https:\/\/dinocloud.com\/es\/senior-delivery-director\/#breadcrumb\"},\"inLanguage\":\"es\",\"potentialAction\":[{\"@type\":\"ReadAction\",\"target\":[\"https:\/\/dinocloud.com\/es\/senior-delivery-director\/\"]}]},{\"@type\":\"ImageObject\",\"inLanguage\":\"es\",\"@id\":\"https:\/\/dinocloud.com\/es\/senior-delivery-director\/#primaryimage\",\"url\":\"https:\/\/dinocloud.com\/wp-content\/uploads\/GPTW.png\",\"contentUrl\":\"https:\/\/dinocloud.com\/wp-content\/uploads\/GPTW.png\",\"width\":351,\"height\":347},{\"@type\":\"BreadcrumbList\",\"@id\":\"https:\/\/dinocloud.com\/es\/senior-delivery-director\/#breadcrumb\",\"itemListElement\":[{\"@type\":\"ListItem\",\"position\":1,\"name\":\"Home\",\"item\":\"https:\/\/dinocloud.com\/es\/\"},{\"@type\":\"ListItem\",\"position\":2,\"name\":\"Senior Delivery Director\"}]},{\"@type\":\"WebSite\",\"@id\":\"https:\/\/dinocloud.com\/es\/#website\",\"url\":\"https:\/\/dinocloud.com\/es\/\",\"name\":\"DinoCloud\",\"description\":\"cloud computing devops services cloud engineering\",\"publisher\":{\"@id\":\"https:\/\/dinocloud.com\/es\/#organization\"},\"potentialAction\":[{\"@type\":\"SearchAction\",\"target\":{\"@type\":\"EntryPoint\",\"urlTemplate\":\"https:\/\/dinocloud.com\/es\/?s={search_term_string}\"},\"query-input\":{\"@type\":\"PropertyValueSpecification\",\"valueRequired\":true,\"valueName\":\"search_term_string\"}}],\"inLanguage\":\"es\"},{\"@type\":\"Organization\",\"@id\":\"https:\/\/dinocloud.com\/es\/#organization\",\"name\":\"DinoCloud\",\"url\":\"https:\/\/dinocloud.com\/es\/\",\"logo\":{\"@type\":\"ImageObject\",\"inLanguage\":\"es\",\"@id\":\"https:\/\/dinocloud.com\/es\/#\/schema\/logo\/image\/\",\"url\":\"\",\"contentUrl\":\"\",\"caption\":\"DinoCloud\"},\"image\":{\"@id\":\"https:\/\/dinocloud.com\/es\/#\/schema\/logo\/image\/\"},\"sameAs\":[\"https:\/\/www.facebook.com\/dinocloudcons\",\"https:\/\/x.com\/dinocloud_\",\"https:\/\/www.instagram.com\/dinocloud_\/\",\"https:\/\/www.linkedin.com\/company\/dinocloud\",\"https:\/\/www.youtube.com\/c\/DinoCloudConsulting\"]}]}<\/script>\n<!-- \/ Yoast SEO plugin. -->","yoast_head_json":{"title":"Senior Delivery Director | DinoCloud","description":"Post\u00falate para Senior Delivery Director en DinoCloud. Somos #1 en Los Mejores Lugares para Trabajar\u2122 Argentina 2022.","robots":{"index":"index","follow":"follow","max-snippet":"max-snippet:-1","max-image-preview":"max-image-preview:large","max-video-preview":"max-video-preview:-1"},"canonical":"https:\/\/dinocloud.com\/es\/senior-delivery-director\/","og_locale":"es_ES","og_type":"article","og_title":"Senior Delivery Director | DinoCloud","og_description":"Post\u00falate para Senior Delivery Director en DinoCloud. Somos #1 en Los Mejores Lugares para Trabajar\u2122 Argentina 2022.","og_url":"https:\/\/dinocloud.com\/es\/senior-delivery-director\/","og_site_name":"DinoCloud","article_publisher":"https:\/\/www.facebook.com\/dinocloudcons","article_modified_time":"2022-09-23T19:02:38+00:00","og_image":[{"width":351,"height":347,"url":"https:\/\/dinocloud.com\/wp-content\/uploads\/GPTW.png","type":"image\/png"}],"twitter_card":"summary_large_image","twitter_site":"@dinocloud_","twitter_misc":{"Tiempo de lectura":"5 minutos"},"schema":{"@context":"https:\/\/schema.org","@graph":[{"@type":"WebPage","@id":"https:\/\/dinocloud.com\/es\/senior-delivery-director\/","url":"https:\/\/dinocloud.com\/es\/senior-delivery-director\/","name":"Senior Delivery Director | DinoCloud","isPartOf":{"@id":"https:\/\/dinocloud.com\/es\/#website"},"primaryImageOfPage":{"@id":"https:\/\/dinocloud.com\/es\/senior-delivery-director\/#primaryimage"},"image":{"@id":"https:\/\/dinocloud.com\/es\/senior-delivery-director\/#primaryimage"},"thumbnailUrl":"https:\/\/dinocloud.com\/wp-content\/uploads\/GPTW.png","datePublished":"2022-09-22T17:43:27+00:00","dateModified":"2022-09-23T19:02:38+00:00","description":"Post\u00falate para Senior Delivery Director en DinoCloud. Somos #1 en Los Mejores Lugares para Trabajar\u2122 Argentina 2022.","breadcrumb":{"@id":"https:\/\/dinocloud.com\/es\/senior-delivery-director\/#breadcrumb"},"inLanguage":"es","potentialAction":[{"@type":"ReadAction","target":["https:\/\/dinocloud.com\/es\/senior-delivery-director\/"]}]},{"@type":"ImageObject","inLanguage":"es","@id":"https:\/\/dinocloud.com\/es\/senior-delivery-director\/#primaryimage","url":"https:\/\/dinocloud.com\/wp-content\/uploads\/GPTW.png","contentUrl":"https:\/\/dinocloud.com\/wp-content\/uploads\/GPTW.png","width":351,"height":347},{"@type":"BreadcrumbList","@id":"https:\/\/dinocloud.com\/es\/senior-delivery-director\/#breadcrumb","itemListElement":[{"@type":"ListItem","position":1,"name":"Home","item":"https:\/\/dinocloud.com\/es\/"},{"@type":"ListItem","position":2,"name":"Senior Delivery Director"}]},{"@type":"WebSite","@id":"https:\/\/dinocloud.com\/es\/#website","url":"https:\/\/dinocloud.com\/es\/","name":"DinoCloud","description":"cloud computing devops services cloud engineering","publisher":{"@id":"https:\/\/dinocloud.com\/es\/#organization"},"potentialAction":[{"@type":"SearchAction","target":{"@type":"EntryPoint","urlTemplate":"https:\/\/dinocloud.com\/es\/?s={search_term_string}"},"query-input":{"@type":"PropertyValueSpecification","valueRequired":true,"valueName":"search_term_string"}}],"inLanguage":"es"},{"@type":"Organization","@id":"https:\/\/dinocloud.com\/es\/#organization","name":"DinoCloud","url":"https:\/\/dinocloud.com\/es\/","logo":{"@type":"ImageObject","inLanguage":"es","@id":"https:\/\/dinocloud.com\/es\/#\/schema\/logo\/image\/","url":"","contentUrl":"","caption":"DinoCloud"},"image":{"@id":"https:\/\/dinocloud.com\/es\/#\/schema\/logo\/image\/"},"sameAs":["https:\/\/www.facebook.com\/dinocloudcons","https:\/\/x.com\/dinocloud_","https:\/\/www.instagram.com\/dinocloud_\/","https:\/\/www.linkedin.com\/company\/dinocloud","https:\/\/www.youtube.com\/c\/DinoCloudConsulting"]}]}},"uagb_featured_image_src":{"full":["https:\/\/dinocloud.com\/wp-content\/uploads\/GPTW.png",351,347,false],"thumbnail":["https:\/\/dinocloud.com\/wp-content\/uploads\/GPTW-300x300.png",300,300,true],"medium":["https:\/\/dinocloud.com\/wp-content\/uploads\/GPTW.png",351,347,false],"medium_large":["https:\/\/dinocloud.com\/wp-content\/uploads\/GPTW.png",351,347,false],"large":["https:\/\/dinocloud.com\/wp-content\/uploads\/GPTW.png",351,347,false],"1536x1536":["https:\/\/dinocloud.com\/wp-content\/uploads\/GPTW.png",351,347,false],"2048x2048":["https:\/\/dinocloud.com\/wp-content\/uploads\/GPTW.png",351,347,false]},"uagb_author_info":{"display_name":"Gonzalo Puig","author_link":"https:\/\/dinocloud.com\/es\/author\/gonzalo\/"},"uagb_comment_info":0,"uagb_excerpt":null,"coauthors":[],"author_meta":{"author_link":"https:\/\/dinocloud.com\/es\/author\/gonzalo\/","display_name":"Gonzalo Puig"},"relative_dates":{"created":"Publicado 4 a\u00f1os hace","modified":"Actualizado 4 a\u00f1os hace"},"absolute_dates":{"created":"Publicado el septiembre 22, 2022","modified":"Actualizado el septiembre 23, 2022"},"absolute_dates_time":{"created":"Publicado el septiembre 22, 2022 5:43 pm","modified":"Actualizado el septiembre 23, 2022 7:02 pm"},"featured_img_caption":"","featured_img":"https:\/\/dinocloud.com\/wp-content\/uploads\/GPTW.png","series_order":"","_links":{"self":[{"href":"https:\/\/dinocloud.com\/es\/wp-json\/wp\/v2\/pages\/36609","targetHints":{"allow":["GET"]}}],"collection":[{"href":"https:\/\/dinocloud.com\/es\/wp-json\/wp\/v2\/pages"}],"about":[{"href":"https:\/\/dinocloud.com\/es\/wp-json\/wp\/v2\/types\/page"}],"author":[{"embeddable":true,"href":"https:\/\/dinocloud.com\/es\/wp-json\/wp\/v2\/users\/18"}],"replies":[{"embeddable":true,"href":"https:\/\/dinocloud.com\/es\/wp-json\/wp\/v2\/comments?post=36609"}],"version-history":[{"count":0,"href":"https:\/\/dinocloud.com\/es\/wp-json\/wp\/v2\/pages\/36609\/revisions"}],"wp:featuredmedia":[{"embeddable":true,"href":"https:\/\/dinocloud.com\/es\/wp-json\/wp\/v2\/media\/35285"}],"wp:attachment":[{"href":"https:\/\/dinocloud.com\/es\/wp-json\/wp\/v2\/media?parent=36609"}],"curies":[{"name":"wp","href":"https:\/\/api.w.org\/{rel}","templated":true}]}}