{"id":36660,"date":"2022-10-04T16:00:55","date_gmt":"2022-10-04T16:00:55","guid":{"rendered":"https:\/\/dinocloud.com\/?page_id=36660"},"modified":"2023-03-15T16:06:56","modified_gmt":"2023-03-15T16:06:56","slug":"keylab","status":"publish","type":"page","link":"https:\/\/dinocloud.com\/es\/keylab\/","title":{"rendered":"Keylab"},"content":{"rendered":"\n<section class=\"wp-block-uagb-section uagb-section__wrap uagb-section__background-color uagb-block-d7ed53a1 pt-5 pb-5\"><div class=\"uagb-section__overlay\"><\/div><div class=\"uagb-section__inner-wrap\">\n<div style=\"height:16px\" aria-hidden=\"true\" class=\"wp-block-spacer\"><\/div>\n\n\n\n<div class=\"wp-block-columns is-layout-flex wp-container-core-columns-is-layout-9d6595d7 wp-block-columns-is-layout-flex\">\n<div class=\"wp-block-column is-vertically-aligned-center is-layout-flow wp-block-column-is-layout-flow\" style=\"flex-basis:33.33%\"><div class=\"wp-block-image\">\n<figure class=\"aligncenter size-large is-resized advgb-dyn-0d819eb2\"><img decoding=\"async\" src=\"https:\/\/dinocloud.com\/wp-content\/uploads\/LogoKeyLab.svg\" alt=\"\" class=\"wp-image-36665\" width=\"370\" height=\"103\"\/><\/figure>\n<\/div><\/div>\n\n\n\n<div class=\"wp-block-column is-layout-flow wp-block-column-is-layout-flow\" style=\"flex-basis:66.66%\">\n<h2 class=\"wp-block-heading\" id=\"sobre-cliengo\">Sobre KeyLab<\/h2>\n\n\n\n<p><\/p>\n\n\n\n<p>KeyLab es una compa\u00f1\u00eda dedicada a la creaci\u00f3n de software. Se encargan de construir productos, principalmente orientados al sector p\u00fablico, en c\u00e9lulas \u00e1giles con un enfoque full stack.<br><\/p>\n<\/div>\n<\/div>\n<\/div><\/section>\n\n\n\n<section class=\"wp-block-uagb-section uagb-section__wrap uagb-section__background-color uagb-block-56f26b50\"><div class=\"uagb-section__overlay\"><\/div><div class=\"uagb-section__inner-wrap\">\n<h2 class=\"wp-block-heading\">Desaf\u00edos t\u00e9cnicos<\/h2>\n\n\n\n<p>Desde KeyLab acudieron a DinoCloud para obtener consultor\u00eda y colaboraci\u00f3n en el desarrollo de un producto orientado a la gesti\u00f3n de ciudadanos y la facturaci\u00f3n de sus impuestos en diferentes municipalidades.<br>En los puntos que Dino Cloud colabor\u00f3 se incluyen:<\/p>\n\n\n\n<ul class=\"wp-block-list\"><li>Definici\u00f3n e implementaci\u00f3n de ambientes de desarrollo y producci\u00f3n referidos al despliegue del producto en el cliente.&nbsp;<\/li><li>Desarrollo del proceso de integraci\u00f3n continua y estrategia de branching para todos los microservicios involucrados en el producto.&nbsp;<\/li><li>Desarrollo del proceso de entrega continua de todos los microservicios involucrados en el cliente.&nbsp;<\/li><li>Asistencia en configuraci\u00f3n de servicios externos.<\/li><\/ul>\n\n\n\n<p>Desarrollo, asistencia y configuraci\u00f3n de entornos h\u00edbridos, AWS &#8211; On Premises.<\/p>\n<\/div><\/section>\n\n\n\n<section class=\"wp-block-uagb-section uagb-section__wrap uagb-section__background-color uagb-block-9a2d47f0 pt-5 pb-5\"><div class=\"uagb-section__overlay\"><\/div><div class=\"uagb-section__inner-wrap\">\n<h2 class=\"wp-block-heading\" id=\"tecnologias-usadas\">Duraci\u00f3n del proyecto<\/h2>\n\n\n\n<p>El proyecto se desarrollo en el transcurso de 8 meses con un dedicaci\u00f3n de 80 horas mensuales (<strong>640 totales<\/strong>) en el periodo de tiempo comprendido entre el 11\/10\/2021 y el 12\/06\/2022.<br>Conto con la participacion de un Solution Architect, un Cloud engineer y un Project Manager.<\/p>\n<\/div><\/section>\n\n\n\n<section class=\"wp-block-uagb-section uagb-section__wrap uagb-section__background-color uagb-block-20970613\"><div class=\"uagb-section__overlay\"><\/div><div class=\"uagb-section__inner-wrap\">\n<h2 class=\"wp-block-heading\">Resumen de logros<\/h2>\n\n\n\n<p class=\"has-medium-font-size\"><strong>Definici\u00f3n e implementaci\u00f3n de ambientes de desarrollo y producci\u00f3n referidos al despliegue del producto en el cliente.<\/strong><\/p>\n\n\n\n<p>Definici\u00f3n de la arquitectura a adoptar para un despliegue productivo y de desarrollo del cliente.&nbsp;&nbsp;<\/p>\n\n\n<div class=\"wp-block-image\">\n<figure class=\"aligncenter size-full\"><img fetchpriority=\"high\" decoding=\"async\" width=\"1018\" height=\"706\" src=\"https:\/\/dinocloud.com\/wp-content\/uploads\/keylab-arch.png\" alt=\"\" class=\"wp-image-36667\" srcset=\"https:\/\/dinocloud.com\/wp-content\/uploads\/keylab-arch.png 1018w, https:\/\/dinocloud.com\/wp-content\/uploads\/keylab-arch-650x451.png 650w, https:\/\/dinocloud.com\/wp-content\/uploads\/keylab-arch-768x533.png 768w\" sizes=\"(max-width: 1018px) 100vw, 1018px\" \/><\/figure>\n<\/div>\n\n\n<p>Despliegue de infraestructura como c\u00f3digo utilizando Terraform. VPC, configuraciones de networking, componentes cloud:<\/p>\n\n\n\n<div class=\"wp-block-columns is-layout-flex wp-container-core-columns-is-layout-9d6595d7 wp-block-columns-is-layout-flex\">\n<div class=\"wp-block-column is-layout-flow wp-block-column-is-layout-flow\">\n<ul class=\"wp-block-list\"><li>Amazon VPC<\/li><li>S3 Bucket<\/li><li>RDS Database<\/li><li>Route53<\/li><\/ul>\n<\/div>\n\n\n\n<div class=\"wp-block-column is-layout-flow wp-block-column-is-layout-flow\">\n<ul class=\"wp-block-list\"><li>Certificate Manager<\/li><li>EC2<\/li><li>Data Lifecycle Manager<\/li><li>Elastic Load Balancer-Elastic Container Repository<\/li><\/ul>\n<\/div>\n<\/div>\n\n\n\n<p class=\"has-medium-font-size\"><strong>Desarrollo del proceso de integraci\u00f3n continua de todos los microservicios involucrados en el producto.&nbsp;&nbsp;<\/strong><\/p>\n\n\n\n<ul class=\"wp-block-list\"><li>Implementaci\u00f3n de toda la soluci\u00f3n de automatizaci\u00f3n para cada uno de los microservicios.<\/li><li>Definici\u00f3n e implementaci\u00f3n de proceso de integraci\u00f3n para aquellos servicios que involucran im\u00e1genes de Docker.<\/li><li>Implementaci\u00f3n de pol\u00edtica de versionado y etiquetas para los artefactos.-Definici\u00f3n de Branch Strategy<\/li><\/ul>\n\n\n\n<p class=\"has-medium-font-size\"><strong>Desarrollo del proceso de entrega continua de todos los microservicios involucrados en el producto.<\/strong><\/p>\n\n\n\n<ul class=\"wp-block-list\"><li>Implementaci\u00f3n de repositorio de configuraci\u00f3n para persistir la descripci\u00f3n del despliegue.<\/li><li>Definici\u00f3n de estructura de repositorio a utilizar para la creaci\u00f3n de scripts de despliegue y configuraci\u00f3n de versiones.&nbsp;<\/li><li>Automatizaci\u00f3n del proceso de despliegue de nuevas versiones y entregables.<\/li><\/ul>\n\n\n\n<p class=\"has-medium-font-size\"><strong><strong>Asistencia en configuraci\u00f3n de servicios externos.<\/strong><\/strong><\/p>\n\n\n\n<p>Se configuraron los siguientes servicios:<\/p>\n\n\n\n<ul class=\"wp-block-list\"><li>Cassandra<\/li><li>Apache NiFi<\/li><li>Apache Nifi Registry<\/li><li>Apache Zeppelin<\/li><\/ul>\n<\/div><\/section>\n\n\n\n<div id=\"contact\" class=\"wp-block-group\"><div class=\"wp-block-group__inner-container is-layout-flow wp-block-group-is-layout-flow\">\n<section class=\"wp-block-uagb-section uagb-section__wrap uagb-section__background-image uagb-block-9e03ffba\" id=\"contact\"><div class=\"uagb-section__overlay\"><\/div><div class=\"uagb-section__inner-wrap\">\n<div style=\"height:40px\" aria-hidden=\"true\" class=\"wp-block-spacer\"><\/div>\n\n\n\n<div class=\"wp-block-uagb-advanced-heading uagb-block-4c2b03b3\"><h2 class=\"uagb-heading-text\">Formulario de contacto<\/h2><div class=\"uagb-separator\"><\/div><\/div>\n\n\n\n<section class=\"wp-block-uagb-section uagb-section__wrap uagb-section__background-none uagb-block-66a90058 uagb-section__background-undefined\" id=\"responsive-form\"><div class=\"uagb-section__overlay\"><\/div><div class=\"uagb-section__inner-wrap\">\n<p>(*) Campos obligatorios<\/p>\n\n\n\n<script charset=\"utf-8\" type=\"text\/javascript\" src=\"\/\/js.hsforms.net\/forms\/embed\/v2.js\"><\/script>\n<script>\n  hbspt.forms.create({\n    region: \"na1\",\n    portalId: \"21668846\",\n    formId: \"5bdf3aad-2db1-400a-921c-950b1af42aa5\"\n  });\n<\/script>\n<\/div><\/section>\n<\/div><\/section>\n<\/div><\/div>\n","protected":false},"excerpt":{"rendered":"","protected":false},"author":18,"featured_media":0,"parent":0,"menu_order":0,"comment_status":"closed","ping_status":"closed","template":"templates\/full-width-page.php","meta":{"content-type":"","_uag_custom_page_level_css":"","advgb_blocks_editor_width":"","advgb_blocks_columns_visual_guide":"","footnotes":""},"class_list":["post-36660","page","type-page","status-publish","hentry"],"acf":[],"yoast_head":"<!-- This site is optimized with the Yoast SEO plugin v26.5 - https:\/\/yoast.com\/wordpress\/plugins\/seo\/ -->\n<title>Keylab | DinoCloud<\/title>\n<meta name=\"description\" content=\"KeyLab es una compa\u00f1\u00eda dedicada a la creaci\u00f3n de software, Se encarga de construir productos orientados al sector p\u00fablico y en c\u00e9lulas \u00e1giles.\" \/>\n<meta name=\"robots\" content=\"index, follow, max-snippet:-1, max-image-preview:large, max-video-preview:-1\" \/>\n<link rel=\"canonical\" href=\"https:\/\/dinocloud.com\/es\/keylab\/\" \/>\n<meta property=\"og:locale\" content=\"es_ES\" \/>\n<meta property=\"og:type\" content=\"article\" \/>\n<meta property=\"og:title\" content=\"Keylab | DinoCloud\" \/>\n<meta property=\"og:description\" content=\"KeyLab es una compa\u00f1\u00eda dedicada a la creaci\u00f3n de software, Se encarga de construir productos orientados al sector p\u00fablico y en c\u00e9lulas \u00e1giles.\" \/>\n<meta property=\"og:url\" content=\"https:\/\/dinocloud.com\/es\/keylab\/\" \/>\n<meta property=\"og:site_name\" content=\"DinoCloud\" \/>\n<meta property=\"article:publisher\" content=\"https:\/\/www.facebook.com\/dinocloudcons\" \/>\n<meta property=\"article:modified_time\" content=\"2023-03-15T16:06:56+00:00\" \/>\n<meta property=\"og:image\" content=\"https:\/\/dinocloud.com\/wp-content\/uploads\/LogoKeyLab.svg\" \/>\n<meta name=\"twitter:card\" content=\"summary_large_image\" \/>\n<meta name=\"twitter:site\" content=\"@dinocloud_\" \/>\n<meta name=\"twitter:label1\" content=\"Tiempo de lectura\" \/>\n\t<meta name=\"twitter:data1\" content=\"4 minutos\" \/>\n<script type=\"application\/ld+json\" class=\"yoast-schema-graph\">{\"@context\":\"https:\/\/schema.org\",\"@graph\":[{\"@type\":\"WebPage\",\"@id\":\"https:\/\/dinocloud.com\/es\/keylab\/\",\"url\":\"https:\/\/dinocloud.com\/es\/keylab\/\",\"name\":\"Keylab | DinoCloud\",\"isPartOf\":{\"@id\":\"https:\/\/dinocloud.com\/es\/#website\"},\"primaryImageOfPage\":{\"@id\":\"https:\/\/dinocloud.com\/es\/keylab\/#primaryimage\"},\"image\":{\"@id\":\"https:\/\/dinocloud.com\/es\/keylab\/#primaryimage\"},\"thumbnailUrl\":\"https:\/\/dinocloud.com\/wp-content\/uploads\/LogoKeyLab.svg\",\"datePublished\":\"2022-10-04T16:00:55+00:00\",\"dateModified\":\"2023-03-15T16:06:56+00:00\",\"description\":\"KeyLab es una compa\u00f1\u00eda dedicada a la creaci\u00f3n de software, Se encarga de construir productos orientados al sector p\u00fablico y en c\u00e9lulas \u00e1giles.\",\"breadcrumb\":{\"@id\":\"https:\/\/dinocloud.com\/es\/keylab\/#breadcrumb\"},\"inLanguage\":\"es\",\"potentialAction\":[{\"@type\":\"ReadAction\",\"target\":[\"https:\/\/dinocloud.com\/es\/keylab\/\"]}]},{\"@type\":\"ImageObject\",\"inLanguage\":\"es\",\"@id\":\"https:\/\/dinocloud.com\/es\/keylab\/#primaryimage\",\"url\":\"https:\/\/dinocloud.com\/wp-content\/uploads\/LogoKeyLab.svg\",\"contentUrl\":\"https:\/\/dinocloud.com\/wp-content\/uploads\/LogoKeyLab.svg\"},{\"@type\":\"BreadcrumbList\",\"@id\":\"https:\/\/dinocloud.com\/es\/keylab\/#breadcrumb\",\"itemListElement\":[{\"@type\":\"ListItem\",\"position\":1,\"name\":\"Home\",\"item\":\"https:\/\/dinocloud.com\/es\/\"},{\"@type\":\"ListItem\",\"position\":2,\"name\":\"Keylab\"}]},{\"@type\":\"WebSite\",\"@id\":\"https:\/\/dinocloud.com\/es\/#website\",\"url\":\"https:\/\/dinocloud.com\/es\/\",\"name\":\"DinoCloud\",\"description\":\"cloud computing devops services cloud engineering\",\"publisher\":{\"@id\":\"https:\/\/dinocloud.com\/es\/#organization\"},\"potentialAction\":[{\"@type\":\"SearchAction\",\"target\":{\"@type\":\"EntryPoint\",\"urlTemplate\":\"https:\/\/dinocloud.com\/es\/?s={search_term_string}\"},\"query-input\":{\"@type\":\"PropertyValueSpecification\",\"valueRequired\":true,\"valueName\":\"search_term_string\"}}],\"inLanguage\":\"es\"},{\"@type\":\"Organization\",\"@id\":\"https:\/\/dinocloud.com\/es\/#organization\",\"name\":\"DinoCloud\",\"url\":\"https:\/\/dinocloud.com\/es\/\",\"logo\":{\"@type\":\"ImageObject\",\"inLanguage\":\"es\",\"@id\":\"https:\/\/dinocloud.com\/es\/#\/schema\/logo\/image\/\",\"url\":\"\",\"contentUrl\":\"\",\"caption\":\"DinoCloud\"},\"image\":{\"@id\":\"https:\/\/dinocloud.com\/es\/#\/schema\/logo\/image\/\"},\"sameAs\":[\"https:\/\/www.facebook.com\/dinocloudcons\",\"https:\/\/x.com\/dinocloud_\",\"https:\/\/www.instagram.com\/dinocloud_\/\",\"https:\/\/www.linkedin.com\/company\/dinocloud\",\"https:\/\/www.youtube.com\/c\/DinoCloudConsulting\"]}]}<\/script>\n<!-- \/ Yoast SEO plugin. -->","yoast_head_json":{"title":"Keylab | DinoCloud","description":"KeyLab es una compa\u00f1\u00eda dedicada a la creaci\u00f3n de software, Se encarga de construir productos orientados al sector p\u00fablico y en c\u00e9lulas \u00e1giles.","robots":{"index":"index","follow":"follow","max-snippet":"max-snippet:-1","max-image-preview":"max-image-preview:large","max-video-preview":"max-video-preview:-1"},"canonical":"https:\/\/dinocloud.com\/es\/keylab\/","og_locale":"es_ES","og_type":"article","og_title":"Keylab | DinoCloud","og_description":"KeyLab es una compa\u00f1\u00eda dedicada a la creaci\u00f3n de software, Se encarga de construir productos orientados al sector p\u00fablico y en c\u00e9lulas \u00e1giles.","og_url":"https:\/\/dinocloud.com\/es\/keylab\/","og_site_name":"DinoCloud","article_publisher":"https:\/\/www.facebook.com\/dinocloudcons","article_modified_time":"2023-03-15T16:06:56+00:00","og_image":[{"url":"https:\/\/dinocloud.com\/wp-content\/uploads\/LogoKeyLab.svg","type":"","width":"","height":""}],"twitter_card":"summary_large_image","twitter_site":"@dinocloud_","twitter_misc":{"Tiempo de lectura":"4 minutos"},"schema":{"@context":"https:\/\/schema.org","@graph":[{"@type":"WebPage","@id":"https:\/\/dinocloud.com\/es\/keylab\/","url":"https:\/\/dinocloud.com\/es\/keylab\/","name":"Keylab | DinoCloud","isPartOf":{"@id":"https:\/\/dinocloud.com\/es\/#website"},"primaryImageOfPage":{"@id":"https:\/\/dinocloud.com\/es\/keylab\/#primaryimage"},"image":{"@id":"https:\/\/dinocloud.com\/es\/keylab\/#primaryimage"},"thumbnailUrl":"https:\/\/dinocloud.com\/wp-content\/uploads\/LogoKeyLab.svg","datePublished":"2022-10-04T16:00:55+00:00","dateModified":"2023-03-15T16:06:56+00:00","description":"KeyLab es una compa\u00f1\u00eda dedicada a la creaci\u00f3n de software, Se encarga de construir productos orientados al sector p\u00fablico y en c\u00e9lulas \u00e1giles.","breadcrumb":{"@id":"https:\/\/dinocloud.com\/es\/keylab\/#breadcrumb"},"inLanguage":"es","potentialAction":[{"@type":"ReadAction","target":["https:\/\/dinocloud.com\/es\/keylab\/"]}]},{"@type":"ImageObject","inLanguage":"es","@id":"https:\/\/dinocloud.com\/es\/keylab\/#primaryimage","url":"https:\/\/dinocloud.com\/wp-content\/uploads\/LogoKeyLab.svg","contentUrl":"https:\/\/dinocloud.com\/wp-content\/uploads\/LogoKeyLab.svg"},{"@type":"BreadcrumbList","@id":"https:\/\/dinocloud.com\/es\/keylab\/#breadcrumb","itemListElement":[{"@type":"ListItem","position":1,"name":"Home","item":"https:\/\/dinocloud.com\/es\/"},{"@type":"ListItem","position":2,"name":"Keylab"}]},{"@type":"WebSite","@id":"https:\/\/dinocloud.com\/es\/#website","url":"https:\/\/dinocloud.com\/es\/","name":"DinoCloud","description":"cloud computing devops services cloud engineering","publisher":{"@id":"https:\/\/dinocloud.com\/es\/#organization"},"potentialAction":[{"@type":"SearchAction","target":{"@type":"EntryPoint","urlTemplate":"https:\/\/dinocloud.com\/es\/?s={search_term_string}"},"query-input":{"@type":"PropertyValueSpecification","valueRequired":true,"valueName":"search_term_string"}}],"inLanguage":"es"},{"@type":"Organization","@id":"https:\/\/dinocloud.com\/es\/#organization","name":"DinoCloud","url":"https:\/\/dinocloud.com\/es\/","logo":{"@type":"ImageObject","inLanguage":"es","@id":"https:\/\/dinocloud.com\/es\/#\/schema\/logo\/image\/","url":"","contentUrl":"","caption":"DinoCloud"},"image":{"@id":"https:\/\/dinocloud.com\/es\/#\/schema\/logo\/image\/"},"sameAs":["https:\/\/www.facebook.com\/dinocloudcons","https:\/\/x.com\/dinocloud_","https:\/\/www.instagram.com\/dinocloud_\/","https:\/\/www.linkedin.com\/company\/dinocloud","https:\/\/www.youtube.com\/c\/DinoCloudConsulting"]}]}},"uagb_featured_image_src":{"full":false,"thumbnail":false,"medium":false,"medium_large":false,"large":false,"1536x1536":false,"2048x2048":false},"uagb_author_info":{"display_name":"Gonzalo Puig","author_link":"https:\/\/dinocloud.com\/es\/author\/gonzalo\/"},"uagb_comment_info":0,"uagb_excerpt":null,"coauthors":[],"author_meta":{"author_link":"https:\/\/dinocloud.com\/es\/author\/gonzalo\/","display_name":"Gonzalo Puig"},"relative_dates":{"created":"Publicado 4 a\u00f1os hace","modified":"Actualizado 3 a\u00f1os hace"},"absolute_dates":{"created":"Publicado el octubre 4, 2022","modified":"Actualizado el marzo 15, 2023"},"absolute_dates_time":{"created":"Publicado el octubre 4, 2022 4:00 pm","modified":"Actualizado el marzo 15, 2023 4:06 pm"},"featured_img_caption":"","featured_img":false,"series_order":"","_links":{"self":[{"href":"https:\/\/dinocloud.com\/es\/wp-json\/wp\/v2\/pages\/36660","targetHints":{"allow":["GET"]}}],"collection":[{"href":"https:\/\/dinocloud.com\/es\/wp-json\/wp\/v2\/pages"}],"about":[{"href":"https:\/\/dinocloud.com\/es\/wp-json\/wp\/v2\/types\/page"}],"author":[{"embeddable":true,"href":"https:\/\/dinocloud.com\/es\/wp-json\/wp\/v2\/users\/18"}],"replies":[{"embeddable":true,"href":"https:\/\/dinocloud.com\/es\/wp-json\/wp\/v2\/comments?post=36660"}],"version-history":[{"count":0,"href":"https:\/\/dinocloud.com\/es\/wp-json\/wp\/v2\/pages\/36660\/revisions"}],"wp:attachment":[{"href":"https:\/\/dinocloud.com\/es\/wp-json\/wp\/v2\/media?parent=36660"}],"curies":[{"name":"wp","href":"https:\/\/api.w.org\/{rel}","templated":true}]}}