{"id":37608,"date":"2023-01-20T15:14:46","date_gmt":"2023-01-20T15:14:46","guid":{"rendered":"https:\/\/dinocloud.com\/?page_id=37608"},"modified":"2023-01-20T15:47:00","modified_gmt":"2023-01-20T15:47:00","slug":"molinos-rio-de-la-plata","status":"publish","type":"page","link":"https:\/\/dinocloud.com\/es\/molinos-rio-de-la-plata\/","title":{"rendered":"Molinos R\u00edo de la Plata"},"content":{"rendered":"\n<section class=\"wp-block-uagb-section uagb-section__wrap uagb-section__background-image uagb-block-33de9a4b\"><div class=\"uagb-section__overlay\"><\/div><div class=\"uagb-section__inner-wrap\">\n<div style=\"height:70px\" aria-hidden=\"true\" class=\"wp-block-spacer\"><\/div>\n\n\n\n<div class=\"wp-block-uagb-advanced-heading uagb-block-49b6e1be\"><h2 class=\"uagb-heading-text\">De lo manual a lo autom\u00e1tico: <br>el proceso de extracci\u00f3n de datos de Molinos R\u00edo de la Plata<\/h2><div class=\"uagb-separator-wrap\"><div class=\"uagb-separator\"><\/div><\/div><p class=\"uagb-desc-text\"><\/p><\/div>\n\n\n\n<div style=\"height:60px\" aria-hidden=\"true\" class=\"wp-block-spacer\"><\/div>\n\n\n\n<div class=\"wp-block-columns are-vertically-aligned-center is-layout-flex wp-container-core-columns-is-layout-9d6595d7 wp-block-columns-is-layout-flex\">\n<div class=\"wp-block-column is-vertically-aligned-center is-layout-flow wp-block-column-is-layout-flow\" style=\"flex-basis:33.3%\"><div class=\"wp-block-image\">\n<figure class=\"aligncenter size-large is-resized advgb-dyn-918bebda\"><img decoding=\"async\" src=\"https:\/\/dinocloud.com\/wp-content\/uploads\/Molinos_Logo-1.svg\" alt=\"Logo Molinos\" class=\"wp-image-37611\" width=\"287\" height=\"159\"\/><\/figure>\n<\/div><\/div>\n\n\n\n<div class=\"wp-block-column is-vertically-aligned-center is-layout-flow wp-block-column-is-layout-flow\">\n<p>DinoCloud, una <strong>compa\u00f1\u00eda cloud-first y partner Premier de AWS<\/strong>, cuenta con recursos y expertise t\u00e9cnica de vanguardia para llevar a cabo proyectos que acompa\u00f1an a empresas de diversa \u00edndole en su camino hacia la <strong>transformaci\u00f3n digital y la automatizaci\u00f3n de procesos<\/strong> en la nube. Molinos R\u00edo de la Plata es una compa\u00f1\u00eda l\u00edder en la producci\u00f3n de alimentos y bebidas de Argentina y es cliente de DinoCloud desde diciembre de 2021.<\/p>\n\n\n\n<div class=\"wp-block-advgb-button alignnone\"><a class=\"wp-block-advgb-button_link advgbbtn-870201b5-e6ae-4aed-8167-b2f05e7e1b59\" href=\"https:\/\/www.molinos.com.ar\/\" target=\"_blank\" rel=\"noopener noreferrer\"><span>Conoce m\u00e1s de Molinos<\/span><\/a><\/div>\n<\/div>\n<\/div>\n\n\n\n<div style=\"height:20px\" aria-hidden=\"true\" class=\"wp-block-spacer\"><\/div>\n\n\n\n<p>Nuestra relaci\u00f3n laboral naci\u00f3 de un proyecto de <strong>facturaci\u00f3n local<\/strong>, que es otra de las ramas de especializaci\u00f3n de DinoCloud. Debido a la buena relaci\u00f3n interpersonal y profesional generada en este proyecto, Molinos R\u00edo de la Plata se comunic\u00f3 con el \u00e1rea comercial de DinoCloud para abordar otra necesidad: la <strong>automatizaci\u00f3n de los procesos de extracci\u00f3n de datos<\/strong> del programa Precios Claros. Este programa busca lograr la equidad competitiva mediante la exhibici\u00f3n del valor comercial de los productos elaborados por la competencia en el mercado de los alimentos.<\/p>\n\n\n\n<p>Antes de empezar con este proyecto, Molinos R\u00edo de la Plata utilizaba un <strong>script de PowerShell <\/strong>para extraer manualmente los datos de Precios Claros y cargarlos en una<strong> base de datos SQl Server<\/strong>. Este proceso manual supon\u00eda una gran desventaja operativa ya que no solamente obstaculizaba lograr la <strong>alta disponibilidad de los datos<\/strong> para la toma estrat\u00e9gica de decisiones, sino que tambi\u00e9n aumentaba la posibilidad de errores en la lectura y extracci\u00f3n de datos.<br>A ra\u00edz de esta necesidad, DinoCloud le llev\u00f3 a Molinos R\u00edo de la Plata un proyecto cuyo objetivo principal era la realizaci\u00f3n de un <strong>Data Lake autom\u00e1tico<\/strong> para la extracci\u00f3n y transformaci\u00f3n de los datos del programa Precios Claros. Este proyecto fue pensado para durar un mes con tres \u00e9picas.<\/p>\n\n\n\n<div style=\"height:40px\" aria-hidden=\"true\" class=\"wp-block-spacer\"><\/div>\n<\/div><\/section>\n\n\n\n<section class=\"wp-block-uagb-section uagb-section__wrap uagb-section__background-color uagb-block-60a8c8b3\"><div class=\"uagb-section__overlay\"><\/div><div class=\"uagb-section__inner-wrap\">\n<div style=\"height:40px\" aria-hidden=\"true\" class=\"wp-block-spacer\"><\/div>\n\n\n\n<div class=\"wp-block-uagb-advanced-heading uagb-block-7e8d02d2\"><h2 class=\"uagb-heading-text\">Discovery, infraestructura, y migraci\u00f3n<\/h2><div class=\"uagb-separator-wrap\"><div class=\"uagb-separator\"><\/div><\/div><p class=\"uagb-desc-text\"><\/p><\/div>\n\n\n\n<p>El proyecto de automatizaci\u00f3n de los procesos de extracci\u00f3n de datos del programa Precios Claros se llev\u00f3 a cabo en tres \u00e9picas diferentes:<\/p>\n\n\n\n<h4 class=\"wp-block-heading\">Discovery<\/h4>\n\n\n\n<p>Esta etapa consisti\u00f3 en entender el procesos que estaba realizando el cliente y se hicieron dos reuniones junto al cliente para captar correctamente las necesidades a abordar.<\/p>\n\n\n\n<h4 class=\"wp-block-heading\">Armado de la infraestructura para el procesamiento<\/h4>\n\n\n\n<p>La principal tarea de esta \u00e9pica fue armar el <strong>workflow en AWS Glue<\/strong> para automatizar el procesamiento. Para esto, se configuraron los roles y gestionaron las claves con el servicio de AWS IAM, se crearon y configuraron <strong>buckets de AWS S3<\/strong> y se crearon jobs en AWS Glue. Adem\u00e1s se desarrollaron los <strong>pipelines ETL sobre AWS Glue<\/strong> y se arm\u00f3 la <strong>arquitectura de datos en Amazon Redshift<\/strong> para dar soporte a las consultas necesarias para los <strong>reportes en PowerBI<\/strong>. Esta etapa culmin\u00f3 con el workflow terminado.<\/p>\n\n\n\n<h4 class=\"wp-block-heading\">Migraci\u00f3n del procesos de scraping a AWS<\/h4>\n\n\n\n<p>Una vez creada la arquitectura era necesario realizar la <strong>migraci\u00f3n del proceso de scraping<\/strong>, que se realiz\u00f3 con \u00e9xito.<\/p>\n\n\n\n<div style=\"height:40px\" aria-hidden=\"true\" class=\"wp-block-spacer\"><\/div>\n<\/div><\/section>\n\n\n\n<section class=\"wp-block-uagb-section uagb-section__wrap uagb-section__background-image uagb-block-65166c0d\"><div class=\"uagb-section__overlay\"><\/div><div class=\"uagb-section__inner-wrap\">\n<div style=\"height:40px\" aria-hidden=\"true\" class=\"wp-block-spacer\"><\/div>\n\n\n\n<div class=\"wp-block-uagb-advanced-heading uagb-block-2a6884cb\"><h2 class=\"uagb-heading-text\">Resultados integrales del proyecto<\/h2><div class=\"uagb-separator-wrap\"><div class=\"uagb-separator\"><\/div><\/div><p class=\"uagb-desc-text\"><\/p><\/div>\n\n\n\n<p>Los resultados del proyecto fueron la <strong>automatizaci\u00f3n del proceso de extracci\u00f3n<\/strong>, la transformaci\u00f3n y el cargado de datos, lo que logr\u00f3 una sustancial reducci\u00f3n de tiempos operativos y la posibilidad de errores por trabajo manual.&nbsp;<\/p>\n\n\n\n<p>Adem\u00e1s, se logr\u00f3 capacitar al personal en<strong> herramientas de AWS <\/strong>que ellos desconoc\u00edan y se los sumergi\u00f3 en el mundo cloud.&nbsp; Durante 3 meses y una vez por semana, se realizaron sesiones de demostraci\u00f3n de la metodolog\u00eda de trabajo y la transferencia de conocimiento. Por \u00faltimo, se realiz\u00f3 la documentaci\u00f3n de todo el workflow para que el equipo de ingenier\u00eda de Molinos R\u00edo de la Plata acceda cuando lo necesite.&nbsp;<\/p>\n\n\n\n<p>La duraci\u00f3n inicial del proyecto era de 1 mes, tiempo en el que se realizaron las tareas descriptas, a\u00fan as\u00ed, el contrato se extendi\u00f3 en dos ocasiones. La primera renovaci\u00f3n se llev\u00f3 a cabo debido a la necesidad de seguir brindando soporte para la <strong>transferencia de conocimiento<\/strong> al personal de Molinos R\u00edo de la Plata. La segunda renovaci\u00f3n se enmarc\u00f3 en un cuadro de investigaci\u00f3n e implementaciones para mejoras de los procesos.&nbsp;<\/p>\n\n\n\n<p>En cuanto a las mejoras de los procesos, los mismos fueron los siguientes:<\/p>\n\n\n\n<ul class=\"wp-block-list\"><li>la implementaci\u00f3n de <strong>Lifecycle de Glacie<\/strong>r;&nbsp;<\/li><li>best practices para que el S3 sea p\u00fablico;&nbsp;<\/li><li>crear un job intermedio que transforme formatos inusuales a utf8;<\/li><li>crear un script de <strong>migraci\u00f3n de CSV a Redshift<\/strong> y crear nueva vista de las t<strong>ablas de AWS Glue<\/strong> y datos hist\u00f3ricos; y<\/li><li>llevar a cabo investigaciones extras para mejorar los procesos en Molinos.<\/li><\/ul>\n\n\n\n<div style=\"height:40px\" aria-hidden=\"true\" class=\"wp-block-spacer\"><\/div>\n\n\n\n<section class=\"wp-block-uagb-section uagb-section__wrap uagb-section__background-undefined uagb-block-41e673dc gray-box\"><div class=\"uagb-section__overlay\"><\/div><div class=\"uagb-section__inner-wrap\">\n<h3 class=\"wp-block-heading\" id=\"h-conclusion\">Conclusi\u00f3n<\/h3>\n\n\n\n<p>El proyecto de DinoCloud con Molinos R\u00edo de la Plata fue un \u00e9xito y se logr\u00f3 la <strong>automatizaci\u00f3n del proceso de extracci\u00f3n de datos<\/strong> del programa Precios Claros, lo que permite tomar decisiones estrat\u00e9gicas m\u00e1s r\u00e1pidamente en un mercado muy competitivo. Ahora, Molinos R\u00edo de la Plata est\u00e1 m\u00e1s involucrado en el mundo cloud y en la <strong>transformaci\u00f3n digital<\/strong> gracias a la experiencia y expertise t\u00e9cnica de DinoCloud.<\/p>\n<\/div><\/section>\n\n\n\n<div style=\"height:40px\" aria-hidden=\"true\" class=\"wp-block-spacer\"><\/div>\n<\/div><\/section>\n\n\n\n<div id=\"contact\" class=\"wp-block-group\"><div class=\"wp-block-group__inner-container is-layout-flow wp-block-group-is-layout-flow\">\n<section class=\"wp-block-uagb-section uagb-section__wrap uagb-section__background-image uagb-block-9e03ffba\" id=\"contact\"><div class=\"uagb-section__overlay\"><\/div><div class=\"uagb-section__inner-wrap\">\n<div style=\"height:40px\" aria-hidden=\"true\" class=\"wp-block-spacer\"><\/div>\n\n\n\n<div class=\"wp-block-uagb-advanced-heading uagb-block-4c2b03b3\"><h2 class=\"uagb-heading-text\">Formulario de contacto<\/h2><div class=\"uagb-separator\"><\/div><\/div>\n\n\n\n<section class=\"wp-block-uagb-section uagb-section__wrap uagb-section__background-none uagb-block-66a90058 uagb-section__background-undefined\" id=\"responsive-form\"><div class=\"uagb-section__overlay\"><\/div><div class=\"uagb-section__inner-wrap\">\n<p>(*) Campos obligatorios<\/p>\n\n\n\n<script charset=\"utf-8\" type=\"text\/javascript\" src=\"\/\/js.hsforms.net\/forms\/embed\/v2.js\"><\/script>\n<script>\n  hbspt.forms.create({\n    region: \"na1\",\n    portalId: \"21668846\",\n    formId: \"5bdf3aad-2db1-400a-921c-950b1af42aa5\"\n  });\n<\/script>\n<\/div><\/section>\n<\/div><\/section>\n<\/div><\/div>\n<style class=\"advgb-styles-renderer\">.advgbbtn-870201b5-e6ae-4aed-8167-b2f05e7e1b59{font-size:18px;color:#fff !important;background-color:#00af66 !important;margin:0px 0px 0px 0px !important;padding:10px 30px 10px 30px;border-width:1px !important;border-style:none;border-radius:50px !important;}.advgbbtn-870201b5-e6ae-4aed-8167-b2f05e7e1b59:hover{box-shadow:1px 1px 12px 0px #ccc;opacity:1;transition:all 0.2s ease;}.advgbbtn-870201b5-e6ae-4aed-8167-b2f05e7e1b59 > i {display: none !important;}.advgbbtn-870201b5-e6ae-4aed-8167-b2f05e7e1b59{font-size:18px;color:#fff !important;background-color:#00af66 !important;margin:0px 0px 0px 0px !important;padding:10px 30px 10px 30px;border-width:1px !important;border-style:none;border-radius:50px !important;}.advgbbtn-870201b5-e6ae-4aed-8167-b2f05e7e1b59:hover{box-shadow:1px 1px 12px 0px #ccc;opacity:1;transition:all 0.2s ease;}.advgbbtn-870201b5-e6ae-4aed-8167-b2f05e7e1b59 > i {display: none !important;}.advgbbtn-870201b5-e6ae-4aed-8167-b2f05e7e1b59{font-size:18px;color:#fff !important;background-color:#00af66 !important;margin:0px 0px 0px 0px !important;padding:10px 30px 10px 30px;border-width:1px !important;border-style:none;border-radius:50px !important;}.advgbbtn-870201b5-e6ae-4aed-8167-b2f05e7e1b59:hover{box-shadow:1px 1px 12px 0px #ccc;opacity:1;transition:all 0.2s ease;}.advgbbtn-870201b5-e6ae-4aed-8167-b2f05e7e1b59 > i {display: none !important;}.advgbbtn-870201b5-e6ae-4aed-8167-b2f05e7e1b59{font-size:18px;color:#fff !important;background-color:#00af66 !important;margin:0px 0px 0px 0px !important;padding:10px 30px 10px 30px;border-width:1px !important;border-style:none;border-radius:50px !important;}.advgbbtn-870201b5-e6ae-4aed-8167-b2f05e7e1b59:hover{box-shadow:1px 1px 12px 0px #ccc;opacity:1;transition:all 0.2s ease;}.advgbbtn-870201b5-e6ae-4aed-8167-b2f05e7e1b59 > i {display: none !important;}<\/style>","protected":false},"excerpt":{"rendered":"","protected":false},"author":18,"featured_media":0,"parent":0,"menu_order":0,"comment_status":"closed","ping_status":"closed","template":"templates\/full-width-page.php","meta":{"content-type":"","_uag_custom_page_level_css":"","advgb_blocks_editor_width":"","advgb_blocks_columns_visual_guide":"","footnotes":""},"class_list":["post-37608","page","type-page","status-publish","hentry"],"acf":[],"yoast_head":"<!-- This site is optimized with the Yoast SEO plugin v26.5 - https:\/\/yoast.com\/wordpress\/plugins\/seo\/ -->\n<title>Molinos R\u00edo de la Plata | DinoCloud<\/title>\n<meta name=\"description\" content=\"Conoce c\u00f3mo DinoCloud y Molinos R\u00edo de la Plata lograron la automatizaci\u00f3n del proceso de extracci\u00f3n de datos en la nube.\" \/>\n<meta name=\"robots\" content=\"index, follow, max-snippet:-1, max-image-preview:large, max-video-preview:-1\" \/>\n<link rel=\"canonical\" href=\"https:\/\/dinocloud.com\/es\/molinos-rio-de-la-plata\/\" \/>\n<meta property=\"og:locale\" content=\"es_ES\" \/>\n<meta property=\"og:type\" content=\"article\" \/>\n<meta property=\"og:title\" content=\"Molinos R\u00edo de la Plata | DinoCloud\" \/>\n<meta property=\"og:description\" content=\"Conoce c\u00f3mo DinoCloud y Molinos R\u00edo de la Plata lograron la automatizaci\u00f3n del proceso de extracci\u00f3n de datos en la nube.\" \/>\n<meta property=\"og:url\" content=\"https:\/\/dinocloud.com\/es\/molinos-rio-de-la-plata\/\" \/>\n<meta property=\"og:site_name\" content=\"DinoCloud\" \/>\n<meta property=\"article:publisher\" content=\"https:\/\/www.facebook.com\/dinocloudcons\" \/>\n<meta property=\"article:modified_time\" content=\"2023-01-20T15:47:00+00:00\" \/>\n<meta property=\"og:image\" content=\"https:\/\/dinocloud.com\/wp-content\/uploads\/Molinos_Logo-1.svg\" \/>\n<meta name=\"twitter:card\" content=\"summary_large_image\" \/>\n<meta name=\"twitter:site\" content=\"@dinocloud_\" \/>\n<meta name=\"twitter:label1\" content=\"Tiempo de lectura\" \/>\n\t<meta name=\"twitter:data1\" content=\"4 minutos\" \/>\n<script type=\"application\/ld+json\" class=\"yoast-schema-graph\">{\"@context\":\"https:\/\/schema.org\",\"@graph\":[{\"@type\":\"WebPage\",\"@id\":\"https:\/\/dinocloud.com\/es\/molinos-rio-de-la-plata\/\",\"url\":\"https:\/\/dinocloud.com\/es\/molinos-rio-de-la-plata\/\",\"name\":\"Molinos R\u00edo de la Plata | DinoCloud\",\"isPartOf\":{\"@id\":\"https:\/\/dinocloud.com\/es\/#website\"},\"primaryImageOfPage\":{\"@id\":\"https:\/\/dinocloud.com\/es\/molinos-rio-de-la-plata\/#primaryimage\"},\"image\":{\"@id\":\"https:\/\/dinocloud.com\/es\/molinos-rio-de-la-plata\/#primaryimage\"},\"thumbnailUrl\":\"https:\/\/dinocloud.com\/wp-content\/uploads\/Molinos_Logo-1.svg\",\"datePublished\":\"2023-01-20T15:14:46+00:00\",\"dateModified\":\"2023-01-20T15:47:00+00:00\",\"description\":\"Conoce c\u00f3mo DinoCloud y Molinos R\u00edo de la Plata lograron la automatizaci\u00f3n del proceso de extracci\u00f3n de datos en la nube.\",\"breadcrumb\":{\"@id\":\"https:\/\/dinocloud.com\/es\/molinos-rio-de-la-plata\/#breadcrumb\"},\"inLanguage\":\"es\",\"potentialAction\":[{\"@type\":\"ReadAction\",\"target\":[\"https:\/\/dinocloud.com\/es\/molinos-rio-de-la-plata\/\"]}]},{\"@type\":\"ImageObject\",\"inLanguage\":\"es\",\"@id\":\"https:\/\/dinocloud.com\/es\/molinos-rio-de-la-plata\/#primaryimage\",\"url\":\"https:\/\/dinocloud.com\/wp-content\/uploads\/Molinos_Logo-1.svg\",\"contentUrl\":\"https:\/\/dinocloud.com\/wp-content\/uploads\/Molinos_Logo-1.svg\"},{\"@type\":\"BreadcrumbList\",\"@id\":\"https:\/\/dinocloud.com\/es\/molinos-rio-de-la-plata\/#breadcrumb\",\"itemListElement\":[{\"@type\":\"ListItem\",\"position\":1,\"name\":\"Home\",\"item\":\"https:\/\/dinocloud.com\/es\/\"},{\"@type\":\"ListItem\",\"position\":2,\"name\":\"Molinos R\u00edo de la Plata\"}]},{\"@type\":\"WebSite\",\"@id\":\"https:\/\/dinocloud.com\/es\/#website\",\"url\":\"https:\/\/dinocloud.com\/es\/\",\"name\":\"DinoCloud\",\"description\":\"cloud computing devops services cloud engineering\",\"publisher\":{\"@id\":\"https:\/\/dinocloud.com\/es\/#organization\"},\"potentialAction\":[{\"@type\":\"SearchAction\",\"target\":{\"@type\":\"EntryPoint\",\"urlTemplate\":\"https:\/\/dinocloud.com\/es\/?s={search_term_string}\"},\"query-input\":{\"@type\":\"PropertyValueSpecification\",\"valueRequired\":true,\"valueName\":\"search_term_string\"}}],\"inLanguage\":\"es\"},{\"@type\":\"Organization\",\"@id\":\"https:\/\/dinocloud.com\/es\/#organization\",\"name\":\"DinoCloud\",\"url\":\"https:\/\/dinocloud.com\/es\/\",\"logo\":{\"@type\":\"ImageObject\",\"inLanguage\":\"es\",\"@id\":\"https:\/\/dinocloud.com\/es\/#\/schema\/logo\/image\/\",\"url\":\"\",\"contentUrl\":\"\",\"caption\":\"DinoCloud\"},\"image\":{\"@id\":\"https:\/\/dinocloud.com\/es\/#\/schema\/logo\/image\/\"},\"sameAs\":[\"https:\/\/www.facebook.com\/dinocloudcons\",\"https:\/\/x.com\/dinocloud_\",\"https:\/\/www.instagram.com\/dinocloud_\/\",\"https:\/\/www.linkedin.com\/company\/dinocloud\",\"https:\/\/www.youtube.com\/c\/DinoCloudConsulting\"]}]}<\/script>\n<!-- \/ Yoast SEO plugin. -->","yoast_head_json":{"title":"Molinos R\u00edo de la Plata | DinoCloud","description":"Conoce c\u00f3mo DinoCloud y Molinos R\u00edo de la Plata lograron la automatizaci\u00f3n del proceso de extracci\u00f3n de datos en la nube.","robots":{"index":"index","follow":"follow","max-snippet":"max-snippet:-1","max-image-preview":"max-image-preview:large","max-video-preview":"max-video-preview:-1"},"canonical":"https:\/\/dinocloud.com\/es\/molinos-rio-de-la-plata\/","og_locale":"es_ES","og_type":"article","og_title":"Molinos R\u00edo de la Plata | DinoCloud","og_description":"Conoce c\u00f3mo DinoCloud y Molinos R\u00edo de la Plata lograron la automatizaci\u00f3n del proceso de extracci\u00f3n de datos en la nube.","og_url":"https:\/\/dinocloud.com\/es\/molinos-rio-de-la-plata\/","og_site_name":"DinoCloud","article_publisher":"https:\/\/www.facebook.com\/dinocloudcons","article_modified_time":"2023-01-20T15:47:00+00:00","og_image":[{"url":"https:\/\/dinocloud.com\/wp-content\/uploads\/Molinos_Logo-1.svg","type":"","width":"","height":""}],"twitter_card":"summary_large_image","twitter_site":"@dinocloud_","twitter_misc":{"Tiempo de lectura":"4 minutos"},"schema":{"@context":"https:\/\/schema.org","@graph":[{"@type":"WebPage","@id":"https:\/\/dinocloud.com\/es\/molinos-rio-de-la-plata\/","url":"https:\/\/dinocloud.com\/es\/molinos-rio-de-la-plata\/","name":"Molinos R\u00edo de la Plata | DinoCloud","isPartOf":{"@id":"https:\/\/dinocloud.com\/es\/#website"},"primaryImageOfPage":{"@id":"https:\/\/dinocloud.com\/es\/molinos-rio-de-la-plata\/#primaryimage"},"image":{"@id":"https:\/\/dinocloud.com\/es\/molinos-rio-de-la-plata\/#primaryimage"},"thumbnailUrl":"https:\/\/dinocloud.com\/wp-content\/uploads\/Molinos_Logo-1.svg","datePublished":"2023-01-20T15:14:46+00:00","dateModified":"2023-01-20T15:47:00+00:00","description":"Conoce c\u00f3mo DinoCloud y Molinos R\u00edo de la Plata lograron la automatizaci\u00f3n del proceso de extracci\u00f3n de datos en la nube.","breadcrumb":{"@id":"https:\/\/dinocloud.com\/es\/molinos-rio-de-la-plata\/#breadcrumb"},"inLanguage":"es","potentialAction":[{"@type":"ReadAction","target":["https:\/\/dinocloud.com\/es\/molinos-rio-de-la-plata\/"]}]},{"@type":"ImageObject","inLanguage":"es","@id":"https:\/\/dinocloud.com\/es\/molinos-rio-de-la-plata\/#primaryimage","url":"https:\/\/dinocloud.com\/wp-content\/uploads\/Molinos_Logo-1.svg","contentUrl":"https:\/\/dinocloud.com\/wp-content\/uploads\/Molinos_Logo-1.svg"},{"@type":"BreadcrumbList","@id":"https:\/\/dinocloud.com\/es\/molinos-rio-de-la-plata\/#breadcrumb","itemListElement":[{"@type":"ListItem","position":1,"name":"Home","item":"https:\/\/dinocloud.com\/es\/"},{"@type":"ListItem","position":2,"name":"Molinos R\u00edo de la Plata"}]},{"@type":"WebSite","@id":"https:\/\/dinocloud.com\/es\/#website","url":"https:\/\/dinocloud.com\/es\/","name":"DinoCloud","description":"cloud computing devops services cloud engineering","publisher":{"@id":"https:\/\/dinocloud.com\/es\/#organization"},"potentialAction":[{"@type":"SearchAction","target":{"@type":"EntryPoint","urlTemplate":"https:\/\/dinocloud.com\/es\/?s={search_term_string}"},"query-input":{"@type":"PropertyValueSpecification","valueRequired":true,"valueName":"search_term_string"}}],"inLanguage":"es"},{"@type":"Organization","@id":"https:\/\/dinocloud.com\/es\/#organization","name":"DinoCloud","url":"https:\/\/dinocloud.com\/es\/","logo":{"@type":"ImageObject","inLanguage":"es","@id":"https:\/\/dinocloud.com\/es\/#\/schema\/logo\/image\/","url":"","contentUrl":"","caption":"DinoCloud"},"image":{"@id":"https:\/\/dinocloud.com\/es\/#\/schema\/logo\/image\/"},"sameAs":["https:\/\/www.facebook.com\/dinocloudcons","https:\/\/x.com\/dinocloud_","https:\/\/www.instagram.com\/dinocloud_\/","https:\/\/www.linkedin.com\/company\/dinocloud","https:\/\/www.youtube.com\/c\/DinoCloudConsulting"]}]}},"uagb_featured_image_src":{"full":false,"thumbnail":false,"medium":false,"medium_large":false,"large":false,"1536x1536":false,"2048x2048":false},"uagb_author_info":{"display_name":"Gonzalo Puig","author_link":"https:\/\/dinocloud.com\/es\/author\/gonzalo\/"},"uagb_comment_info":0,"uagb_excerpt":null,"coauthors":[],"author_meta":{"author_link":"https:\/\/dinocloud.com\/es\/author\/gonzalo\/","display_name":"Gonzalo Puig"},"relative_dates":{"created":"Publicado 3 a\u00f1os hace","modified":"Actualizado 3 a\u00f1os hace"},"absolute_dates":{"created":"Publicado el enero 20, 2023","modified":"Actualizado el enero 20, 2023"},"absolute_dates_time":{"created":"Publicado el enero 20, 2023 3:14 pm","modified":"Actualizado el enero 20, 2023 3:47 pm"},"featured_img_caption":"","featured_img":false,"series_order":"","_links":{"self":[{"href":"https:\/\/dinocloud.com\/es\/wp-json\/wp\/v2\/pages\/37608","targetHints":{"allow":["GET"]}}],"collection":[{"href":"https:\/\/dinocloud.com\/es\/wp-json\/wp\/v2\/pages"}],"about":[{"href":"https:\/\/dinocloud.com\/es\/wp-json\/wp\/v2\/types\/page"}],"author":[{"embeddable":true,"href":"https:\/\/dinocloud.com\/es\/wp-json\/wp\/v2\/users\/18"}],"replies":[{"embeddable":true,"href":"https:\/\/dinocloud.com\/es\/wp-json\/wp\/v2\/comments?post=37608"}],"version-history":[{"count":0,"href":"https:\/\/dinocloud.com\/es\/wp-json\/wp\/v2\/pages\/37608\/revisions"}],"wp:attachment":[{"href":"https:\/\/dinocloud.com\/es\/wp-json\/wp\/v2\/media?parent=37608"}],"curies":[{"name":"wp","href":"https:\/\/api.w.org\/{rel}","templated":true}]}}