{"id":45534,"date":"2024-12-19T13:38:06","date_gmt":"2024-12-19T13:38:06","guid":{"rendered":"https:\/\/dinocloud.com\/?page_id=45534"},"modified":"2025-01-16T19:15:40","modified_gmt":"2025-01-16T19:15:40","slug":"nuestra-cultura","status":"publish","type":"page","link":"https:\/\/dinocloud.com\/es\/nuestra-cultura\/","title":{"rendered":"Nuestra Cultura"},"content":{"rendered":"\n<section class=\"wp-block-uagb-section uagb-section__wrap uagb-section__background-image uagb-block-803f8a54\"><div class=\"uagb-section__overlay\"><\/div><div class=\"uagb-section__inner-wrap\">\n<section class=\"wp-block-uagb-section uagb-section__wrap uagb-section__background-undefined uagb-block-68762b96\"><div class=\"uagb-section__overlay\"><\/div><div class=\"uagb-section__inner-wrap\"><!-- HFCM by 99 Robots - Snippet # 8: No Header -->\n<style type=\"text\/css\" media=\"all\">\r\n.bg_hero { display:none; }\r\n<\/style>\r\n\r\n\n<!-- \/end HFCM by 99 Robots -->\n\n\n\n\n<div style=\"height:50px\" aria-hidden=\"true\" class=\"wp-block-spacer\"><\/div>\n\n\n\n<h2 class=\"wp-block-heading has-text-align-left has-white-color has-text-color\" id=\"h-amazon-web-services\" style=\"font-size:40px;font-style:normal;font-weight:500\">Nuestra Cultura<\/h2>\n\n\n\n<div style=\"height:50px\" aria-hidden=\"true\" class=\"wp-block-spacer\"><\/div>\n<\/div><\/section>\n<\/div><\/section>\n\n\n\n<section class=\"wp-block-uagb-section uagb-section__wrap uagb-section__background-color uagb-block-cd59c1d1\"><div class=\"uagb-section__overlay\"><\/div><div class=\"uagb-section__inner-wrap\">\n<div style=\"height:80px\" aria-hidden=\"true\" class=\"wp-block-spacer\"><\/div>\n\n\n\n<div class=\"wp-block-columns is-layout-flex wp-container-core-columns-is-layout-9d6595d7 wp-block-columns-is-layout-flex\">\n<div class=\"wp-block-column is-layout-flow wp-block-column-is-layout-flow\" style=\"flex-basis:50%\"><div class=\"wp-block-image\">\n<figure class=\"alignright size-full\"><img fetchpriority=\"high\" decoding=\"async\" width=\"2048\" height=\"1356\" src=\"https:\/\/dinocloud.com\/wp-content\/uploads\/ZOE-284-scaled.jpg\" alt=\"\" class=\"wp-image-45562\" srcset=\"https:\/\/dinocloud.com\/wp-content\/uploads\/ZOE-284-scaled.jpg 2048w, https:\/\/dinocloud.com\/wp-content\/uploads\/ZOE-284-650x431.jpg 650w, https:\/\/dinocloud.com\/wp-content\/uploads\/ZOE-284-1024x678.jpg 1024w, https:\/\/dinocloud.com\/wp-content\/uploads\/ZOE-284-768x509.jpg 768w, https:\/\/dinocloud.com\/wp-content\/uploads\/ZOE-284-1536x1017.jpg 1536w\" sizes=\"(max-width: 2048px) 100vw, 2048px\" \/><\/figure>\n<\/div><\/div>\n\n\n\n<div class=\"wp-block-column is-layout-flow wp-block-column-is-layout-flow\" style=\"flex-basis:40%\">\n<p style=\"font-size:18px\">En <strong>DinoCloud<\/strong>, nuestro mayor activo son nuestras personas. Somos m\u00e1s que compa\u00f1eros de trabajo; somos un equipo unido por valores compartidos, respeto mutuo y un compromiso con el crecimiento personal y profesional. Nuestra cultura no es solo algo de lo que hablamos, es algo que vivimos, compartimos y celebramos todos los d\u00edas.<br><br><\/p>\n<\/div>\n<\/div>\n<\/div><\/section>\n\n\n\n<section class=\"wp-block-uagb-section uagb-section__wrap uagb-section__background-undefined uagb-block-315cf583\"><div class=\"uagb-section__overlay\"><\/div><div class=\"uagb-section__inner-wrap\">\n<div style=\"height:60px\" aria-hidden=\"true\" class=\"wp-block-spacer\"><\/div>\n\n\n\n<div class=\"wp-block-uagb-advanced-heading uagb-block-842ba6a2\"><h2 class=\"uagb-heading-text\">Nuestra forma de trabajar<\/h2><div class=\"uagb-separator\"><\/div><\/div>\n\n\n\n<div style=\"height:20px\" aria-hidden=\"true\" class=\"wp-block-spacer\"><\/div>\n\n\n\n<section class=\"wp-block-uagb-columns uagb-columns__wrap uagb-columns__background-image uagb-columns__stack-mobile uagb-columns__valign- uagb-columns__gap-10 align uagb-block-95e749ad uagb-columns__columns-2 uagb-columns__max_width-theme\"><div class=\"uagb-columns__overlay\"><\/div><div class=\"uagb-columns__inner-wrap uagb-columns__columns-2\">\n<div class=\"wp-block-uagb-column uagb-column__wrap uagb-column__background-undefined uagb-block-5e58b04b\"><div class=\"uagb-column__overlay\"><\/div><div class=\"wp-block-image\">\n<figure class=\"aligncenter size-large\"><img decoding=\"async\" width=\"148\" height=\"148\" src=\"https:\/\/dinocloud.com\/wp-content\/uploads\/Icon_Work-life-balance.svg\" alt=\"\" class=\"wp-image-45572\"\/><\/figure>\n<\/div><\/div>\n\n\n\n<div class=\"wp-block-uagb-column uagb-column__wrap uagb-column__background-undefined uagb-block-12a26972\"><div class=\"uagb-column__overlay\"><\/div>\n<p><strong><strong>EQUILIBRIO ENTRE VIDA Y TRABAJO COMO UNA PRIORIDAD<\/strong><\/strong><\/p>\n\n\n\n<p>Este es uno de los pilares principales de nuestra filosof\u00eda. Para nosotros, es importante que puedas articular tus horas de trabajo con el tiempo que dedicas a tu familia, estudios o actividades de bienestar. Por eso, alentamos a los Dinos a mantener este equilibrio y tambi\u00e9n lo consideramos al construir y redefinir nuestras metodolog\u00edas de trabajo.<\/p>\n<\/div>\n<\/div><\/section>\n\n\n\n<section class=\"wp-block-uagb-columns uagb-columns__wrap uagb-columns__background-image uagb-columns__stack-mobile uagb-columns__valign- uagb-columns__gap-10 align uagb-block-80730ccc uagb-columns__columns-2 uagb-columns__max_width-theme\"><div class=\"uagb-columns__overlay\"><\/div><div class=\"uagb-columns__inner-wrap uagb-columns__columns-2\">\n<div class=\"wp-block-uagb-column uagb-column__wrap uagb-column__background-undefined uagb-block-08eee0ac\"><div class=\"uagb-column__overlay\"><\/div><div class=\"wp-block-image\">\n<figure class=\"aligncenter size-large\"><img decoding=\"async\" width=\"148\" height=\"148\" src=\"https:\/\/dinocloud.com\/wp-content\/uploads\/Icon_Remote-work.svg\" alt=\"\" class=\"wp-image-45571\"\/><\/figure>\n<\/div><\/div>\n\n\n\n<div class=\"wp-block-uagb-column uagb-column__wrap uagb-column__background-undefined uagb-block-bdb38afb\"><div class=\"uagb-column__overlay\"><\/div>\n<p><strong><strong>FOMENTANDO UNA CULTURA REMOTA<\/strong><\/strong><\/p>\n\n\n\n<p>Es un objetivo clave en el que trabajamos este a\u00f1o. Aunque nos encanta tener reuniones presenciales y actividades de integraci\u00f3n de equipo, estamos comprometidos con desarrollar un camino saludable hacia la adopci\u00f3n de mejores pr\u00e1cticas en trabajo remoto. Nuestro objetivo es que, en el futuro, tengamos una relaci\u00f3n completamente remota con nuestro equipo, permiti\u00e9ndoles trabajar desde cualquier lugar que elijan como su oficina.<\/p>\n<\/div>\n<\/div><\/section>\n\n\n\n<div style=\"height:100px\" aria-hidden=\"true\" class=\"wp-block-spacer\"><\/div>\n\n\n\n<div class=\"wp-block-uagb-advanced-heading uagb-block-a54d363c\"><h2 class=\"uagb-heading-text\">Descubre nuestra web <\/h2><div class=\"uagb-separator\"><\/div><\/div>\n\n\n\n<div class=\"wp-block-columns is-layout-flex wp-container-core-columns-is-layout-9d6595d7 wp-block-columns-is-layout-flex\">\n<div class=\"wp-block-column is-vertically-aligned-center box-border is-layout-flow wp-block-column-is-layout-flow\">\n<section class=\"wp-block-uagb-section uagb-section__wrap uagb-section__background-none uagb-block-a6c815e8\"><div class=\"uagb-section__overlay\"><\/div><div class=\"uagb-section__inner-wrap\">\n<h3 class=\"wp-block-heading has-text-align-center letter-spacing-normal\" id=\"h-what-does-dinocloud-do\" style=\"font-size:23px\">DinoCloud<\/h3>\n\n\n\n<div style=\"height:10px\" aria-hidden=\"true\" class=\"wp-block-spacer\"><\/div>\n\n\n\n<div class=\"wp-block-group is-content-justification-center is-layout-flex wp-container-core-group-is-layout-19578e90 wp-block-group-is-layout-flex\">\n<p class=\"read-more-button\"><a href=\"https:\/\/dinocloud.com\/es\/sobre-nosotros\/\">Sobre nosotros<\/a><\/p>\n<\/div>\n<\/div><\/section>\n<\/div>\n\n\n\n<div class=\"wp-block-column box-border is-layout-flow wp-block-column-is-layout-flow\">\n<section class=\"wp-block-uagb-section uagb-section__wrap uagb-section__background-none uagb-block-7b3f2c3e\"><div class=\"uagb-section__overlay\"><\/div><div class=\"uagb-section__inner-wrap\">\n<h3 class=\"wp-block-heading has-text-align-center letter-spacing-normal\" id=\"h-want-to-work-with-us\" style=\"font-size:23px\"><strong>\u00bf<\/strong>Quer\u00e9s trabajar en Dino?<\/h3>\n\n\n\n<div style=\"height:10px\" aria-hidden=\"true\" class=\"wp-block-spacer\"><\/div>\n\n\n\n<div class=\"wp-block-group is-content-justification-center is-layout-flex wp-container-core-group-is-layout-19578e90 wp-block-group-is-layout-flex\">\n<p class=\"read-more-button\"><a href=\"https:\/\/dinocloud.com\/es\/trabaja-con-nosotros\/\">Sumate al equipo<\/a><\/p>\n<\/div>\n<\/div><\/section>\n<\/div>\n\n\n\n<div class=\"wp-block-column box-border is-layout-flow wp-block-column-is-layout-flow\">\n<section class=\"wp-block-uagb-section uagb-section__wrap uagb-section__background-none uagb-block-f76511f1\"><div class=\"uagb-section__overlay\"><\/div><div class=\"uagb-section__inner-wrap\">\n<h3 class=\"wp-block-heading has-text-align-center letter-spacing-normal\" id=\"h-want-to-see-more-content\" style=\"font-size:23px\"><strong>Descubre DinoImpact<\/strong><\/h3>\n\n\n\n<div style=\"height:10px\" aria-hidden=\"true\" class=\"wp-block-spacer\"><\/div>\n\n\n\n<div class=\"wp-block-group is-content-justification-center is-layout-flex wp-container-core-group-is-layout-19578e90 wp-block-group-is-layout-flex\">\n<p class=\"read-more-button\"><a href=\"https:\/\/dinocloud.com\/es\/dinoimpact\/\">DinoImpact<\/a><\/p>\n<\/div>\n<\/div><\/section>\n<\/div>\n<\/div>\n\n\n\n<div style=\"height:39px\" aria-hidden=\"true\" class=\"wp-block-spacer\"><\/div>\n<\/div><\/section>\n\n\n\n<div id=\"contact\" class=\"wp-block-group\"><div class=\"wp-block-group__inner-container is-layout-flow wp-block-group-is-layout-flow\">\n<section class=\"wp-block-uagb-section uagb-section__wrap uagb-section__background-image uagb-block-9e03ffba\" id=\"contact\"><div class=\"uagb-section__overlay\"><\/div><div class=\"uagb-section__inner-wrap\">\n<div style=\"height:40px\" aria-hidden=\"true\" class=\"wp-block-spacer\"><\/div>\n\n\n\n<div class=\"wp-block-uagb-advanced-heading uagb-block-4c2b03b3\"><h2 class=\"uagb-heading-text\">Formulario de contacto<\/h2><div class=\"uagb-separator\"><\/div><\/div>\n\n\n\n<section class=\"wp-block-uagb-section uagb-section__wrap uagb-section__background-none uagb-block-66a90058 uagb-section__background-undefined\" id=\"responsive-form\"><div class=\"uagb-section__overlay\"><\/div><div class=\"uagb-section__inner-wrap\">\n<p>(*) Campos obligatorios<\/p>\n\n\n\n<script charset=\"utf-8\" type=\"text\/javascript\" src=\"\/\/js.hsforms.net\/forms\/embed\/v2.js\"><\/script>\n<script>\n  hbspt.forms.create({\n    region: \"na1\",\n    portalId: \"21668846\",\n    formId: \"5bdf3aad-2db1-400a-921c-950b1af42aa5\"\n  });\n<\/script>\n<\/div><\/section>\n<\/div><\/section>\n<\/div><\/div>\n","protected":false},"excerpt":{"rendered":"","protected":false},"author":14,"featured_media":0,"parent":0,"menu_order":0,"comment_status":"closed","ping_status":"closed","template":"templates\/full-width-page.php","meta":{"content-type":"","_uag_custom_page_level_css":"","advgb_blocks_editor_width":"","advgb_blocks_columns_visual_guide":"","footnotes":""},"class_list":["post-45534","page","type-page","status-publish","hentry"],"acf":[],"yoast_head":"<!-- This site is optimized with the Yoast SEO plugin v26.5 - https:\/\/yoast.com\/wordpress\/plugins\/seo\/ -->\n<title>Nuestra Cultura | DinoCloud<\/title>\n<meta name=\"description\" content=\"Descubre el coraz\u00f3n de DinoCloud: un equipo impulsado por valores compartidos, respeto mutuo y una pasi\u00f3n por el crecimiento personal y profesional. Vive una cultura que practicamos, compartimos y celebramos cada d\u00eda.\" \/>\n<meta name=\"robots\" content=\"index, follow, max-snippet:-1, max-image-preview:large, max-video-preview:-1\" \/>\n<link rel=\"canonical\" href=\"https:\/\/dinocloud.com\/es\/nuestra-cultura\/\" \/>\n<meta property=\"og:locale\" content=\"es_ES\" \/>\n<meta property=\"og:type\" content=\"article\" \/>\n<meta property=\"og:title\" content=\"Nuestra Cultura | DinoCloud\" \/>\n<meta property=\"og:description\" content=\"Descubre el coraz\u00f3n de DinoCloud: un equipo impulsado por valores compartidos, respeto mutuo y una pasi\u00f3n por el crecimiento personal y profesional. Vive una cultura que practicamos, compartimos y celebramos cada d\u00eda.\" \/>\n<meta property=\"og:url\" content=\"https:\/\/dinocloud.com\/es\/nuestra-cultura\/\" \/>\n<meta property=\"og:site_name\" content=\"DinoCloud\" \/>\n<meta property=\"article:publisher\" content=\"https:\/\/www.facebook.com\/dinocloudcons\" \/>\n<meta property=\"article:modified_time\" content=\"2025-01-16T19:15:40+00:00\" \/>\n<meta property=\"og:image\" content=\"https:\/\/dinocloud.com\/wp-content\/uploads\/ZOE-284-scaled.jpg\" \/>\n\t<meta property=\"og:image:width\" content=\"2048\" \/>\n\t<meta property=\"og:image:height\" content=\"1356\" \/>\n\t<meta property=\"og:image:type\" content=\"image\/jpeg\" \/>\n<meta name=\"twitter:card\" content=\"summary_large_image\" \/>\n<meta name=\"twitter:site\" content=\"@dinocloud_\" \/>\n<meta name=\"twitter:label1\" content=\"Tiempo de lectura\" \/>\n\t<meta name=\"twitter:data1\" content=\"3 minutos\" \/>\n<script type=\"application\/ld+json\" class=\"yoast-schema-graph\">{\"@context\":\"https:\/\/schema.org\",\"@graph\":[{\"@type\":\"WebPage\",\"@id\":\"https:\/\/dinocloud.com\/es\/nuestra-cultura\/\",\"url\":\"https:\/\/dinocloud.com\/es\/nuestra-cultura\/\",\"name\":\"Nuestra Cultura | DinoCloud\",\"isPartOf\":{\"@id\":\"https:\/\/dinocloud.com\/es\/#website\"},\"primaryImageOfPage\":{\"@id\":\"https:\/\/dinocloud.com\/es\/nuestra-cultura\/#primaryimage\"},\"image\":{\"@id\":\"https:\/\/dinocloud.com\/es\/nuestra-cultura\/#primaryimage\"},\"thumbnailUrl\":\"https:\/\/dinocloud.com\/wp-content\/uploads\/ZOE-284-scaled.jpg\",\"datePublished\":\"2024-12-19T13:38:06+00:00\",\"dateModified\":\"2025-01-16T19:15:40+00:00\",\"description\":\"Descubre el coraz\u00f3n de DinoCloud: un equipo impulsado por valores compartidos, respeto mutuo y una pasi\u00f3n por el crecimiento personal y profesional. Vive una cultura que practicamos, compartimos y celebramos cada d\u00eda.\",\"breadcrumb\":{\"@id\":\"https:\/\/dinocloud.com\/es\/nuestra-cultura\/#breadcrumb\"},\"inLanguage\":\"es\",\"potentialAction\":[{\"@type\":\"ReadAction\",\"target\":[\"https:\/\/dinocloud.com\/es\/nuestra-cultura\/\"]}]},{\"@type\":\"ImageObject\",\"inLanguage\":\"es\",\"@id\":\"https:\/\/dinocloud.com\/es\/nuestra-cultura\/#primaryimage\",\"url\":\"https:\/\/dinocloud.com\/wp-content\/uploads\/ZOE-284-scaled.jpg\",\"contentUrl\":\"https:\/\/dinocloud.com\/wp-content\/uploads\/ZOE-284-scaled.jpg\"},{\"@type\":\"BreadcrumbList\",\"@id\":\"https:\/\/dinocloud.com\/es\/nuestra-cultura\/#breadcrumb\",\"itemListElement\":[{\"@type\":\"ListItem\",\"position\":1,\"name\":\"Home\",\"item\":\"https:\/\/dinocloud.com\/es\/\"},{\"@type\":\"ListItem\",\"position\":2,\"name\":\"Nuestra Cultura\"}]},{\"@type\":\"WebSite\",\"@id\":\"https:\/\/dinocloud.com\/es\/#website\",\"url\":\"https:\/\/dinocloud.com\/es\/\",\"name\":\"DinoCloud\",\"description\":\"cloud computing devops services cloud engineering\",\"publisher\":{\"@id\":\"https:\/\/dinocloud.com\/es\/#organization\"},\"potentialAction\":[{\"@type\":\"SearchAction\",\"target\":{\"@type\":\"EntryPoint\",\"urlTemplate\":\"https:\/\/dinocloud.com\/es\/?s={search_term_string}\"},\"query-input\":{\"@type\":\"PropertyValueSpecification\",\"valueRequired\":true,\"valueName\":\"search_term_string\"}}],\"inLanguage\":\"es\"},{\"@type\":\"Organization\",\"@id\":\"https:\/\/dinocloud.com\/es\/#organization\",\"name\":\"DinoCloud\",\"url\":\"https:\/\/dinocloud.com\/es\/\",\"logo\":{\"@type\":\"ImageObject\",\"inLanguage\":\"es\",\"@id\":\"https:\/\/dinocloud.com\/es\/#\/schema\/logo\/image\/\",\"url\":\"\",\"contentUrl\":\"\",\"caption\":\"DinoCloud\"},\"image\":{\"@id\":\"https:\/\/dinocloud.com\/es\/#\/schema\/logo\/image\/\"},\"sameAs\":[\"https:\/\/www.facebook.com\/dinocloudcons\",\"https:\/\/x.com\/dinocloud_\",\"https:\/\/www.instagram.com\/dinocloud_\/\",\"https:\/\/www.linkedin.com\/company\/dinocloud\",\"https:\/\/www.youtube.com\/c\/DinoCloudConsulting\"]}]}<\/script>\n<!-- \/ Yoast SEO plugin. -->","yoast_head_json":{"title":"Nuestra Cultura | DinoCloud","description":"Descubre el coraz\u00f3n de DinoCloud: un equipo impulsado por valores compartidos, respeto mutuo y una pasi\u00f3n por el crecimiento personal y profesional. Vive una cultura que practicamos, compartimos y celebramos cada d\u00eda.","robots":{"index":"index","follow":"follow","max-snippet":"max-snippet:-1","max-image-preview":"max-image-preview:large","max-video-preview":"max-video-preview:-1"},"canonical":"https:\/\/dinocloud.com\/es\/nuestra-cultura\/","og_locale":"es_ES","og_type":"article","og_title":"Nuestra Cultura | DinoCloud","og_description":"Descubre el coraz\u00f3n de DinoCloud: un equipo impulsado por valores compartidos, respeto mutuo y una pasi\u00f3n por el crecimiento personal y profesional. Vive una cultura que practicamos, compartimos y celebramos cada d\u00eda.","og_url":"https:\/\/dinocloud.com\/es\/nuestra-cultura\/","og_site_name":"DinoCloud","article_publisher":"https:\/\/www.facebook.com\/dinocloudcons","article_modified_time":"2025-01-16T19:15:40+00:00","og_image":[{"width":2048,"height":1356,"url":"https:\/\/dinocloud.com\/wp-content\/uploads\/ZOE-284-scaled.jpg","type":"image\/jpeg"}],"twitter_card":"summary_large_image","twitter_site":"@dinocloud_","twitter_misc":{"Tiempo de lectura":"3 minutos"},"schema":{"@context":"https:\/\/schema.org","@graph":[{"@type":"WebPage","@id":"https:\/\/dinocloud.com\/es\/nuestra-cultura\/","url":"https:\/\/dinocloud.com\/es\/nuestra-cultura\/","name":"Nuestra Cultura | DinoCloud","isPartOf":{"@id":"https:\/\/dinocloud.com\/es\/#website"},"primaryImageOfPage":{"@id":"https:\/\/dinocloud.com\/es\/nuestra-cultura\/#primaryimage"},"image":{"@id":"https:\/\/dinocloud.com\/es\/nuestra-cultura\/#primaryimage"},"thumbnailUrl":"https:\/\/dinocloud.com\/wp-content\/uploads\/ZOE-284-scaled.jpg","datePublished":"2024-12-19T13:38:06+00:00","dateModified":"2025-01-16T19:15:40+00:00","description":"Descubre el coraz\u00f3n de DinoCloud: un equipo impulsado por valores compartidos, respeto mutuo y una pasi\u00f3n por el crecimiento personal y profesional. Vive una cultura que practicamos, compartimos y celebramos cada d\u00eda.","breadcrumb":{"@id":"https:\/\/dinocloud.com\/es\/nuestra-cultura\/#breadcrumb"},"inLanguage":"es","potentialAction":[{"@type":"ReadAction","target":["https:\/\/dinocloud.com\/es\/nuestra-cultura\/"]}]},{"@type":"ImageObject","inLanguage":"es","@id":"https:\/\/dinocloud.com\/es\/nuestra-cultura\/#primaryimage","url":"https:\/\/dinocloud.com\/wp-content\/uploads\/ZOE-284-scaled.jpg","contentUrl":"https:\/\/dinocloud.com\/wp-content\/uploads\/ZOE-284-scaled.jpg"},{"@type":"BreadcrumbList","@id":"https:\/\/dinocloud.com\/es\/nuestra-cultura\/#breadcrumb","itemListElement":[{"@type":"ListItem","position":1,"name":"Home","item":"https:\/\/dinocloud.com\/es\/"},{"@type":"ListItem","position":2,"name":"Nuestra Cultura"}]},{"@type":"WebSite","@id":"https:\/\/dinocloud.com\/es\/#website","url":"https:\/\/dinocloud.com\/es\/","name":"DinoCloud","description":"cloud computing devops services cloud engineering","publisher":{"@id":"https:\/\/dinocloud.com\/es\/#organization"},"potentialAction":[{"@type":"SearchAction","target":{"@type":"EntryPoint","urlTemplate":"https:\/\/dinocloud.com\/es\/?s={search_term_string}"},"query-input":{"@type":"PropertyValueSpecification","valueRequired":true,"valueName":"search_term_string"}}],"inLanguage":"es"},{"@type":"Organization","@id":"https:\/\/dinocloud.com\/es\/#organization","name":"DinoCloud","url":"https:\/\/dinocloud.com\/es\/","logo":{"@type":"ImageObject","inLanguage":"es","@id":"https:\/\/dinocloud.com\/es\/#\/schema\/logo\/image\/","url":"","contentUrl":"","caption":"DinoCloud"},"image":{"@id":"https:\/\/dinocloud.com\/es\/#\/schema\/logo\/image\/"},"sameAs":["https:\/\/www.facebook.com\/dinocloudcons","https:\/\/x.com\/dinocloud_","https:\/\/www.instagram.com\/dinocloud_\/","https:\/\/www.linkedin.com\/company\/dinocloud","https:\/\/www.youtube.com\/c\/DinoCloudConsulting"]}]}},"uagb_featured_image_src":{"full":false,"thumbnail":false,"medium":false,"medium_large":false,"large":false,"1536x1536":false,"2048x2048":false},"uagb_author_info":{"display_name":"Matias Vega","author_link":"https:\/\/dinocloud.com\/es\/author\/matias-vega\/"},"uagb_comment_info":0,"uagb_excerpt":null,"coauthors":[],"author_meta":{"author_link":"https:\/\/dinocloud.com\/es\/author\/matias-vega\/","display_name":"Matias Vega"},"relative_dates":{"created":"Publicado 1 a\u00f1o hace","modified":"Actualizado 1 a\u00f1o hace"},"absolute_dates":{"created":"Publicado el diciembre 19, 2024","modified":"Actualizado el enero 16, 2025"},"absolute_dates_time":{"created":"Publicado el diciembre 19, 2024 1:38 pm","modified":"Actualizado el enero 16, 2025 7:15 pm"},"featured_img_caption":"","featured_img":false,"series_order":"","_links":{"self":[{"href":"https:\/\/dinocloud.com\/es\/wp-json\/wp\/v2\/pages\/45534","targetHints":{"allow":["GET"]}}],"collection":[{"href":"https:\/\/dinocloud.com\/es\/wp-json\/wp\/v2\/pages"}],"about":[{"href":"https:\/\/dinocloud.com\/es\/wp-json\/wp\/v2\/types\/page"}],"author":[{"embeddable":true,"href":"https:\/\/dinocloud.com\/es\/wp-json\/wp\/v2\/users\/14"}],"replies":[{"embeddable":true,"href":"https:\/\/dinocloud.com\/es\/wp-json\/wp\/v2\/comments?post=45534"}],"version-history":[{"count":0,"href":"https:\/\/dinocloud.com\/es\/wp-json\/wp\/v2\/pages\/45534\/revisions"}],"wp:attachment":[{"href":"https:\/\/dinocloud.com\/es\/wp-json\/wp\/v2\/media?parent=45534"}],"curies":[{"name":"wp","href":"https:\/\/api.w.org\/{rel}","templated":true}]}}